{"id":1245,"date":"2023-12-14T09:40:32","date_gmt":"2023-12-14T09:40:32","guid":{"rendered":"https:\/\/konigiberica.com\/?page_id=1245"},"modified":"2024-01-04T15:52:25","modified_gmt":"2024-01-04T15:52:25","slug":"aviso-legal","status":"publish","type":"page","link":"https:\/\/konigiberica.com\/ca\/aviso-legal\/","title":{"rendered":"Av\u00eds Legal"},"content":{"rendered":"<div data-elementor-type=\"wp-page\" data-elementor-id=\"1245\" class=\"elementor elementor-1245\" data-elementor-post-type=\"page\">\n\t\t\t\t\t\t<section class=\"elementor-section elementor-top-section elementor-element elementor-element-6d327bb elementor-section-height-min-height elementor-section-boxed elementor-section-height-default elementor-section-items-middle wpr-particle-no wpr-jarallax-no wpr-parallax-no wpr-sticky-section-no\" data-id=\"6d327bb\" data-element_type=\"section\" data-e-type=\"section\" data-settings=\"{&quot;background_background&quot;:&quot;classic&quot;}\">\n\t\t\t\t\t\t\t<div class=\"elementor-background-overlay\"><\/div>\n\t\t\t\t\t\t\t<div class=\"elementor-container elementor-column-gap-default\">\n\t\t\t\t\t<div class=\"elementor-column elementor-col-100 elementor-top-column elementor-element elementor-element-209d2d1\" data-id=\"209d2d1\" data-element_type=\"column\" data-e-type=\"column\">\n\t\t\t<div class=\"elementor-widget-wrap elementor-element-populated\">\n\t\t\t\t\t\t<div class=\"elementor-element elementor-element-5d664e2 elementor-icon-list--layout-inline elementor-align-center elementor-list-item-link-full_width de_scroll_animation_no elementor-invisible elementor-widget elementor-widget-icon-list\" data-id=\"5d664e2\" data-element_type=\"widget\" data-e-type=\"widget\" data-settings=\"{&quot;_animation&quot;:&quot;fadeIn&quot;,&quot;_animation_delay&quot;:200}\" data-widget_type=\"icon-list.default\">\n\t\t\t\t<div class=\"elementor-widget-container\">\n\t\t\t\t\t\t\t<ul class=\"elementor-icon-list-items elementor-inline-items\">\n\t\t\t\t\t\t\t<li class=\"elementor-icon-list-item elementor-inline-item\">\n\t\t\t\t\t\t\t\t\t\t\t<a href=\"https:\/\/konigiberica.com\/ca\">\n\n\t\t\t\t\t\t\t\t\t\t\t<span class=\"elementor-icon-list-text\">INICI<\/span>\n\t\t\t\t\t\t\t\t\t\t\t<\/a>\n\t\t\t\t\t\t\t\t\t<\/li>\n\t\t\t\t\t\t\t\t<li class=\"elementor-icon-list-item elementor-inline-item\">\n\t\t\t\t\t\t\t\t\t\t\t<span class=\"elementor-icon-list-icon\">\n\t\t\t\t\t\t\t<svg aria-hidden=\"true\" class=\"e-font-icon-svg e-fas-square-full\" viewbox=\"0 0 512 512\" xmlns=\"http:\/\/www.w3.org\/2000\/svg\"><path d=\"M512 512H0V0h512v512z\"><\/path><\/svg>\t\t\t\t\t\t<\/span>\n\t\t\t\t\t\t\t\t\t\t<span class=\"elementor-icon-list-text\"><\/span>\n\t\t\t\t\t\t\t\t\t<\/li>\n\t\t\t\t\t\t<\/ul>\n\t\t\t\t\t\t<\/div>\n\t\t\t\t<\/div>\n\t\t\t\t\t<\/div>\n\t\t<\/div>\n\t\t\t\t\t<\/div>\n\t\t<\/section>\n\t\t\t\t<section class=\"elementor-section elementor-top-section elementor-element elementor-element-4fb3e1fa elementor-reverse-mobile elementor-reverse-tablet elementor-section-boxed elementor-section-height-default elementor-section-height-default wpr-particle-no wpr-jarallax-no wpr-parallax-no wpr-sticky-section-no\" data-id=\"4fb3e1fa\" data-element_type=\"section\" data-e-type=\"section\">\n\t\t\t\t\t\t<div class=\"elementor-container elementor-column-gap-default\">\n\t\t\t\t\t<div class=\"elementor-column elementor-col-100 elementor-top-column elementor-element elementor-element-1d9d757a\" data-id=\"1d9d757a\" data-element_type=\"column\" data-e-type=\"column\">\n\t\t\t<div class=\"elementor-widget-wrap elementor-element-populated\">\n\t\t\t\t\t\t<div class=\"elementor-element elementor-element-1c687800 de_scroll_animation_no elementor-invisible elementor-widget elementor-widget-text-editor\" data-id=\"1c687800\" data-element_type=\"widget\" data-e-type=\"widget\" data-settings=\"{&quot;_animation&quot;:&quot;fadeIn&quot;,&quot;_animation_delay&quot;:400}\" data-widget_type=\"text-editor.default\">\n\t\t\t\t<div class=\"elementor-widget-container\">\n\t\t\t\t\t\t\t\t\t<p>De conformitat amb la Llei 34\/2002, de Serveis de la Societat de la Informaci\u00f3 i de Comer\u00e7 Electr\u00f2nic, us informem que aquesta web \u00e9s titularitat de HEINRICH KONIG IBERICA, SL, (d&#039;ara endavant \u201cEL TITULAR\u201d), amb CIF: B08763120, amb domicili a Avda. Europa, 13 \u2013 Granollers.<\/p><p>\u00a0<\/p><p class=\"titol text-bold text-uppercase\"><strong>PROPIETAT INTEL\u00b7LECTUAL I INDUSTRIAL<\/strong><\/p><p>Els continguts d&#039;aquest lloc, incloent-hi els textos, imatges i dissenys gr\u00e0fics, pertanyen a EL TITULAR, oa tercers que n&#039;han autoritzat l&#039;\u00fas. EL TITULAR presenta aquests continguts amb finalitats dinformaci\u00f3 i promoci\u00f3. EL TITULAR n&#039;autoritza la utilitzaci\u00f3 exclusivament amb aquestes finalitats. Qualsevol utilitzaci\u00f3 d&#039;aquests dissenys, imatges o textos haur\u00e0 de citar expressament la seva pertinen\u00e7a a EL TITULAR, que es reserva el dret a iniciar les accions legals oportunes per reparar els danys i els perjudicis causats per qualsevol acte que vulneri els seus drets de propietat intel\u00b7lectual o industrial.<\/p><p>\u00a0<\/p><p class=\"titol text-bold text-uppercase\"><strong>EXCLUSI\u00d3 DE RESPONSABILITAT<\/strong><\/p><p>EL TITULAR actua amb la m\u00e0xima dilig\u00e8ncia possible perqu\u00e8 les dades i la informaci\u00f3 que ofereix al vostre lloc web estigui actualitzada en tom moment, si b\u00e9 no garanteix ni es fa responsable de l&#039;exactitud i actualitzaci\u00f3 dels continguts del lloc web, reservant-se el dret a modificar aquests continguts en qualsevol moment. EL TITULAR tampoc no ser\u00e0 responsable de la informaci\u00f3 que es pugui obtenir a trav\u00e9s d&#039;enlla\u00e7os inclosos al lloc web.<\/p><p>Les relacions comercials amb els clients es regeixen per les Condicions Generals que, si s&#039;escau, el TITULAR estableixi en un document espec\u00edfic a aquest efecte, o pels pactes concrets que es puguin acordar amb els clients.<\/p><p>\u00a0<\/p><p class=\"titol text-bold text-uppercase\"><strong>CONDICIONS D&#039;\u00daS<\/strong><\/p><p>L\u00b4\u00fas d\u00b4aquest lloc web implica l\u00b4acceptaci\u00f3 plena dels termes del present av\u00eds legal. Els possibles conflictes relatius a aquest lloc web es regiran exclusivament pel dret de l&#039;Estat Espanyol. Tota persona usu\u00e0ria de la web, independentment de la jurisdicci\u00f3 territorial des de la qual es produeixi el seu acc\u00e9s, accepta el compliment i respecte d&#039;aquestes cl\u00e0usules amb ren\u00fancia expressa a qualsevol altre fur que li pogu\u00e9s correspondre.<\/p>\t\t\t\t\t\t\t\t<\/div>\n\t\t\t\t<\/div>\n\t\t\t\t\t<\/div>\n\t\t<\/div>\n\t\t\t\t\t<\/div>\n\t\t<\/section>\n\t\t\t\t<\/div>","protected":false},"excerpt":{"rendered":"<p>INICIO De conformidad con la Ley 34\/2002, de Servicios de la Sociedad de la Informaci\u00f3n y de Comercio Electr\u00f3nico, le informamos que esta web es titularidad de HEINRICH KONIG IBERICA, S.L, (en adelante \u201cEL TITULAR\u201d), con CIF: B08763120, con domicilio en Avda. Europa, 13 &#8211; Granollers. \u00a0 PROPIEDAD INTELECTUAL E INDUSTRIAL Los contenidos de este sitio, incluyendo los textos, im\u00e1genes y dise\u00f1os gr\u00e1ficos, pertenecen a EL TITULAR, o a terceros que han autorizado su uso. EL TITULAR presenta estos contenidos con fines de informaci\u00f3n y promoci\u00f3n. EL TITULAR autoriza su utilizaci\u00f3n exclusivamente con estas finalidades. Cualquier utilizaci\u00f3n de estos dise\u00f1os, im\u00e1genes o textos deber\u00e1 citar expresamente su pertenencia a EL TITULAR, quien se reserva el derecho a iniciar las acciones legales oportunas para reparar los da\u00f1os y perjuicios causados por cualquier acto que vulnere sus derechos de propiedad intelectual o industrial. \u00a0 EXCLUSI\u00d3N DE RESPONSABILIDAD EL TITULAR act\u00faa con la m\u00e1xima diligencia posible para que los datos y la informaci\u00f3n que ofrece en su sitio web est\u00e9 actualizada en tomo momento, si bien no garantiza ni se hace responsable de la exactitud y actualizaci\u00f3n de los contenidos del sitio web, reserv\u00e1ndose el derecho a modificar dichos contenidos en cualquier momento. EL TITULAR tampoco ser\u00e1 responsable de la informaci\u00f3n que se pueda obtener a trav\u00e9s de enlaces incluidos en el sitio web. Las relaciones comerciales con los clientes se regir\u00e1n por las Condiciones Generales que, en su caso, se establezcan por EL TITULAR en un documento espec\u00edfico a tal efecto, o por los pactos concretos que pudieran acordarse con los clientes. \u00a0 CONDICIONES DE USO El uso de este sitio web implica la aceptaci\u00f3n plena de los t\u00e9rminos del presente aviso legal. Los posibles conflictos relativos a esta web se regir\u00e1n exclusivamente por el derecho del Estado Espa\u00f1ol. Toda persona usuaria de la web, independientemente de la jurisdicci\u00f3n territorial desde la cual se produzca su acceso, acepta el cumplimiento y respeto de estas cl\u00e1usulas con renuncia expresa a cualquier otro fuero que pudiera corresponderle.<\/p>","protected":false},"author":1,"featured_media":0,"parent":0,"menu_order":0,"comment_status":"closed","ping_status":"closed","template":"page-templates\/template-pagebuilder-full-width.php","meta":{"neve_meta_sidebar":"","neve_meta_container":"","neve_meta_enable_content_width":"off","neve_meta_content_width":100,"neve_meta_title_alignment":"","neve_meta_author_avatar":"","neve_post_elements_order":"","neve_meta_disable_header":"","neve_meta_disable_footer":"","neve_meta_disable_title":"","neve_meta_reading_time":"","footnotes":""},"class_list":["post-1245","page","type-page","status-publish","hentry"],"yoast_head":"<!-- This site is optimized with the Yoast SEO plugin v26.9 - https:\/\/yoast.com\/product\/yoast-seo-wordpress\/ -->\n<title>Aviso Legal- konigiberica<\/title>\n<meta name=\"robots\" content=\"index, follow, max-snippet:-1, max-image-preview:large, max-video-preview:-1\" \/>\n<link rel=\"canonical\" href=\"https:\/\/konigiberica.com\/ca\/aviso-legal\/\" \/>\n<meta property=\"og:locale\" content=\"ca_ES\" \/>\n<meta property=\"og:type\" content=\"article\" \/>\n<meta property=\"og:title\" content=\"Aviso Legal- konigiberica\" \/>\n<meta property=\"og:description\" content=\"INICIO De conformidad con la Ley 34\/2002, de Servicios de la Sociedad de la Informaci\u00f3n y de Comercio Electr\u00f3nico, le informamos que esta web es titularidad de HEINRICH KONIG IBERICA, S.L, (en adelante \u201cEL TITULAR\u201d), con CIF: B08763120, con domicilio en Avda. Europa, 13 &#8211; Granollers. \u00a0 PROPIEDAD INTELECTUAL E INDUSTRIAL Los contenidos de este sitio, incluyendo los textos, im\u00e1genes y dise\u00f1os gr\u00e1ficos, pertenecen a EL TITULAR, o a terceros que han autorizado su uso. EL TITULAR presenta estos contenidos con fines de informaci\u00f3n y promoci\u00f3n. EL TITULAR autoriza su utilizaci\u00f3n exclusivamente con estas finalidades. Cualquier utilizaci\u00f3n de estos dise\u00f1os, im\u00e1genes o textos deber\u00e1 citar expresamente su pertenencia a EL TITULAR, quien se reserva el derecho a iniciar las acciones legales oportunas para reparar los da\u00f1os y perjuicios causados por cualquier acto que vulnere sus derechos de propiedad intelectual o industrial. \u00a0 EXCLUSI\u00d3N DE RESPONSABILIDAD EL TITULAR act\u00faa con la m\u00e1xima diligencia posible para que los datos y la informaci\u00f3n que ofrece en su sitio web est\u00e9 actualizada en tomo momento, si bien no garantiza ni se hace responsable de la exactitud y actualizaci\u00f3n de los contenidos del sitio web, reserv\u00e1ndose el derecho a modificar dichos contenidos en cualquier momento. EL TITULAR tampoco ser\u00e1 responsable de la informaci\u00f3n que se pueda obtener a trav\u00e9s de enlaces incluidos en el sitio web. Las relaciones comerciales con los clientes se regir\u00e1n por las Condiciones Generales que, en su caso, se establezcan por EL TITULAR en un documento espec\u00edfico a tal efecto, o por los pactos concretos que pudieran acordarse con los clientes. \u00a0 CONDICIONES DE USO El uso de este sitio web implica la aceptaci\u00f3n plena de los t\u00e9rminos del presente aviso legal. Los posibles conflictos relativos a esta web se regir\u00e1n exclusivamente por el derecho del Estado Espa\u00f1ol. Toda persona usuaria de la web, independientemente de la jurisdicci\u00f3n territorial desde la cual se produzca su acceso, acepta el cumplimiento y respeto de estas cl\u00e1usulas con renuncia expresa a cualquier otro fuero que pudiera corresponderle.\" \/>\n<meta property=\"og:url\" content=\"https:\/\/konigiberica.com\/ca\/aviso-legal\/\" \/>\n<meta property=\"og:site_name\" content=\"K\u00f6nig. T\u00e9cnicas de reparaci\u00f3n y materiales de superficie\" \/>\n<meta property=\"article:modified_time\" content=\"2024-01-04T15:52:25+00:00\" \/>\n<meta name=\"twitter:card\" content=\"summary_large_image\" \/>\n<meta name=\"twitter:label1\" content=\"Temps estimat de lectura\" \/>\n\t<meta name=\"twitter:data1\" content=\"2 minuts\" \/>\n<script type=\"application\/ld+json\" class=\"yoast-schema-graph\">{\"@context\":\"https:\/\/schema.org\",\"@graph\":[{\"@type\":\"WebPage\",\"@id\":\"https:\/\/konigiberica.com\/aviso-legal\/\",\"url\":\"https:\/\/konigiberica.com\/aviso-legal\/\",\"name\":\"Aviso Legal- konigiberica\",\"isPartOf\":{\"@id\":\"https:\/\/konigiberica.com\/#website\"},\"datePublished\":\"2023-12-14T09:40:32+00:00\",\"dateModified\":\"2024-01-04T15:52:25+00:00\",\"breadcrumb\":{\"@id\":\"https:\/\/konigiberica.com\/aviso-legal\/#breadcrumb\"},\"inLanguage\":\"ca\",\"potentialAction\":[{\"@type\":\"ReadAction\",\"target\":[\"https:\/\/konigiberica.com\/aviso-legal\/\"]}]},{\"@type\":\"BreadcrumbList\",\"@id\":\"https:\/\/konigiberica.com\/aviso-legal\/#breadcrumb\",\"itemListElement\":[{\"@type\":\"ListItem\",\"position\":1,\"name\":\"Portada\",\"item\":\"https:\/\/konigiberica.com\/\"},{\"@type\":\"ListItem\",\"position\":2,\"name\":\"Aviso Legal\"}]},{\"@type\":\"WebSite\",\"@id\":\"https:\/\/konigiberica.com\/#website\",\"url\":\"https:\/\/konigiberica.com\/\",\"name\":\"K\u00f6nig. T\u00e9cnicas de reparaci\u00f3n y materiales de superficie\",\"description\":\"K\u00f6nig tiene un nivel inigualable de experiencia en t\u00e9cnicas de reparaci\u00f3n y materiales de superficies.\",\"potentialAction\":[{\"@type\":\"SearchAction\",\"target\":{\"@type\":\"EntryPoint\",\"urlTemplate\":\"https:\/\/konigiberica.com\/?s={search_term_string}\"},\"query-input\":{\"@type\":\"PropertyValueSpecification\",\"valueRequired\":true,\"valueName\":\"search_term_string\"}}],\"inLanguage\":\"ca\"}]}<\/script>\n<!-- \/ Yoast SEO plugin. -->","yoast_head_json":{"title":"Aviso Legal- konigiberica","robots":{"index":"index","follow":"follow","max-snippet":"max-snippet:-1","max-image-preview":"max-image-preview:large","max-video-preview":"max-video-preview:-1"},"canonical":"https:\/\/konigiberica.com\/ca\/aviso-legal\/","og_locale":"ca_ES","og_type":"article","og_title":"Aviso Legal- konigiberica","og_description":"INICIO De conformidad con la Ley 34\/2002, de Servicios de la Sociedad de la Informaci\u00f3n y de Comercio Electr\u00f3nico, le informamos que esta web es titularidad de HEINRICH KONIG IBERICA, S.L, (en adelante \u201cEL TITULAR\u201d), con CIF: B08763120, con domicilio en Avda. Europa, 13 &#8211; Granollers. \u00a0 PROPIEDAD INTELECTUAL E INDUSTRIAL Los contenidos de este sitio, incluyendo los textos, im\u00e1genes y dise\u00f1os gr\u00e1ficos, pertenecen a EL TITULAR, o a terceros que han autorizado su uso. EL TITULAR presenta estos contenidos con fines de informaci\u00f3n y promoci\u00f3n. EL TITULAR autoriza su utilizaci\u00f3n exclusivamente con estas finalidades. Cualquier utilizaci\u00f3n de estos dise\u00f1os, im\u00e1genes o textos deber\u00e1 citar expresamente su pertenencia a EL TITULAR, quien se reserva el derecho a iniciar las acciones legales oportunas para reparar los da\u00f1os y perjuicios causados por cualquier acto que vulnere sus derechos de propiedad intelectual o industrial. \u00a0 EXCLUSI\u00d3N DE RESPONSABILIDAD EL TITULAR act\u00faa con la m\u00e1xima diligencia posible para que los datos y la informaci\u00f3n que ofrece en su sitio web est\u00e9 actualizada en tomo momento, si bien no garantiza ni se hace responsable de la exactitud y actualizaci\u00f3n de los contenidos del sitio web, reserv\u00e1ndose el derecho a modificar dichos contenidos en cualquier momento. EL TITULAR tampoco ser\u00e1 responsable de la informaci\u00f3n que se pueda obtener a trav\u00e9s de enlaces incluidos en el sitio web. Las relaciones comerciales con los clientes se regir\u00e1n por las Condiciones Generales que, en su caso, se establezcan por EL TITULAR en un documento espec\u00edfico a tal efecto, o por los pactos concretos que pudieran acordarse con los clientes. \u00a0 CONDICIONES DE USO El uso de este sitio web implica la aceptaci\u00f3n plena de los t\u00e9rminos del presente aviso legal. Los posibles conflictos relativos a esta web se regir\u00e1n exclusivamente por el derecho del Estado Espa\u00f1ol. Toda persona usuaria de la web, independientemente de la jurisdicci\u00f3n territorial desde la cual se produzca su acceso, acepta el cumplimiento y respeto de estas cl\u00e1usulas con renuncia expresa a cualquier otro fuero que pudiera corresponderle.","og_url":"https:\/\/konigiberica.com\/ca\/aviso-legal\/","og_site_name":"K\u00f6nig. T\u00e9cnicas de reparaci\u00f3n y materiales de superficie","article_modified_time":"2024-01-04T15:52:25+00:00","twitter_card":"summary_large_image","twitter_misc":{"Temps estimat de lectura":"2 minuts"},"schema":{"@context":"https:\/\/schema.org","@graph":[{"@type":"WebPage","@id":"https:\/\/konigiberica.com\/aviso-legal\/","url":"https:\/\/konigiberica.com\/aviso-legal\/","name":"Aviso Legal- konigiberica","isPartOf":{"@id":"https:\/\/konigiberica.com\/#website"},"datePublished":"2023-12-14T09:40:32+00:00","dateModified":"2024-01-04T15:52:25+00:00","breadcrumb":{"@id":"https:\/\/konigiberica.com\/aviso-legal\/#breadcrumb"},"inLanguage":"ca","potentialAction":[{"@type":"ReadAction","target":["https:\/\/konigiberica.com\/aviso-legal\/"]}]},{"@type":"BreadcrumbList","@id":"https:\/\/konigiberica.com\/aviso-legal\/#breadcrumb","itemListElement":[{"@type":"ListItem","position":1,"name":"Portada","item":"https:\/\/konigiberica.com\/"},{"@type":"ListItem","position":2,"name":"Aviso Legal"}]},{"@type":"WebSite","@id":"https:\/\/konigiberica.com\/#website","url":"https:\/\/konigiberica.com\/","name":"K\u00f6nig. T\u00e8cniques de reparaci\u00f3 i materials de superf\u00edcie","description":"K\u00f6nig t\u00e9 un nivell d&#039;experi\u00e8ncia inigualable en t\u00e8cniques de reparaci\u00f3 i materials de superf\u00edcies.","potentialAction":[{"@type":"SearchAction","target":{"@type":"EntryPoint","urlTemplate":"https:\/\/konigiberica.com\/?s={search_term_string}"},"query-input":{"@type":"PropertyValueSpecification","valueRequired":true,"valueName":"search_term_string"}}],"inLanguage":"ca"}]}},"_links":{"self":[{"href":"https:\/\/konigiberica.com\/ca\/wp-json\/wp\/v2\/pages\/1245","targetHints":{"allow":["GET"]}}],"collection":[{"href":"https:\/\/konigiberica.com\/ca\/wp-json\/wp\/v2\/pages"}],"about":[{"href":"https:\/\/konigiberica.com\/ca\/wp-json\/wp\/v2\/types\/page"}],"author":[{"embeddable":true,"href":"https:\/\/konigiberica.com\/ca\/wp-json\/wp\/v2\/users\/1"}],"replies":[{"embeddable":true,"href":"https:\/\/konigiberica.com\/ca\/wp-json\/wp\/v2\/comments?post=1245"}],"version-history":[{"count":0,"href":"https:\/\/konigiberica.com\/ca\/wp-json\/wp\/v2\/pages\/1245\/revisions"}],"wp:attachment":[{"href":"https:\/\/konigiberica.com\/ca\/wp-json\/wp\/v2\/media?parent=1245"}],"curies":[{"name":"wp","href":"https:\/\/api.w.org\/{rel}","templated":true}]}}