{"id":1262,"date":"2023-12-14T09:44:36","date_gmt":"2023-12-14T09:44:36","guid":{"rendered":"https:\/\/konigiberica.com\/?page_id=1262"},"modified":"2024-01-04T18:24:13","modified_gmt":"2024-01-04T18:24:13","slug":"declaracion-de-accesibilidad","status":"publish","type":"page","link":"https:\/\/konigiberica.com\/ca\/declaracion-de-accesibilidad\/","title":{"rendered":"Declaraci\u00f3 d&#039;accessibilitat"},"content":{"rendered":"<div data-elementor-type=\"wp-page\" data-elementor-id=\"1262\" class=\"elementor elementor-1262\" data-elementor-post-type=\"page\">\n\t\t\t\t\t\t<section class=\"elementor-section elementor-top-section elementor-element elementor-element-6d327bb elementor-section-height-min-height elementor-section-boxed elementor-section-height-default elementor-section-items-middle wpr-particle-no wpr-jarallax-no wpr-parallax-no wpr-sticky-section-no\" data-id=\"6d327bb\" data-element_type=\"section\" data-e-type=\"section\" data-settings=\"{&quot;background_background&quot;:&quot;classic&quot;}\">\n\t\t\t\t\t\t\t<div class=\"elementor-background-overlay\"><\/div>\n\t\t\t\t\t\t\t<div class=\"elementor-container elementor-column-gap-default\">\n\t\t\t\t\t<div class=\"elementor-column elementor-col-100 elementor-top-column elementor-element elementor-element-209d2d1\" data-id=\"209d2d1\" data-element_type=\"column\" data-e-type=\"column\">\n\t\t\t<div class=\"elementor-widget-wrap elementor-element-populated\">\n\t\t\t\t\t\t<div class=\"elementor-element elementor-element-5d664e2 elementor-icon-list--layout-inline elementor-align-center elementor-list-item-link-full_width de_scroll_animation_no elementor-invisible elementor-widget elementor-widget-icon-list\" data-id=\"5d664e2\" data-element_type=\"widget\" data-e-type=\"widget\" data-settings=\"{&quot;_animation&quot;:&quot;fadeIn&quot;,&quot;_animation_delay&quot;:200}\" data-widget_type=\"icon-list.default\">\n\t\t\t\t<div class=\"elementor-widget-container\">\n\t\t\t\t\t\t\t<ul class=\"elementor-icon-list-items elementor-inline-items\">\n\t\t\t\t\t\t\t<li class=\"elementor-icon-list-item elementor-inline-item\">\n\t\t\t\t\t\t\t\t\t\t\t<a href=\"https:\/\/konigiberica.com\/ca\">\n\n\t\t\t\t\t\t\t\t\t\t\t<span class=\"elementor-icon-list-text\">INICI<\/span>\n\t\t\t\t\t\t\t\t\t\t\t<\/a>\n\t\t\t\t\t\t\t\t\t<\/li>\n\t\t\t\t\t\t\t\t<li class=\"elementor-icon-list-item elementor-inline-item\">\n\t\t\t\t\t\t\t\t\t\t\t<span class=\"elementor-icon-list-icon\">\n\t\t\t\t\t\t\t<svg aria-hidden=\"true\" class=\"e-font-icon-svg e-fas-square-full\" viewbox=\"0 0 512 512\" xmlns=\"http:\/\/www.w3.org\/2000\/svg\"><path d=\"M512 512H0V0h512v512z\"><\/path><\/svg>\t\t\t\t\t\t<\/span>\n\t\t\t\t\t\t\t\t\t\t<span class=\"elementor-icon-list-text\"><\/span>\n\t\t\t\t\t\t\t\t\t<\/li>\n\t\t\t\t\t\t<\/ul>\n\t\t\t\t\t\t<\/div>\n\t\t\t\t<\/div>\n\t\t\t\t\t<\/div>\n\t\t<\/div>\n\t\t\t\t\t<\/div>\n\t\t<\/section>\n\t\t\t\t<section class=\"elementor-section elementor-top-section elementor-element elementor-element-4fb3e1fa elementor-reverse-mobile elementor-reverse-tablet elementor-section-boxed elementor-section-height-default elementor-section-height-default wpr-particle-no wpr-jarallax-no wpr-parallax-no wpr-sticky-section-no\" data-id=\"4fb3e1fa\" data-element_type=\"section\" data-e-type=\"section\">\n\t\t\t\t\t\t<div class=\"elementor-container elementor-column-gap-default\">\n\t\t\t\t\t<div class=\"elementor-column elementor-col-100 elementor-top-column elementor-element elementor-element-1d9d757a\" data-id=\"1d9d757a\" data-element_type=\"column\" data-e-type=\"column\">\n\t\t\t<div class=\"elementor-widget-wrap elementor-element-populated\">\n\t\t\t\t\t\t<div class=\"elementor-element elementor-element-1c687800 de_scroll_animation_no elementor-invisible elementor-widget elementor-widget-text-editor\" data-id=\"1c687800\" data-element_type=\"widget\" data-e-type=\"widget\" data-settings=\"{&quot;_animation&quot;:&quot;fadeIn&quot;,&quot;_animation_delay&quot;:400}\" data-widget_type=\"text-editor.default\">\n\t\t\t\t<div class=\"elementor-widget-container\">\n\t\t\t\t\t\t\t\t\t<p>HEINRICH KONIG IBERICA, SL s&#039;ha comprom\u00e8s a fer accessible el vostre lloc web, de conformitat amb el Reial Decret 1112\/2018, de 7 de setembre, sobre accessibilitat dels llocs web i aplicacions per a dispositius m\u00f2bils del sector p\u00fablic.<\/p><p>Aquesta declaraci\u00f3 d&#039;accessibilitat s&#039;aplica al web https:\/\/www.konigiberica.com<\/p><p><strong>Situaci\u00f3 de compliment<\/strong><\/p><p>Aquest lloc web est\u00e0 desenvolupat d&#039;acord amb el RD 1112\/2018<\/p><p><strong>Preparaci\u00f3 per a la seg\u00fcent declaraci\u00f3 d&#039;accessibilitat<\/strong><\/p><p>Aquesta declaraci\u00f3 va ser preparada el 2 de gener de 2023.<\/p><p>El m\u00e8tode emprat per preparar la declaraci\u00f3 ha estat una autoavaluaci\u00f3.<\/p><p><strong>Observacions i dades de contacte<\/strong><\/p><p>Podeu realitzar comunicacions sobre requisits d&#039;accessibilitat (article 10.2.a del RD 1112\/2018) com ara:<\/p><ul><li>Informar sobre qualsevol possible incompliment per part d&#039;aquest lloc web<\/li><li>Transmetre altres dificultats d&#039;acc\u00e9s al contingut<\/li><li>Formular qualsevol altra consulta o suggeriment de millora relativa a l&#039;accessibilitat del lloc web<\/li><\/ul><p>mitjan\u00e7ant el formulari de contacte d&#039;aquest lloc web.<\/p><p>Podeu presentar:<\/p><ul><li>Queixa relativa al compliment dels requisits del RD 1112\/2018 o<\/li><li>Sol\u00b7licitud d&#039;informaci\u00f3 accessible relativa a:<ul><li>Continguts que estan exclosos de l\u00e0mbit daplicaci\u00f3 del RD 1112\/2018 segons el que estableix larticle 3, apartat 4<\/li><li>Continguts que estan exempts del compliment dels requisits d&#039;accessibilitat per imposar una c\u00e0rrega desproporcionada<\/li><\/ul><\/li><\/ul><p>A la Sol\u00b7licitud d&#039;informaci\u00f3 accessible, cal concretar, amb tota claredat, els fets, les raons i la petici\u00f3 que permetin constatar que es tracta d&#039;una sol\u00b7licitud raonable i leg\u00edtima.<\/p><p>Les queixes i reclamacions sobre informaci\u00f3 accessible es realitzaran a trav\u00e9s de la seu electr\u00f2nica (<a href=\"https:\/\/sede.red.gob.es\/procedimientos\/quejas-y-sugerencias\">https:\/\/sede.red.gob.es\/procedimientos\/quejas-y-sugerencias)<\/a>, i seran rebudes i tractades per l&#039;\u00e0rea de Sistemes de la Informaci\u00f3 de Red.es.<\/p><p><strong>Contingut opcional<\/strong><\/p><p>Si voleu canviar la mida de lletra del text als principals navegadors gr\u00e0fics utilitzeu els men\u00fas seg\u00fcents:<\/p><ul><li>Internet Explorer, Mozilla i Firefox: Veure &gt; Mida del text<\/li><li>Opera: Veure &gt; Zoom<\/li><li>Safari: Veure &gt; Fer el text m\u00e9s gran<\/li><li>Chrome: Controla la p\u00e0gina actual &gt; Mida del text<\/li><li>Per modificar la mida de tot a la p\u00e0gina:<ul><li>Ctrl + + per augmentar-ho<\/li><li>Ctrl + \u2013 per disminuir-ho<\/li><li>Ctrl + 0 restaura la mida original del text<\/li><li>Si el que voleu \u00e9s anul\u00b7lar el full d&#039;estils o modificar el color del text, podeu consultar la p\u00e0gina How to Change Text Size o Colors de la WAI, que es pot llegir tradu\u00eft a l&#039;espanyol a Com canviar la mida del text o colors?<\/li><\/ul><\/li><\/ul>\t\t\t\t\t\t\t\t<\/div>\n\t\t\t\t<\/div>\n\t\t\t\t\t<\/div>\n\t\t<\/div>\n\t\t\t\t\t<\/div>\n\t\t<\/section>\n\t\t\t\t<\/div>","protected":false},"excerpt":{"rendered":"<p>INICIO HEINRICH KONIG IBERICA, S.L. se ha comprometido a hacer accesible su sitio web, de conformidad con el Real Decreto 1112\/2018, de 7 de septiembre, sobre accesibilidad de los sitios web y aplicaciones para dispositivos m\u00f3viles del sector p\u00fablico. La presente declaraci\u00f3n de accesibilidad se aplica al sitio web\u00a0https:\/\/www.konigiberica.com Situaci\u00f3n de cumplimiento Este sitio web se encuentra desarrollado conforme con el\u00a0RD 1112\/2018 Preparaci\u00f3n para la siguiente declaraci\u00f3n de accesibilidad La presente declaraci\u00f3n fue preparada el 2 de enero de 2023. El m\u00e9todo empleado para preparar la declaraci\u00f3n ha sido una autoevaluaci\u00f3n. Observaciones y datos de contacto Puede realizar comunicaciones sobre requisitos de accesibilidad (art\u00edculo 10.2.a del RD 1112\/2018) como, por ejemplo: Informar sobre cualquier posible incumplimiento por parte de este sitio web Transmitir otras dificultades de acceso al contenido Formular cualquier otra consulta o sugerencia de mejora relativa a la accesibilidad del sitio web a trav\u00e9s del\u00a0formulario de contacto de este sitio web. Puede presentar: Queja relativa al cumplimiento de los requisitos del RD 1112\/2018 o Solicitud de Informaci\u00f3n accesible relativa a: Contenidos que est\u00e1n excluidos del \u00e1mbito de aplicaci\u00f3n del RD 1112\/2018 seg\u00fan lo establecido por el art\u00edculo 3, apartado 4 Contenidos que est\u00e1n exentos del cumplimiento de los requisitos de accesibilidad por imponer una carga desproporcionada En la Solicitud de informaci\u00f3n accesible, se debe concretar, con toda claridad, los hechos, razones y petici\u00f3n que permitan constatar que se trata de una solicitud razonable y leg\u00edtima. Las quejas y reclamaciones sobre informaci\u00f3n accesible se realizar\u00e1n a trav\u00e9s de la sede electr\u00f3nica (https:\/\/sede.red.gob.es\/procedimientos\/quejas-y-sugerencias), y ser\u00e1n recibidas y tratadas por el \u00e1rea de Sistemas de la Informaci\u00f3n de Red.es. Contenido opcional Si desea cambiar el tama\u00f1o de letra del texto en los principales navegadores gr\u00e1ficos utilice los siguientes men\u00fas: Internet Explorer, Mozilla y Firefox: Ver &gt; Tama\u00f1o del texto Opera: Ver &gt; Zoom Safari: Ver &gt; Hacer el texto m\u00e1s grande Chrome: Controla la p\u00e1gina actual &gt; Tama\u00f1o del texto Para modificar el tama\u00f1o de todo en la p\u00e1gina: Ctrl + + para aumentarlo Ctrl + \u2013 para disminuirlo Ctrl + 0 restaura el tama\u00f1o original del texto Si lo que quiere es anular la hoja de estilos o modificar el color del texto, puede consultar la p\u00e1gina\u00a0How to Change Text Size or Colors de la WAI, que se puede leer traducida al espa\u00f1ol en \u00bfC\u00f3mo cambiar el tama\u00f1o del texto o colores?<\/p>","protected":false},"author":1,"featured_media":0,"parent":0,"menu_order":0,"comment_status":"closed","ping_status":"closed","template":"page-templates\/template-pagebuilder-full-width.php","meta":{"neve_meta_sidebar":"","neve_meta_container":"","neve_meta_enable_content_width":"off","neve_meta_content_width":100,"neve_meta_title_alignment":"","neve_meta_author_avatar":"","neve_post_elements_order":"","neve_meta_disable_header":"","neve_meta_disable_footer":"","neve_meta_disable_title":"","neve_meta_reading_time":"","footnotes":""},"class_list":["post-1262","page","type-page","status-publish","hentry"],"yoast_head":"<!-- This site is optimized with the Yoast SEO plugin v26.9 - https:\/\/yoast.com\/product\/yoast-seo-wordpress\/ -->\n<title>Declaraci\u00f3n de accesibilidad - K\u00f6nig. T\u00e9cnicas de reparaci\u00f3n y materiales de superficie<\/title>\n<meta name=\"robots\" content=\"index, follow, max-snippet:-1, max-image-preview:large, max-video-preview:-1\" \/>\n<link rel=\"canonical\" href=\"http:\/\/konigiberica.com\/ca\/declaracion-de-accesibilidad\/\" \/>\n<meta property=\"og:locale\" content=\"ca_ES\" \/>\n<meta property=\"og:type\" content=\"article\" \/>\n<meta property=\"og:title\" content=\"Declaraci\u00f3n de accesibilidad - K\u00f6nig. T\u00e9cnicas de reparaci\u00f3n y materiales de superficie\" \/>\n<meta property=\"og:description\" content=\"INICIO HEINRICH KONIG IBERICA, S.L. se ha comprometido a hacer accesible su sitio web, de conformidad con el Real Decreto 1112\/2018, de 7 de septiembre, sobre accesibilidad de los sitios web y aplicaciones para dispositivos m\u00f3viles del sector p\u00fablico. La presente declaraci\u00f3n de accesibilidad se aplica al sitio web\u00a0https:\/\/www.konigiberica.com Situaci\u00f3n de cumplimiento Este sitio web se encuentra desarrollado conforme con el\u00a0RD 1112\/2018 Preparaci\u00f3n para la siguiente declaraci\u00f3n de accesibilidad La presente declaraci\u00f3n fue preparada el 2 de enero de 2023. El m\u00e9todo empleado para preparar la declaraci\u00f3n ha sido una autoevaluaci\u00f3n. Observaciones y datos de contacto Puede realizar comunicaciones sobre requisitos de accesibilidad (art\u00edculo 10.2.a del RD 1112\/2018) como, por ejemplo: Informar sobre cualquier posible incumplimiento por parte de este sitio web Transmitir otras dificultades de acceso al contenido Formular cualquier otra consulta o sugerencia de mejora relativa a la accesibilidad del sitio web a trav\u00e9s del\u00a0formulario de contacto de este sitio web. Puede presentar: Queja relativa al cumplimiento de los requisitos del RD 1112\/2018 o Solicitud de Informaci\u00f3n accesible relativa a: Contenidos que est\u00e1n excluidos del \u00e1mbito de aplicaci\u00f3n del RD 1112\/2018 seg\u00fan lo establecido por el art\u00edculo 3, apartado 4 Contenidos que est\u00e1n exentos del cumplimiento de los requisitos de accesibilidad por imponer una carga desproporcionada En la Solicitud de informaci\u00f3n accesible, se debe concretar, con toda claridad, los hechos, razones y petici\u00f3n que permitan constatar que se trata de una solicitud razonable y leg\u00edtima. Las quejas y reclamaciones sobre informaci\u00f3n accesible se realizar\u00e1n a trav\u00e9s de la sede electr\u00f3nica (https:\/\/sede.red.gob.es\/procedimientos\/quejas-y-sugerencias), y ser\u00e1n recibidas y tratadas por el \u00e1rea de Sistemas de la Informaci\u00f3n de Red.es. Contenido opcional Si desea cambiar el tama\u00f1o de letra del texto en los principales navegadores gr\u00e1ficos utilice los siguientes men\u00fas: Internet Explorer, Mozilla y Firefox: Ver &gt; Tama\u00f1o del texto Opera: Ver &gt; Zoom Safari: Ver &gt; Hacer el texto m\u00e1s grande Chrome: Controla la p\u00e1gina actual &gt; Tama\u00f1o del texto Para modificar el tama\u00f1o de todo en la p\u00e1gina: Ctrl + + para aumentarlo Ctrl + \u2013 para disminuirlo Ctrl + 0 restaura el tama\u00f1o original del texto Si lo que quiere es anular la hoja de estilos o modificar el color del texto, puede consultar la p\u00e1gina\u00a0How to Change Text Size or Colors de la WAI, que se puede leer traducida al espa\u00f1ol en \u00bfC\u00f3mo cambiar el tama\u00f1o del texto o colores?\" \/>\n<meta property=\"og:url\" content=\"http:\/\/konigiberica.com\/ca\/declaracion-de-accesibilidad\/\" \/>\n<meta property=\"og:site_name\" content=\"K\u00f6nig. T\u00e9cnicas de reparaci\u00f3n y materiales de superficie\" \/>\n<meta property=\"article:modified_time\" content=\"2024-01-04T18:24:13+00:00\" \/>\n<meta name=\"twitter:card\" content=\"summary_large_image\" \/>\n<meta name=\"twitter:label1\" content=\"Temps estimat de lectura\" \/>\n\t<meta name=\"twitter:data1\" content=\"2 minuts\" \/>\n<script type=\"application\/ld+json\" class=\"yoast-schema-graph\">{\"@context\":\"https:\/\/schema.org\",\"@graph\":[{\"@type\":\"WebPage\",\"@id\":\"http:\/\/konigiberica.com\/ca\/declaracion-de-accesibilidad\/\",\"url\":\"http:\/\/konigiberica.com\/ca\/declaracion-de-accesibilidad\/\",\"name\":\"Declaraci\u00f3n de accesibilidad - K\u00f6nig. T\u00e9cnicas de reparaci\u00f3n y materiales de superficie\",\"isPartOf\":{\"@id\":\"https:\/\/konigiberica.com\/#website\"},\"datePublished\":\"2023-12-14T09:44:36+00:00\",\"dateModified\":\"2024-01-04T18:24:13+00:00\",\"breadcrumb\":{\"@id\":\"http:\/\/konigiberica.com\/ca\/declaracion-de-accesibilidad\/#breadcrumb\"},\"inLanguage\":\"ca\",\"potentialAction\":[{\"@type\":\"ReadAction\",\"target\":[\"http:\/\/konigiberica.com\/ca\/declaracion-de-accesibilidad\/\"]}]},{\"@type\":\"BreadcrumbList\",\"@id\":\"http:\/\/konigiberica.com\/ca\/declaracion-de-accesibilidad\/#breadcrumb\",\"itemListElement\":[{\"@type\":\"ListItem\",\"position\":1,\"name\":\"Portada\",\"item\":\"https:\/\/konigiberica.com\/\"},{\"@type\":\"ListItem\",\"position\":2,\"name\":\"Declaraci\u00f3n de accesibilidad\"}]},{\"@type\":\"WebSite\",\"@id\":\"https:\/\/konigiberica.com\/#website\",\"url\":\"https:\/\/konigiberica.com\/\",\"name\":\"K\u00f6nig. T\u00e9cnicas de reparaci\u00f3n y materiales de superficie\",\"description\":\"K\u00f6nig tiene un nivel inigualable de experiencia en t\u00e9cnicas de reparaci\u00f3n y materiales de superficies.\",\"potentialAction\":[{\"@type\":\"SearchAction\",\"target\":{\"@type\":\"EntryPoint\",\"urlTemplate\":\"https:\/\/konigiberica.com\/?s={search_term_string}\"},\"query-input\":{\"@type\":\"PropertyValueSpecification\",\"valueRequired\":true,\"valueName\":\"search_term_string\"}}],\"inLanguage\":\"ca\"}]}<\/script>\n<!-- \/ Yoast SEO plugin. -->","yoast_head_json":{"title":"Declaraci\u00f3n de accesibilidad - K\u00f6nig. T\u00e9cnicas de reparaci\u00f3n y materiales de superficie","robots":{"index":"index","follow":"follow","max-snippet":"max-snippet:-1","max-image-preview":"max-image-preview:large","max-video-preview":"max-video-preview:-1"},"canonical":"http:\/\/konigiberica.com\/ca\/declaracion-de-accesibilidad\/","og_locale":"ca_ES","og_type":"article","og_title":"Declaraci\u00f3n de accesibilidad - K\u00f6nig. T\u00e9cnicas de reparaci\u00f3n y materiales de superficie","og_description":"INICIO HEINRICH KONIG IBERICA, S.L. se ha comprometido a hacer accesible su sitio web, de conformidad con el Real Decreto 1112\/2018, de 7 de septiembre, sobre accesibilidad de los sitios web y aplicaciones para dispositivos m\u00f3viles del sector p\u00fablico. La presente declaraci\u00f3n de accesibilidad se aplica al sitio web\u00a0https:\/\/www.konigiberica.com Situaci\u00f3n de cumplimiento Este sitio web se encuentra desarrollado conforme con el\u00a0RD 1112\/2018 Preparaci\u00f3n para la siguiente declaraci\u00f3n de accesibilidad La presente declaraci\u00f3n fue preparada el 2 de enero de 2023. El m\u00e9todo empleado para preparar la declaraci\u00f3n ha sido una autoevaluaci\u00f3n. Observaciones y datos de contacto Puede realizar comunicaciones sobre requisitos de accesibilidad (art\u00edculo 10.2.a del RD 1112\/2018) como, por ejemplo: Informar sobre cualquier posible incumplimiento por parte de este sitio web Transmitir otras dificultades de acceso al contenido Formular cualquier otra consulta o sugerencia de mejora relativa a la accesibilidad del sitio web a trav\u00e9s del\u00a0formulario de contacto de este sitio web. Puede presentar: Queja relativa al cumplimiento de los requisitos del RD 1112\/2018 o Solicitud de Informaci\u00f3n accesible relativa a: Contenidos que est\u00e1n excluidos del \u00e1mbito de aplicaci\u00f3n del RD 1112\/2018 seg\u00fan lo establecido por el art\u00edculo 3, apartado 4 Contenidos que est\u00e1n exentos del cumplimiento de los requisitos de accesibilidad por imponer una carga desproporcionada En la Solicitud de informaci\u00f3n accesible, se debe concretar, con toda claridad, los hechos, razones y petici\u00f3n que permitan constatar que se trata de una solicitud razonable y leg\u00edtima. Las quejas y reclamaciones sobre informaci\u00f3n accesible se realizar\u00e1n a trav\u00e9s de la sede electr\u00f3nica (https:\/\/sede.red.gob.es\/procedimientos\/quejas-y-sugerencias), y ser\u00e1n recibidas y tratadas por el \u00e1rea de Sistemas de la Informaci\u00f3n de Red.es. Contenido opcional Si desea cambiar el tama\u00f1o de letra del texto en los principales navegadores gr\u00e1ficos utilice los siguientes men\u00fas: Internet Explorer, Mozilla y Firefox: Ver &gt; Tama\u00f1o del texto Opera: Ver &gt; Zoom Safari: Ver &gt; Hacer el texto m\u00e1s grande Chrome: Controla la p\u00e1gina actual &gt; Tama\u00f1o del texto Para modificar el tama\u00f1o de todo en la p\u00e1gina: Ctrl + + para aumentarlo Ctrl + \u2013 para disminuirlo Ctrl + 0 restaura el tama\u00f1o original del texto Si lo que quiere es anular la hoja de estilos o modificar el color del texto, puede consultar la p\u00e1gina\u00a0How to Change Text Size or Colors de la WAI, que se puede leer traducida al espa\u00f1ol en \u00bfC\u00f3mo cambiar el tama\u00f1o del texto o colores?","og_url":"http:\/\/konigiberica.com\/ca\/declaracion-de-accesibilidad\/","og_site_name":"K\u00f6nig. T\u00e9cnicas de reparaci\u00f3n y materiales de superficie","article_modified_time":"2024-01-04T18:24:13+00:00","twitter_card":"summary_large_image","twitter_misc":{"Temps estimat de lectura":"2 minuts"},"schema":{"@context":"https:\/\/schema.org","@graph":[{"@type":"WebPage","@id":"http:\/\/konigiberica.com\/ca\/declaracion-de-accesibilidad\/","url":"http:\/\/konigiberica.com\/ca\/declaracion-de-accesibilidad\/","name":"Declaraci\u00f3n de accesibilidad - K\u00f6nig. T\u00e9cnicas de reparaci\u00f3n y materiales de superficie","isPartOf":{"@id":"https:\/\/konigiberica.com\/#website"},"datePublished":"2023-12-14T09:44:36+00:00","dateModified":"2024-01-04T18:24:13+00:00","breadcrumb":{"@id":"http:\/\/konigiberica.com\/ca\/declaracion-de-accesibilidad\/#breadcrumb"},"inLanguage":"ca","potentialAction":[{"@type":"ReadAction","target":["http:\/\/konigiberica.com\/ca\/declaracion-de-accesibilidad\/"]}]},{"@type":"BreadcrumbList","@id":"http:\/\/konigiberica.com\/ca\/declaracion-de-accesibilidad\/#breadcrumb","itemListElement":[{"@type":"ListItem","position":1,"name":"Portada","item":"https:\/\/konigiberica.com\/"},{"@type":"ListItem","position":2,"name":"Declaraci\u00f3n de accesibilidad"}]},{"@type":"WebSite","@id":"https:\/\/konigiberica.com\/#website","url":"https:\/\/konigiberica.com\/","name":"K\u00f6nig. T\u00e8cniques de reparaci\u00f3 i materials de superf\u00edcie","description":"K\u00f6nig t\u00e9 un nivell d&#039;experi\u00e8ncia inigualable en t\u00e8cniques de reparaci\u00f3 i materials de superf\u00edcies.","potentialAction":[{"@type":"SearchAction","target":{"@type":"EntryPoint","urlTemplate":"https:\/\/konigiberica.com\/?s={search_term_string}"},"query-input":{"@type":"PropertyValueSpecification","valueRequired":true,"valueName":"search_term_string"}}],"inLanguage":"ca"}]}},"_links":{"self":[{"href":"https:\/\/konigiberica.com\/ca\/wp-json\/wp\/v2\/pages\/1262","targetHints":{"allow":["GET"]}}],"collection":[{"href":"https:\/\/konigiberica.com\/ca\/wp-json\/wp\/v2\/pages"}],"about":[{"href":"https:\/\/konigiberica.com\/ca\/wp-json\/wp\/v2\/types\/page"}],"author":[{"embeddable":true,"href":"https:\/\/konigiberica.com\/ca\/wp-json\/wp\/v2\/users\/1"}],"replies":[{"embeddable":true,"href":"https:\/\/konigiberica.com\/ca\/wp-json\/wp\/v2\/comments?post=1262"}],"version-history":[{"count":0,"href":"https:\/\/konigiberica.com\/ca\/wp-json\/wp\/v2\/pages\/1262\/revisions"}],"wp:attachment":[{"href":"https:\/\/konigiberica.com\/ca\/wp-json\/wp\/v2\/media?parent=1262"}],"curies":[{"name":"wp","href":"https:\/\/api.w.org\/{rel}","templated":true}]}}