{"id":1618,"date":"2024-01-15T09:51:39","date_gmt":"2024-01-15T09:51:39","guid":{"rendered":"https:\/\/konigiberica.com\/?post_type=product&#038;p=1618"},"modified":"2024-05-04T10:43:04","modified_gmt":"2024-05-04T10:43:04","slug":"maletin-plastico-konig-614","status":"publish","type":"product","link":"https:\/\/konigiberica.com\/ca\/producte\/maletin-plastico-konig-614\/","title":{"rendered":"Malet\u00edn Pl\u00e1stico Vac\u00edo 614"},"content":{"rendered":"","protected":false},"excerpt":{"rendered":"<p>Malet\u00edn de pl\u00e1stico vac\u00edo para que usted pueda rellenarlo con los art\u00edculos que considere m\u00e1s oportunos y adecuados a sus necesidades. \u00a1Monte usted mismo el Kit!<\/p>","protected":false},"featured_media":2733,"template":"","meta":{"neve_meta_sidebar":"","neve_meta_container":"","neve_meta_enable_content_width":"off","neve_meta_content_width":100,"neve_meta_title_alignment":"","neve_meta_author_avatar":"","neve_post_elements_order":"","neve_meta_disable_header":"","neve_meta_disable_footer":"","neve_meta_disable_title":"","neve_meta_reading_time":""},"product_brand":[],"product_cat":[25],"product_tag":[],"class_list":{"0":"post-1618","1":"product","2":"type-product","3":"status-publish","4":"has-post-thumbnail","6":"product_cat-maletines-y-kits","8":"first","9":"instock","10":"shipping-taxable","11":"product-type-simple"},"yoast_head":"<!-- This site is optimized with the Yoast SEO plugin v26.9 - https:\/\/yoast.com\/product\/yoast-seo-wordpress\/ -->\n<title>Malet\u00edn Pl\u00e1stico Vac\u00edo 614 - K\u00f6nig. T\u00e9cnicas de reparaci\u00f3n y materiales de superficie<\/title>\n<meta name=\"robots\" content=\"index, follow, max-snippet:-1, max-image-preview:large, max-video-preview:-1\" \/>\n<link rel=\"canonical\" href=\"https:\/\/konigiberica.com\/ca\/producte\/maletin-plastico-konig-614\/\" \/>\n<meta property=\"og:locale\" content=\"ca_ES\" \/>\n<meta property=\"og:type\" content=\"article\" \/>\n<meta property=\"og:title\" content=\"Malet\u00edn Pl\u00e1stico Vac\u00edo 614 - K\u00f6nig. T\u00e9cnicas de reparaci\u00f3n y materiales de superficie\" \/>\n<meta property=\"og:description\" content=\"Malet\u00edn de pl\u00e1stico vac\u00edo para que usted pueda rellenarlo con los art\u00edculos que considere m\u00e1s oportunos y adecuados a sus necesidades. \u00a1Monte usted mismo el Kit!\" \/>\n<meta property=\"og:url\" content=\"https:\/\/konigiberica.com\/ca\/producte\/maletin-plastico-konig-614\/\" \/>\n<meta property=\"og:site_name\" content=\"K\u00f6nig. T\u00e9cnicas de reparaci\u00f3n y materiales de superficie\" \/>\n<meta property=\"article:modified_time\" content=\"2024-05-04T10:43:04+00:00\" \/>\n<meta property=\"og:image\" content=\"https:\/\/konigiberica.com\/wp-content\/uploads\/2024\/01\/39dc64f1-9093-4aae-a225-67856ed6aa9a.png\" \/>\n\t<meta property=\"og:image:width\" content=\"500\" \/>\n\t<meta property=\"og:image:height\" content=\"408\" \/>\n\t<meta property=\"og:image:type\" content=\"image\/png\" \/>\n<meta name=\"twitter:card\" content=\"summary_large_image\" \/>\n<script type=\"application\/ld+json\" class=\"yoast-schema-graph\">{\"@context\":\"https:\/\/schema.org\",\"@graph\":[{\"@type\":\"WebPage\",\"@id\":\"https:\/\/konigiberica.com\/producto\/maletin-plastico-konig-614\/\",\"url\":\"https:\/\/konigiberica.com\/producto\/maletin-plastico-konig-614\/\",\"name\":\"Malet\u00edn Pl\u00e1stico Vac\u00edo 614 - K\u00f6nig. T\u00e9cnicas de reparaci\u00f3n y materiales de superficie\",\"isPartOf\":{\"@id\":\"https:\/\/konigiberica.com\/#website\"},\"primaryImageOfPage\":{\"@id\":\"https:\/\/konigiberica.com\/producto\/maletin-plastico-konig-614\/#primaryimage\"},\"image\":{\"@id\":\"https:\/\/konigiberica.com\/producto\/maletin-plastico-konig-614\/#primaryimage\"},\"thumbnailUrl\":\"https:\/\/konigiberica.com\/wp-content\/uploads\/2024\/01\/39dc64f1-9093-4aae-a225-67856ed6aa9a.png\",\"datePublished\":\"2024-01-15T09:51:39+00:00\",\"dateModified\":\"2024-05-04T10:43:04+00:00\",\"breadcrumb\":{\"@id\":\"https:\/\/konigiberica.com\/producto\/maletin-plastico-konig-614\/#breadcrumb\"},\"inLanguage\":\"ca\",\"potentialAction\":[{\"@type\":\"ReadAction\",\"target\":[\"https:\/\/konigiberica.com\/producto\/maletin-plastico-konig-614\/\"]}]},{\"@type\":\"ImageObject\",\"inLanguage\":\"ca\",\"@id\":\"https:\/\/konigiberica.com\/producto\/maletin-plastico-konig-614\/#primaryimage\",\"url\":\"https:\/\/konigiberica.com\/wp-content\/uploads\/2024\/01\/39dc64f1-9093-4aae-a225-67856ed6aa9a.png\",\"contentUrl\":\"https:\/\/konigiberica.com\/wp-content\/uploads\/2024\/01\/39dc64f1-9093-4aae-a225-67856ed6aa9a.png\",\"width\":500,\"height\":408},{\"@type\":\"BreadcrumbList\",\"@id\":\"https:\/\/konigiberica.com\/producto\/maletin-plastico-konig-614\/#breadcrumb\",\"itemListElement\":[{\"@type\":\"ListItem\",\"position\":1,\"name\":\"Portada\",\"item\":\"https:\/\/konigiberica.com\/\"},{\"@type\":\"ListItem\",\"position\":2,\"name\":\"Tienda\",\"item\":\"https:\/\/konigiberica.com\/tienda\/\"},{\"@type\":\"ListItem\",\"position\":3,\"name\":\"Malet\u00edn Pl\u00e1stico Vac\u00edo 614\"}]},{\"@type\":\"WebSite\",\"@id\":\"https:\/\/konigiberica.com\/#website\",\"url\":\"https:\/\/konigiberica.com\/\",\"name\":\"K\u00f6nig. T\u00e9cnicas de reparaci\u00f3n y materiales de superficie\",\"description\":\"K\u00f6nig tiene un nivel inigualable de experiencia en t\u00e9cnicas de reparaci\u00f3n y materiales de superficies.\",\"potentialAction\":[{\"@type\":\"SearchAction\",\"target\":{\"@type\":\"EntryPoint\",\"urlTemplate\":\"https:\/\/konigiberica.com\/?s={search_term_string}\"},\"query-input\":{\"@type\":\"PropertyValueSpecification\",\"valueRequired\":true,\"valueName\":\"search_term_string\"}}],\"inLanguage\":\"ca\"}]}<\/script>\n<!-- \/ Yoast SEO plugin. -->","yoast_head_json":{"title":"Malet\u00edn Pl\u00e1stico Vac\u00edo 614 - K\u00f6nig. T\u00e9cnicas de reparaci\u00f3n y materiales de superficie","robots":{"index":"index","follow":"follow","max-snippet":"max-snippet:-1","max-image-preview":"max-image-preview:large","max-video-preview":"max-video-preview:-1"},"canonical":"https:\/\/konigiberica.com\/ca\/producte\/maletin-plastico-konig-614\/","og_locale":"ca_ES","og_type":"article","og_title":"Malet\u00edn Pl\u00e1stico Vac\u00edo 614 - K\u00f6nig. T\u00e9cnicas de reparaci\u00f3n y materiales de superficie","og_description":"Malet\u00edn de pl\u00e1stico vac\u00edo para que usted pueda rellenarlo con los art\u00edculos que considere m\u00e1s oportunos y adecuados a sus necesidades. \u00a1Monte usted mismo el Kit!","og_url":"https:\/\/konigiberica.com\/ca\/producte\/maletin-plastico-konig-614\/","og_site_name":"K\u00f6nig. T\u00e9cnicas de reparaci\u00f3n y materiales de superficie","article_modified_time":"2024-05-04T10:43:04+00:00","og_image":[{"width":500,"height":408,"url":"https:\/\/konigiberica.com\/wp-content\/uploads\/2024\/01\/39dc64f1-9093-4aae-a225-67856ed6aa9a.png","type":"image\/png"}],"twitter_card":"summary_large_image","schema":{"@context":"https:\/\/schema.org","@graph":[{"@type":"WebPage","@id":"https:\/\/konigiberica.com\/producto\/maletin-plastico-konig-614\/","url":"https:\/\/konigiberica.com\/producto\/maletin-plastico-konig-614\/","name":"Malet\u00edn Pl\u00e1stico Vac\u00edo 614 - K\u00f6nig. T\u00e9cnicas de reparaci\u00f3n y materiales de superficie","isPartOf":{"@id":"https:\/\/konigiberica.com\/#website"},"primaryImageOfPage":{"@id":"https:\/\/konigiberica.com\/producto\/maletin-plastico-konig-614\/#primaryimage"},"image":{"@id":"https:\/\/konigiberica.com\/producto\/maletin-plastico-konig-614\/#primaryimage"},"thumbnailUrl":"https:\/\/konigiberica.com\/wp-content\/uploads\/2024\/01\/39dc64f1-9093-4aae-a225-67856ed6aa9a.png","datePublished":"2024-01-15T09:51:39+00:00","dateModified":"2024-05-04T10:43:04+00:00","breadcrumb":{"@id":"https:\/\/konigiberica.com\/producto\/maletin-plastico-konig-614\/#breadcrumb"},"inLanguage":"ca","potentialAction":[{"@type":"ReadAction","target":["https:\/\/konigiberica.com\/producto\/maletin-plastico-konig-614\/"]}]},{"@type":"ImageObject","inLanguage":"ca","@id":"https:\/\/konigiberica.com\/producto\/maletin-plastico-konig-614\/#primaryimage","url":"https:\/\/konigiberica.com\/wp-content\/uploads\/2024\/01\/39dc64f1-9093-4aae-a225-67856ed6aa9a.png","contentUrl":"https:\/\/konigiberica.com\/wp-content\/uploads\/2024\/01\/39dc64f1-9093-4aae-a225-67856ed6aa9a.png","width":500,"height":408},{"@type":"BreadcrumbList","@id":"https:\/\/konigiberica.com\/producto\/maletin-plastico-konig-614\/#breadcrumb","itemListElement":[{"@type":"ListItem","position":1,"name":"Portada","item":"https:\/\/konigiberica.com\/"},{"@type":"ListItem","position":2,"name":"Tienda","item":"https:\/\/konigiberica.com\/tienda\/"},{"@type":"ListItem","position":3,"name":"Malet\u00edn Pl\u00e1stico Vac\u00edo 614"}]},{"@type":"WebSite","@id":"https:\/\/konigiberica.com\/#website","url":"https:\/\/konigiberica.com\/","name":"K\u00f6nig. T\u00e8cniques de reparaci\u00f3 i materials de superf\u00edcie","description":"K\u00f6nig t\u00e9 un nivell d&#039;experi\u00e8ncia inigualable en t\u00e8cniques de reparaci\u00f3 i materials de superf\u00edcies.","potentialAction":[{"@type":"SearchAction","target":{"@type":"EntryPoint","urlTemplate":"https:\/\/konigiberica.com\/?s={search_term_string}"},"query-input":{"@type":"PropertyValueSpecification","valueRequired":true,"valueName":"search_term_string"}}],"inLanguage":"ca"}]}},"_links":{"self":[{"href":"https:\/\/konigiberica.com\/ca\/wp-json\/wp\/v2\/product\/1618","targetHints":{"allow":["GET"]}}],"collection":[{"href":"https:\/\/konigiberica.com\/ca\/wp-json\/wp\/v2\/product"}],"about":[{"href":"https:\/\/konigiberica.com\/ca\/wp-json\/wp\/v2\/types\/product"}],"wp:featuredmedia":[{"embeddable":true,"href":"https:\/\/konigiberica.com\/ca\/wp-json\/wp\/v2\/media\/2733"}],"wp:attachment":[{"href":"https:\/\/konigiberica.com\/ca\/wp-json\/wp\/v2\/media?parent=1618"}],"wp:term":[{"taxonomy":"product_brand","embeddable":true,"href":"https:\/\/konigiberica.com\/ca\/wp-json\/wp\/v2\/product_brand?post=1618"},{"taxonomy":"product_cat","embeddable":true,"href":"https:\/\/konigiberica.com\/ca\/wp-json\/wp\/v2\/product_cat?post=1618"},{"taxonomy":"product_tag","embeddable":true,"href":"https:\/\/konigiberica.com\/ca\/wp-json\/wp\/v2\/product_tag?post=1618"}],"curies":[{"name":"wp","href":"https:\/\/api.w.org\/{rel}","templated":true}]}}