{"id":747,"date":"2023-12-06T13:57:08","date_gmt":"2023-12-06T13:57:08","guid":{"rendered":"https:\/\/konigiberica.com\/?post_type=product&#038;p=747"},"modified":"2024-05-03T07:09:20","modified_gmt":"2024-05-03T07:09:20","slug":"161-espatula-multitusos","status":"publish","type":"product","link":"https:\/\/konigiberica.com\/ca\/producte\/161-espatula-multitusos\/","title":{"rendered":"Esp\u00e1tula Multitusos Combi 161 700"},"content":{"rendered":"","protected":false},"excerpt":{"rendered":"<p>La nueva Esp\u00e1tula Multiusos Combi es una modificaci\u00f3n de la Esp\u00e1tula Multiusos integrando una mini cuchilla del Aplicador Met\u00e1lico. Con esta nueva herramienta podemos nivelar todos los materiales de relleno K\u00f6nig. Esta combinaci\u00f3n de esp\u00e1tula permite trabajar en \u00e1ngulos rectos de 90\u00ba tanto con la mini cuchilla como con el propio cuerpo de la esp\u00e1tula.<\/p>","protected":false},"featured_media":2519,"template":"","meta":{"neve_meta_sidebar":"","neve_meta_container":"","neve_meta_enable_content_width":"off","neve_meta_content_width":100,"neve_meta_title_alignment":"","neve_meta_author_avatar":"","neve_post_elements_order":"","neve_meta_disable_header":"","neve_meta_disable_footer":"","neve_meta_disable_title":"","neve_meta_reading_time":""},"product_brand":[],"product_cat":[43],"product_tag":[],"class_list":{"0":"post-747","1":"product","2":"type-product","3":"status-publish","4":"has-post-thumbnail","6":"product_cat-aplicadores-y-espatulas","8":"first","9":"instock","10":"shipping-taxable","11":"product-type-simple"},"yoast_head":"<!-- This site is optimized with the Yoast SEO plugin v26.9 - https:\/\/yoast.com\/product\/yoast-seo-wordpress\/ -->\n<title>Esp\u00e1tula Multitusos Combi 161 700 - K\u00f6nig. T\u00e9cnicas de reparaci\u00f3n y materiales de superficie<\/title>\n<meta name=\"robots\" content=\"index, follow, max-snippet:-1, max-image-preview:large, max-video-preview:-1\" \/>\n<link rel=\"canonical\" href=\"https:\/\/konigiberica.com\/ca\/producte\/161-espatula-multitusos\/\" \/>\n<meta property=\"og:locale\" content=\"ca_ES\" \/>\n<meta property=\"og:type\" content=\"article\" \/>\n<meta property=\"og:title\" content=\"Esp\u00e1tula Multitusos Combi 161 700 - K\u00f6nig. T\u00e9cnicas de reparaci\u00f3n y materiales de superficie\" \/>\n<meta property=\"og:description\" content=\"La nueva Esp\u00e1tula Multiusos Combi es una modificaci\u00f3n de la Esp\u00e1tula Multiusos integrando una mini cuchilla del Aplicador Met\u00e1lico. Con esta nueva herramienta podemos nivelar todos los materiales de relleno K\u00f6nig. Esta combinaci\u00f3n de esp\u00e1tula permite trabajar en \u00e1ngulos rectos de 90\u00ba tanto con la mini cuchilla como con el propio cuerpo de la esp\u00e1tula.\" \/>\n<meta property=\"og:url\" content=\"https:\/\/konigiberica.com\/ca\/producte\/161-espatula-multitusos\/\" \/>\n<meta property=\"og:site_name\" content=\"K\u00f6nig. T\u00e9cnicas de reparaci\u00f3n y materiales de superficie\" \/>\n<meta property=\"article:modified_time\" content=\"2024-05-03T07:09:20+00:00\" \/>\n<meta property=\"og:image\" content=\"https:\/\/konigiberica.com\/wp-content\/uploads\/2023\/12\/Imagen4.jpg\" \/>\n\t<meta property=\"og:image:width\" content=\"816\" \/>\n\t<meta property=\"og:image:height\" content=\"490\" \/>\n\t<meta property=\"og:image:type\" content=\"image\/jpeg\" \/>\n<meta name=\"twitter:card\" content=\"summary_large_image\" \/>\n<meta name=\"twitter:label1\" content=\"Temps estimat de lectura\" \/>\n\t<meta name=\"twitter:data1\" content=\"1 minut\" \/>\n<script type=\"application\/ld+json\" class=\"yoast-schema-graph\">{\"@context\":\"https:\/\/schema.org\",\"@graph\":[{\"@type\":\"WebPage\",\"@id\":\"https:\/\/konigiberica.com\/producto\/161-espatula-multitusos\/\",\"url\":\"https:\/\/konigiberica.com\/producto\/161-espatula-multitusos\/\",\"name\":\"Esp\u00e1tula Multitusos Combi 161 700 - K\u00f6nig. T\u00e9cnicas de reparaci\u00f3n y materiales de superficie\",\"isPartOf\":{\"@id\":\"https:\/\/konigiberica.com\/#website\"},\"primaryImageOfPage\":{\"@id\":\"https:\/\/konigiberica.com\/producto\/161-espatula-multitusos\/#primaryimage\"},\"image\":{\"@id\":\"https:\/\/konigiberica.com\/producto\/161-espatula-multitusos\/#primaryimage\"},\"thumbnailUrl\":\"https:\/\/konigiberica.com\/wp-content\/uploads\/2023\/12\/Imagen4.jpg\",\"datePublished\":\"2023-12-06T13:57:08+00:00\",\"dateModified\":\"2024-05-03T07:09:20+00:00\",\"breadcrumb\":{\"@id\":\"https:\/\/konigiberica.com\/producto\/161-espatula-multitusos\/#breadcrumb\"},\"inLanguage\":\"ca\",\"potentialAction\":[{\"@type\":\"ReadAction\",\"target\":[\"https:\/\/konigiberica.com\/producto\/161-espatula-multitusos\/\"]}]},{\"@type\":\"ImageObject\",\"inLanguage\":\"ca\",\"@id\":\"https:\/\/konigiberica.com\/producto\/161-espatula-multitusos\/#primaryimage\",\"url\":\"https:\/\/konigiberica.com\/wp-content\/uploads\/2023\/12\/Imagen4.jpg\",\"contentUrl\":\"https:\/\/konigiberica.com\/wp-content\/uploads\/2023\/12\/Imagen4.jpg\",\"width\":816,\"height\":490},{\"@type\":\"BreadcrumbList\",\"@id\":\"https:\/\/konigiberica.com\/producto\/161-espatula-multitusos\/#breadcrumb\",\"itemListElement\":[{\"@type\":\"ListItem\",\"position\":1,\"name\":\"Portada\",\"item\":\"https:\/\/konigiberica.com\/\"},{\"@type\":\"ListItem\",\"position\":2,\"name\":\"Tienda\",\"item\":\"https:\/\/konigiberica.com\/tienda\/\"},{\"@type\":\"ListItem\",\"position\":3,\"name\":\"Esp\u00e1tula Multitusos Combi 161 700\"}]},{\"@type\":\"WebSite\",\"@id\":\"https:\/\/konigiberica.com\/#website\",\"url\":\"https:\/\/konigiberica.com\/\",\"name\":\"K\u00f6nig. T\u00e9cnicas de reparaci\u00f3n y materiales de superficie\",\"description\":\"K\u00f6nig tiene un nivel inigualable de experiencia en t\u00e9cnicas de reparaci\u00f3n y materiales de superficies.\",\"potentialAction\":[{\"@type\":\"SearchAction\",\"target\":{\"@type\":\"EntryPoint\",\"urlTemplate\":\"https:\/\/konigiberica.com\/?s={search_term_string}\"},\"query-input\":{\"@type\":\"PropertyValueSpecification\",\"valueRequired\":true,\"valueName\":\"search_term_string\"}}],\"inLanguage\":\"ca\"}]}<\/script>\n<!-- \/ Yoast SEO plugin. -->","yoast_head_json":{"title":"Esp\u00e1tula Multitusos Combi 161 700 - K\u00f6nig. T\u00e9cnicas de reparaci\u00f3n y materiales de superficie","robots":{"index":"index","follow":"follow","max-snippet":"max-snippet:-1","max-image-preview":"max-image-preview:large","max-video-preview":"max-video-preview:-1"},"canonical":"https:\/\/konigiberica.com\/ca\/producte\/161-espatula-multitusos\/","og_locale":"ca_ES","og_type":"article","og_title":"Esp\u00e1tula Multitusos Combi 161 700 - K\u00f6nig. T\u00e9cnicas de reparaci\u00f3n y materiales de superficie","og_description":"La nueva Esp\u00e1tula Multiusos Combi es una modificaci\u00f3n de la Esp\u00e1tula Multiusos integrando una mini cuchilla del Aplicador Met\u00e1lico. Con esta nueva herramienta podemos nivelar todos los materiales de relleno K\u00f6nig. Esta combinaci\u00f3n de esp\u00e1tula permite trabajar en \u00e1ngulos rectos de 90\u00ba tanto con la mini cuchilla como con el propio cuerpo de la esp\u00e1tula.","og_url":"https:\/\/konigiberica.com\/ca\/producte\/161-espatula-multitusos\/","og_site_name":"K\u00f6nig. T\u00e9cnicas de reparaci\u00f3n y materiales de superficie","article_modified_time":"2024-05-03T07:09:20+00:00","og_image":[{"width":816,"height":490,"url":"https:\/\/konigiberica.com\/wp-content\/uploads\/2023\/12\/Imagen4.jpg","type":"image\/jpeg"}],"twitter_card":"summary_large_image","twitter_misc":{"Temps estimat de lectura":"1 minut"},"schema":{"@context":"https:\/\/schema.org","@graph":[{"@type":"WebPage","@id":"https:\/\/konigiberica.com\/producto\/161-espatula-multitusos\/","url":"https:\/\/konigiberica.com\/producto\/161-espatula-multitusos\/","name":"Esp\u00e1tula Multitusos Combi 161 700 - K\u00f6nig. T\u00e9cnicas de reparaci\u00f3n y materiales de superficie","isPartOf":{"@id":"https:\/\/konigiberica.com\/#website"},"primaryImageOfPage":{"@id":"https:\/\/konigiberica.com\/producto\/161-espatula-multitusos\/#primaryimage"},"image":{"@id":"https:\/\/konigiberica.com\/producto\/161-espatula-multitusos\/#primaryimage"},"thumbnailUrl":"https:\/\/konigiberica.com\/wp-content\/uploads\/2023\/12\/Imagen4.jpg","datePublished":"2023-12-06T13:57:08+00:00","dateModified":"2024-05-03T07:09:20+00:00","breadcrumb":{"@id":"https:\/\/konigiberica.com\/producto\/161-espatula-multitusos\/#breadcrumb"},"inLanguage":"ca","potentialAction":[{"@type":"ReadAction","target":["https:\/\/konigiberica.com\/producto\/161-espatula-multitusos\/"]}]},{"@type":"ImageObject","inLanguage":"ca","@id":"https:\/\/konigiberica.com\/producto\/161-espatula-multitusos\/#primaryimage","url":"https:\/\/konigiberica.com\/wp-content\/uploads\/2023\/12\/Imagen4.jpg","contentUrl":"https:\/\/konigiberica.com\/wp-content\/uploads\/2023\/12\/Imagen4.jpg","width":816,"height":490},{"@type":"BreadcrumbList","@id":"https:\/\/konigiberica.com\/producto\/161-espatula-multitusos\/#breadcrumb","itemListElement":[{"@type":"ListItem","position":1,"name":"Portada","item":"https:\/\/konigiberica.com\/"},{"@type":"ListItem","position":2,"name":"Tienda","item":"https:\/\/konigiberica.com\/tienda\/"},{"@type":"ListItem","position":3,"name":"Esp\u00e1tula Multitusos Combi 161 700"}]},{"@type":"WebSite","@id":"https:\/\/konigiberica.com\/#website","url":"https:\/\/konigiberica.com\/","name":"K\u00f6nig. T\u00e8cniques de reparaci\u00f3 i materials de superf\u00edcie","description":"K\u00f6nig t\u00e9 un nivell d&#039;experi\u00e8ncia inigualable en t\u00e8cniques de reparaci\u00f3 i materials de superf\u00edcies.","potentialAction":[{"@type":"SearchAction","target":{"@type":"EntryPoint","urlTemplate":"https:\/\/konigiberica.com\/?s={search_term_string}"},"query-input":{"@type":"PropertyValueSpecification","valueRequired":true,"valueName":"search_term_string"}}],"inLanguage":"ca"}]}},"_links":{"self":[{"href":"https:\/\/konigiberica.com\/ca\/wp-json\/wp\/v2\/product\/747","targetHints":{"allow":["GET"]}}],"collection":[{"href":"https:\/\/konigiberica.com\/ca\/wp-json\/wp\/v2\/product"}],"about":[{"href":"https:\/\/konigiberica.com\/ca\/wp-json\/wp\/v2\/types\/product"}],"wp:featuredmedia":[{"embeddable":true,"href":"https:\/\/konigiberica.com\/ca\/wp-json\/wp\/v2\/media\/2519"}],"wp:attachment":[{"href":"https:\/\/konigiberica.com\/ca\/wp-json\/wp\/v2\/media?parent=747"}],"wp:term":[{"taxonomy":"product_brand","embeddable":true,"href":"https:\/\/konigiberica.com\/ca\/wp-json\/wp\/v2\/product_brand?post=747"},{"taxonomy":"product_cat","embeddable":true,"href":"https:\/\/konigiberica.com\/ca\/wp-json\/wp\/v2\/product_cat?post=747"},{"taxonomy":"product_tag","embeddable":true,"href":"https:\/\/konigiberica.com\/ca\/wp-json\/wp\/v2\/product_tag?post=747"}],"curies":[{"name":"wp","href":"https:\/\/api.w.org\/{rel}","templated":true}]}}