{"id":765,"date":"2023-12-06T14:02:07","date_gmt":"2023-12-06T14:02:07","guid":{"rendered":"https:\/\/konigiberica.com\/?post_type=product&#038;p=765"},"modified":"2024-05-10T09:23:13","modified_gmt":"2024-05-10T09:23:13","slug":"412-micro-lijas","status":"publish","type":"product","link":"https:\/\/konigiberica.com\/ca\/producte\/412-micro-lijas\/","title":{"rendered":"Micro Lijas 412"},"content":{"rendered":"","protected":false},"excerpt":{"rendered":"<p>Para eliminar puliendo peque\u00f1os ara\u00f1azos sobre superficies barnizadas, acr\u00edlicas, poli\u00e9ster, PVC duro, lat\u00f3n y aluminio. Excelentes resultados sobre superficies alto brillo. Los cristales de las Micro Lijas recubiertos de l\u00e1tex aseguran unos resultados \u00f3ptimos. Aplicaci\u00f3n sobre m\u00e9todo mojado. Las Micro Lijas se pueden limpiar con agua y pueden ser reutilizadas hasta un m\u00e1ximo de 20 veces.<\/p>","protected":false},"featured_media":1416,"template":"","meta":{"neve_meta_sidebar":"","neve_meta_container":"","neve_meta_enable_content_width":"off","neve_meta_content_width":100,"neve_meta_title_alignment":"","neve_meta_author_avatar":"","neve_post_elements_order":"","neve_meta_disable_header":"","neve_meta_disable_footer":"","neve_meta_disable_title":"","neve_meta_reading_time":""},"product_brand":[],"product_cat":[44],"product_tag":[],"class_list":{"0":"post-765","1":"product","2":"type-product","3":"status-publish","4":"has-post-thumbnail","6":"product_cat-otro-material-auxiliar","8":"first","9":"instock","10":"shipping-taxable","11":"product-type-simple"},"yoast_head":"<!-- This site is optimized with the Yoast SEO plugin v26.9 - https:\/\/yoast.com\/product\/yoast-seo-wordpress\/ -->\n<title>Micro Lijas 412 - K\u00f6nig. T\u00e9cnicas de reparaci\u00f3n y materiales de superficie<\/title>\n<meta name=\"robots\" content=\"index, follow, max-snippet:-1, max-image-preview:large, max-video-preview:-1\" \/>\n<link rel=\"canonical\" href=\"https:\/\/konigiberica.com\/ca\/producte\/412-micro-lijas\/\" \/>\n<meta property=\"og:locale\" content=\"ca_ES\" \/>\n<meta property=\"og:type\" content=\"article\" \/>\n<meta property=\"og:title\" content=\"Micro Lijas 412 - K\u00f6nig. T\u00e9cnicas de reparaci\u00f3n y materiales de superficie\" \/>\n<meta property=\"og:description\" content=\"Para eliminar puliendo peque\u00f1os ara\u00f1azos sobre superficies barnizadas, acr\u00edlicas, poli\u00e9ster, PVC duro, lat\u00f3n y aluminio. Excelentes resultados sobre superficies alto brillo. Los cristales de las Micro Lijas recubiertos de l\u00e1tex aseguran unos resultados \u00f3ptimos. Aplicaci\u00f3n sobre m\u00e9todo mojado. Las Micro Lijas se pueden limpiar con agua y pueden ser reutilizadas hasta un m\u00e1ximo de 20 veces.\" \/>\n<meta property=\"og:url\" content=\"https:\/\/konigiberica.com\/ca\/producte\/412-micro-lijas\/\" \/>\n<meta property=\"og:site_name\" content=\"K\u00f6nig. T\u00e9cnicas de reparaci\u00f3n y materiales de superficie\" \/>\n<meta property=\"article:modified_time\" content=\"2024-05-10T09:23:13+00:00\" \/>\n<meta property=\"og:image\" content=\"https:\/\/konigiberica.com\/wp-content\/uploads\/2023\/12\/10fd55e8-67c2-4f82-bf7e-2eef47436924.png\" \/>\n\t<meta property=\"og:image:width\" content=\"1000\" \/>\n\t<meta property=\"og:image:height\" content=\"600\" \/>\n\t<meta property=\"og:image:type\" content=\"image\/png\" \/>\n<meta name=\"twitter:card\" content=\"summary_large_image\" \/>\n<meta name=\"twitter:label1\" content=\"Temps estimat de lectura\" \/>\n\t<meta name=\"twitter:data1\" content=\"1 minut\" \/>\n<script type=\"application\/ld+json\" class=\"yoast-schema-graph\">{\"@context\":\"https:\/\/schema.org\",\"@graph\":[{\"@type\":\"WebPage\",\"@id\":\"https:\/\/konigiberica.com\/producto\/412-micro-lijas\/\",\"url\":\"https:\/\/konigiberica.com\/producto\/412-micro-lijas\/\",\"name\":\"Micro Lijas 412 - K\u00f6nig. T\u00e9cnicas de reparaci\u00f3n y materiales de superficie\",\"isPartOf\":{\"@id\":\"https:\/\/konigiberica.com\/#website\"},\"primaryImageOfPage\":{\"@id\":\"https:\/\/konigiberica.com\/producto\/412-micro-lijas\/#primaryimage\"},\"image\":{\"@id\":\"https:\/\/konigiberica.com\/producto\/412-micro-lijas\/#primaryimage\"},\"thumbnailUrl\":\"https:\/\/konigiberica.com\/wp-content\/uploads\/2023\/12\/10fd55e8-67c2-4f82-bf7e-2eef47436924.png\",\"datePublished\":\"2023-12-06T14:02:07+00:00\",\"dateModified\":\"2024-05-10T09:23:13+00:00\",\"breadcrumb\":{\"@id\":\"https:\/\/konigiberica.com\/producto\/412-micro-lijas\/#breadcrumb\"},\"inLanguage\":\"ca\",\"potentialAction\":[{\"@type\":\"ReadAction\",\"target\":[\"https:\/\/konigiberica.com\/producto\/412-micro-lijas\/\"]}]},{\"@type\":\"ImageObject\",\"inLanguage\":\"ca\",\"@id\":\"https:\/\/konigiberica.com\/producto\/412-micro-lijas\/#primaryimage\",\"url\":\"https:\/\/konigiberica.com\/wp-content\/uploads\/2023\/12\/10fd55e8-67c2-4f82-bf7e-2eef47436924.png\",\"contentUrl\":\"https:\/\/konigiberica.com\/wp-content\/uploads\/2023\/12\/10fd55e8-67c2-4f82-bf7e-2eef47436924.png\",\"width\":1000,\"height\":600},{\"@type\":\"BreadcrumbList\",\"@id\":\"https:\/\/konigiberica.com\/producto\/412-micro-lijas\/#breadcrumb\",\"itemListElement\":[{\"@type\":\"ListItem\",\"position\":1,\"name\":\"Portada\",\"item\":\"https:\/\/konigiberica.com\/\"},{\"@type\":\"ListItem\",\"position\":2,\"name\":\"Tienda\",\"item\":\"https:\/\/konigiberica.com\/tienda\/\"},{\"@type\":\"ListItem\",\"position\":3,\"name\":\"Micro Lijas 412\"}]},{\"@type\":\"WebSite\",\"@id\":\"https:\/\/konigiberica.com\/#website\",\"url\":\"https:\/\/konigiberica.com\/\",\"name\":\"K\u00f6nig. T\u00e9cnicas de reparaci\u00f3n y materiales de superficie\",\"description\":\"K\u00f6nig tiene un nivel inigualable de experiencia en t\u00e9cnicas de reparaci\u00f3n y materiales de superficies.\",\"potentialAction\":[{\"@type\":\"SearchAction\",\"target\":{\"@type\":\"EntryPoint\",\"urlTemplate\":\"https:\/\/konigiberica.com\/?s={search_term_string}\"},\"query-input\":{\"@type\":\"PropertyValueSpecification\",\"valueRequired\":true,\"valueName\":\"search_term_string\"}}],\"inLanguage\":\"ca\"}]}<\/script>\n<!-- \/ Yoast SEO plugin. -->","yoast_head_json":{"title":"Micro Lijas 412 - K\u00f6nig. T\u00e9cnicas de reparaci\u00f3n y materiales de superficie","robots":{"index":"index","follow":"follow","max-snippet":"max-snippet:-1","max-image-preview":"max-image-preview:large","max-video-preview":"max-video-preview:-1"},"canonical":"https:\/\/konigiberica.com\/ca\/producte\/412-micro-lijas\/","og_locale":"ca_ES","og_type":"article","og_title":"Micro Lijas 412 - K\u00f6nig. T\u00e9cnicas de reparaci\u00f3n y materiales de superficie","og_description":"Para eliminar puliendo peque\u00f1os ara\u00f1azos sobre superficies barnizadas, acr\u00edlicas, poli\u00e9ster, PVC duro, lat\u00f3n y aluminio. Excelentes resultados sobre superficies alto brillo. Los cristales de las Micro Lijas recubiertos de l\u00e1tex aseguran unos resultados \u00f3ptimos. Aplicaci\u00f3n sobre m\u00e9todo mojado. Las Micro Lijas se pueden limpiar con agua y pueden ser reutilizadas hasta un m\u00e1ximo de 20 veces.","og_url":"https:\/\/konigiberica.com\/ca\/producte\/412-micro-lijas\/","og_site_name":"K\u00f6nig. T\u00e9cnicas de reparaci\u00f3n y materiales de superficie","article_modified_time":"2024-05-10T09:23:13+00:00","og_image":[{"width":1000,"height":600,"url":"https:\/\/konigiberica.com\/wp-content\/uploads\/2023\/12\/10fd55e8-67c2-4f82-bf7e-2eef47436924.png","type":"image\/png"}],"twitter_card":"summary_large_image","twitter_misc":{"Temps estimat de lectura":"1 minut"},"schema":{"@context":"https:\/\/schema.org","@graph":[{"@type":"WebPage","@id":"https:\/\/konigiberica.com\/producto\/412-micro-lijas\/","url":"https:\/\/konigiberica.com\/producto\/412-micro-lijas\/","name":"Micro Lijas 412 - K\u00f6nig. T\u00e9cnicas de reparaci\u00f3n y materiales de superficie","isPartOf":{"@id":"https:\/\/konigiberica.com\/#website"},"primaryImageOfPage":{"@id":"https:\/\/konigiberica.com\/producto\/412-micro-lijas\/#primaryimage"},"image":{"@id":"https:\/\/konigiberica.com\/producto\/412-micro-lijas\/#primaryimage"},"thumbnailUrl":"https:\/\/konigiberica.com\/wp-content\/uploads\/2023\/12\/10fd55e8-67c2-4f82-bf7e-2eef47436924.png","datePublished":"2023-12-06T14:02:07+00:00","dateModified":"2024-05-10T09:23:13+00:00","breadcrumb":{"@id":"https:\/\/konigiberica.com\/producto\/412-micro-lijas\/#breadcrumb"},"inLanguage":"ca","potentialAction":[{"@type":"ReadAction","target":["https:\/\/konigiberica.com\/producto\/412-micro-lijas\/"]}]},{"@type":"ImageObject","inLanguage":"ca","@id":"https:\/\/konigiberica.com\/producto\/412-micro-lijas\/#primaryimage","url":"https:\/\/konigiberica.com\/wp-content\/uploads\/2023\/12\/10fd55e8-67c2-4f82-bf7e-2eef47436924.png","contentUrl":"https:\/\/konigiberica.com\/wp-content\/uploads\/2023\/12\/10fd55e8-67c2-4f82-bf7e-2eef47436924.png","width":1000,"height":600},{"@type":"BreadcrumbList","@id":"https:\/\/konigiberica.com\/producto\/412-micro-lijas\/#breadcrumb","itemListElement":[{"@type":"ListItem","position":1,"name":"Portada","item":"https:\/\/konigiberica.com\/"},{"@type":"ListItem","position":2,"name":"Tienda","item":"https:\/\/konigiberica.com\/tienda\/"},{"@type":"ListItem","position":3,"name":"Micro Lijas 412"}]},{"@type":"WebSite","@id":"https:\/\/konigiberica.com\/#website","url":"https:\/\/konigiberica.com\/","name":"K\u00f6nig. T\u00e8cniques de reparaci\u00f3 i materials de superf\u00edcie","description":"K\u00f6nig t\u00e9 un nivell d&#039;experi\u00e8ncia inigualable en t\u00e8cniques de reparaci\u00f3 i materials de superf\u00edcies.","potentialAction":[{"@type":"SearchAction","target":{"@type":"EntryPoint","urlTemplate":"https:\/\/konigiberica.com\/?s={search_term_string}"},"query-input":{"@type":"PropertyValueSpecification","valueRequired":true,"valueName":"search_term_string"}}],"inLanguage":"ca"}]}},"_links":{"self":[{"href":"https:\/\/konigiberica.com\/ca\/wp-json\/wp\/v2\/product\/765","targetHints":{"allow":["GET"]}}],"collection":[{"href":"https:\/\/konigiberica.com\/ca\/wp-json\/wp\/v2\/product"}],"about":[{"href":"https:\/\/konigiberica.com\/ca\/wp-json\/wp\/v2\/types\/product"}],"wp:featuredmedia":[{"embeddable":true,"href":"https:\/\/konigiberica.com\/ca\/wp-json\/wp\/v2\/media\/1416"}],"wp:attachment":[{"href":"https:\/\/konigiberica.com\/ca\/wp-json\/wp\/v2\/media?parent=765"}],"wp:term":[{"taxonomy":"product_brand","embeddable":true,"href":"https:\/\/konigiberica.com\/ca\/wp-json\/wp\/v2\/product_brand?post=765"},{"taxonomy":"product_cat","embeddable":true,"href":"https:\/\/konigiberica.com\/ca\/wp-json\/wp\/v2\/product_cat?post=765"},{"taxonomy":"product_tag","embeddable":true,"href":"https:\/\/konigiberica.com\/ca\/wp-json\/wp\/v2\/product_tag?post=765"}],"curies":[{"name":"wp","href":"https:\/\/api.w.org\/{rel}","templated":true}]}}