{"id":897,"date":"2023-12-06T18:48:44","date_gmt":"2023-12-06T18:48:44","guid":{"rendered":"https:\/\/konigiberica.com\/?post_type=product&#038;p=897"},"modified":"2024-05-10T09:01:17","modified_gmt":"2024-05-10T09:01:17","slug":"438-fundidor-a-pilas","status":"publish","type":"product","link":"https:\/\/konigiberica.com\/ca\/producte\/438-fundidor-a-pilas\/","title":{"rendered":"Fundidor a Pilas 438 650"},"content":{"rendered":"","protected":false},"excerpt":{"rendered":"<p><strong>Usos i Proc\u00e9s<\/strong><\/p>\n<p>Aparell de fusi\u00f3 m\u00f2bil a piles per fondre, modelar i barrejar colors de ceres. Molt f\u00e0cil de fer servir i ajustar la temperatura depenent del material de farciment que s&#039;estigui utilitzant.<\/p>\n<p><strong>Caracter\u00edstiques<\/strong><\/p>\n<p>V\u00e0lid per fondre Ceres Dures, S\u00faper Dures i Cer\u00e0mica. Temperatura 135 Graus. Explicacions incloses al lliurament.<\/p>","protected":false},"featured_media":971,"template":"","meta":{"neve_meta_sidebar":"","neve_meta_container":"","neve_meta_enable_content_width":"off","neve_meta_content_width":100,"neve_meta_title_alignment":"","neve_meta_author_avatar":"","neve_post_elements_order":"","neve_meta_disable_header":"","neve_meta_disable_footer":"","neve_meta_disable_title":"","neve_meta_reading_time":""},"product_brand":[],"product_cat":[42],"product_tag":[],"class_list":{"0":"post-897","1":"product","2":"type-product","3":"status-publish","4":"has-post-thumbnail","6":"product_cat-fundidores","8":"first","9":"instock","10":"shipping-taxable","11":"product-type-simple"},"yoast_head":"<!-- This site is optimized with the Yoast SEO plugin v26.9 - https:\/\/yoast.com\/product\/yoast-seo-wordpress\/ -->\n<title>Fundidor a Pilas 438 650 - K\u00f6nig. T\u00e9cnicas de reparaci\u00f3n y materiales de superficie<\/title>\n<meta name=\"robots\" content=\"index, follow, max-snippet:-1, max-image-preview:large, max-video-preview:-1\" \/>\n<link rel=\"canonical\" href=\"https:\/\/konigiberica.com\/ca\/producte\/438-fundidor-a-pilas\/\" \/>\n<meta property=\"og:locale\" content=\"ca_ES\" \/>\n<meta property=\"og:type\" content=\"article\" \/>\n<meta property=\"og:title\" content=\"Fundidor a Pilas 438 650 - K\u00f6nig. T\u00e9cnicas de reparaci\u00f3n y materiales de superficie\" \/>\n<meta property=\"og:description\" content=\"Usos y Proceso  Aparato de fusi\u00f3n m\u00f3vil a pilas para fundir, moldear y mezclar colores de ceras. Muy f\u00e1cil de usar y ajustar la temperatura dependiendo del material de relleno que se est\u00e9 utilizando.  Caracter\u00edsticas  V\u00e1lido para fundir Ceras Duras, S\u00faper Duras y Cer\u00e1mica. Temperatura 135 Grados. Explicaciones incluidas en la entrega.\" \/>\n<meta property=\"og:url\" content=\"https:\/\/konigiberica.com\/ca\/producte\/438-fundidor-a-pilas\/\" \/>\n<meta property=\"og:site_name\" content=\"K\u00f6nig. T\u00e9cnicas de reparaci\u00f3n y materiales de superficie\" \/>\n<meta property=\"article:modified_time\" content=\"2024-05-10T09:01:17+00:00\" \/>\n<meta property=\"og:image\" content=\"https:\/\/konigiberica.com\/wp-content\/uploads\/2023\/12\/367f23af-e104-4fbe-b685-66695968fc5e.png\" \/>\n\t<meta property=\"og:image:width\" content=\"750\" \/>\n\t<meta property=\"og:image:height\" content=\"668\" \/>\n\t<meta property=\"og:image:type\" content=\"image\/png\" \/>\n<meta name=\"twitter:card\" content=\"summary_large_image\" \/>\n<meta name=\"twitter:label1\" content=\"Temps estimat de lectura\" \/>\n\t<meta name=\"twitter:data1\" content=\"1 minut\" \/>\n<script type=\"application\/ld+json\" class=\"yoast-schema-graph\">{\"@context\":\"https:\/\/schema.org\",\"@graph\":[{\"@type\":\"WebPage\",\"@id\":\"https:\/\/konigiberica.com\/producto\/438-fundidor-a-pilas\/\",\"url\":\"https:\/\/konigiberica.com\/producto\/438-fundidor-a-pilas\/\",\"name\":\"Fundidor a Pilas 438 650 - K\u00f6nig. T\u00e9cnicas de reparaci\u00f3n y materiales de superficie\",\"isPartOf\":{\"@id\":\"https:\/\/konigiberica.com\/#website\"},\"primaryImageOfPage\":{\"@id\":\"https:\/\/konigiberica.com\/producto\/438-fundidor-a-pilas\/#primaryimage\"},\"image\":{\"@id\":\"https:\/\/konigiberica.com\/producto\/438-fundidor-a-pilas\/#primaryimage\"},\"thumbnailUrl\":\"https:\/\/konigiberica.com\/wp-content\/uploads\/2023\/12\/367f23af-e104-4fbe-b685-66695968fc5e.png\",\"datePublished\":\"2023-12-06T18:48:44+00:00\",\"dateModified\":\"2024-05-10T09:01:17+00:00\",\"breadcrumb\":{\"@id\":\"https:\/\/konigiberica.com\/producto\/438-fundidor-a-pilas\/#breadcrumb\"},\"inLanguage\":\"ca\",\"potentialAction\":[{\"@type\":\"ReadAction\",\"target\":[\"https:\/\/konigiberica.com\/producto\/438-fundidor-a-pilas\/\"]}]},{\"@type\":\"ImageObject\",\"inLanguage\":\"ca\",\"@id\":\"https:\/\/konigiberica.com\/producto\/438-fundidor-a-pilas\/#primaryimage\",\"url\":\"https:\/\/konigiberica.com\/wp-content\/uploads\/2023\/12\/367f23af-e104-4fbe-b685-66695968fc5e.png\",\"contentUrl\":\"https:\/\/konigiberica.com\/wp-content\/uploads\/2023\/12\/367f23af-e104-4fbe-b685-66695968fc5e.png\",\"width\":750,\"height\":668},{\"@type\":\"BreadcrumbList\",\"@id\":\"https:\/\/konigiberica.com\/producto\/438-fundidor-a-pilas\/#breadcrumb\",\"itemListElement\":[{\"@type\":\"ListItem\",\"position\":1,\"name\":\"Portada\",\"item\":\"https:\/\/konigiberica.com\/\"},{\"@type\":\"ListItem\",\"position\":2,\"name\":\"Tienda\",\"item\":\"https:\/\/konigiberica.com\/tienda\/\"},{\"@type\":\"ListItem\",\"position\":3,\"name\":\"Fundidor a Pilas 438 650\"}]},{\"@type\":\"WebSite\",\"@id\":\"https:\/\/konigiberica.com\/#website\",\"url\":\"https:\/\/konigiberica.com\/\",\"name\":\"K\u00f6nig. T\u00e9cnicas de reparaci\u00f3n y materiales de superficie\",\"description\":\"K\u00f6nig tiene un nivel inigualable de experiencia en t\u00e9cnicas de reparaci\u00f3n y materiales de superficies.\",\"potentialAction\":[{\"@type\":\"SearchAction\",\"target\":{\"@type\":\"EntryPoint\",\"urlTemplate\":\"https:\/\/konigiberica.com\/?s={search_term_string}\"},\"query-input\":{\"@type\":\"PropertyValueSpecification\",\"valueRequired\":true,\"valueName\":\"search_term_string\"}}],\"inLanguage\":\"ca\"}]}<\/script>\n<!-- \/ Yoast SEO plugin. -->","yoast_head_json":{"title":"Fundidor a Pilas 438 650 - K\u00f6nig. T\u00e9cnicas de reparaci\u00f3n y materiales de superficie","robots":{"index":"index","follow":"follow","max-snippet":"max-snippet:-1","max-image-preview":"max-image-preview:large","max-video-preview":"max-video-preview:-1"},"canonical":"https:\/\/konigiberica.com\/ca\/producte\/438-fundidor-a-pilas\/","og_locale":"ca_ES","og_type":"article","og_title":"Fundidor a Pilas 438 650 - K\u00f6nig. T\u00e9cnicas de reparaci\u00f3n y materiales de superficie","og_description":"Usos y Proceso  Aparato de fusi\u00f3n m\u00f3vil a pilas para fundir, moldear y mezclar colores de ceras. Muy f\u00e1cil de usar y ajustar la temperatura dependiendo del material de relleno que se est\u00e9 utilizando.  Caracter\u00edsticas  V\u00e1lido para fundir Ceras Duras, S\u00faper Duras y Cer\u00e1mica. Temperatura 135 Grados. Explicaciones incluidas en la entrega.","og_url":"https:\/\/konigiberica.com\/ca\/producte\/438-fundidor-a-pilas\/","og_site_name":"K\u00f6nig. T\u00e9cnicas de reparaci\u00f3n y materiales de superficie","article_modified_time":"2024-05-10T09:01:17+00:00","og_image":[{"width":750,"height":668,"url":"https:\/\/konigiberica.com\/wp-content\/uploads\/2023\/12\/367f23af-e104-4fbe-b685-66695968fc5e.png","type":"image\/png"}],"twitter_card":"summary_large_image","twitter_misc":{"Temps estimat de lectura":"1 minut"},"schema":{"@context":"https:\/\/schema.org","@graph":[{"@type":"WebPage","@id":"https:\/\/konigiberica.com\/producto\/438-fundidor-a-pilas\/","url":"https:\/\/konigiberica.com\/producto\/438-fundidor-a-pilas\/","name":"Fundidor a Pilas 438 650 - K\u00f6nig. T\u00e9cnicas de reparaci\u00f3n y materiales de superficie","isPartOf":{"@id":"https:\/\/konigiberica.com\/#website"},"primaryImageOfPage":{"@id":"https:\/\/konigiberica.com\/producto\/438-fundidor-a-pilas\/#primaryimage"},"image":{"@id":"https:\/\/konigiberica.com\/producto\/438-fundidor-a-pilas\/#primaryimage"},"thumbnailUrl":"https:\/\/konigiberica.com\/wp-content\/uploads\/2023\/12\/367f23af-e104-4fbe-b685-66695968fc5e.png","datePublished":"2023-12-06T18:48:44+00:00","dateModified":"2024-05-10T09:01:17+00:00","breadcrumb":{"@id":"https:\/\/konigiberica.com\/producto\/438-fundidor-a-pilas\/#breadcrumb"},"inLanguage":"ca","potentialAction":[{"@type":"ReadAction","target":["https:\/\/konigiberica.com\/producto\/438-fundidor-a-pilas\/"]}]},{"@type":"ImageObject","inLanguage":"ca","@id":"https:\/\/konigiberica.com\/producto\/438-fundidor-a-pilas\/#primaryimage","url":"https:\/\/konigiberica.com\/wp-content\/uploads\/2023\/12\/367f23af-e104-4fbe-b685-66695968fc5e.png","contentUrl":"https:\/\/konigiberica.com\/wp-content\/uploads\/2023\/12\/367f23af-e104-4fbe-b685-66695968fc5e.png","width":750,"height":668},{"@type":"BreadcrumbList","@id":"https:\/\/konigiberica.com\/producto\/438-fundidor-a-pilas\/#breadcrumb","itemListElement":[{"@type":"ListItem","position":1,"name":"Portada","item":"https:\/\/konigiberica.com\/"},{"@type":"ListItem","position":2,"name":"Tienda","item":"https:\/\/konigiberica.com\/tienda\/"},{"@type":"ListItem","position":3,"name":"Fundidor a Pilas 438 650"}]},{"@type":"WebSite","@id":"https:\/\/konigiberica.com\/#website","url":"https:\/\/konigiberica.com\/","name":"K\u00f6nig. T\u00e8cniques de reparaci\u00f3 i materials de superf\u00edcie","description":"K\u00f6nig t\u00e9 un nivell d&#039;experi\u00e8ncia inigualable en t\u00e8cniques de reparaci\u00f3 i materials de superf\u00edcies.","potentialAction":[{"@type":"SearchAction","target":{"@type":"EntryPoint","urlTemplate":"https:\/\/konigiberica.com\/?s={search_term_string}"},"query-input":{"@type":"PropertyValueSpecification","valueRequired":true,"valueName":"search_term_string"}}],"inLanguage":"ca"}]}},"_links":{"self":[{"href":"https:\/\/konigiberica.com\/ca\/wp-json\/wp\/v2\/product\/897","targetHints":{"allow":["GET"]}}],"collection":[{"href":"https:\/\/konigiberica.com\/ca\/wp-json\/wp\/v2\/product"}],"about":[{"href":"https:\/\/konigiberica.com\/ca\/wp-json\/wp\/v2\/types\/product"}],"wp:featuredmedia":[{"embeddable":true,"href":"https:\/\/konigiberica.com\/ca\/wp-json\/wp\/v2\/media\/971"}],"wp:attachment":[{"href":"https:\/\/konigiberica.com\/ca\/wp-json\/wp\/v2\/media?parent=897"}],"wp:term":[{"taxonomy":"product_brand","embeddable":true,"href":"https:\/\/konigiberica.com\/ca\/wp-json\/wp\/v2\/product_brand?post=897"},{"taxonomy":"product_cat","embeddable":true,"href":"https:\/\/konigiberica.com\/ca\/wp-json\/wp\/v2\/product_cat?post=897"},{"taxonomy":"product_tag","embeddable":true,"href":"https:\/\/konigiberica.com\/ca\/wp-json\/wp\/v2\/product_tag?post=897"}],"curies":[{"name":"wp","href":"https:\/\/api.w.org\/{rel}","templated":true}]}}