{"id":915,"date":"2023-12-06T19:29:25","date_gmt":"2023-12-06T19:29:25","guid":{"rendered":"https:\/\/konigiberica.com\/?post_type=product&#038;p=915"},"modified":"2024-05-10T09:20:28","modified_gmt":"2024-05-10T09:20:28","slug":"puntas-de-recambio","status":"publish","type":"product","link":"https:\/\/konigiberica.com\/ca\/producte\/puntas-de-recambio\/","title":{"rendered":"Puntas de Recambio"},"content":{"rendered":"","protected":false},"excerpt":{"rendered":"<ol>\n<li>\u00a0 EB2200\u00a0 \u00a0 \u00a0Bl\u00edster L\u00e1piz de Retoque redonda<\/li>\n<li>\u00a0 EB2265\u00a0 \u00a0 \u00a0 Remarcador de Veta<\/li>\n<li>\u00a0 EB2275\u00a0 \u00a0 \u00a0 L\u00e1piz de Retoque<\/li>\n<li>\u00a0 EB2277\u00a0 \u00a0 \u00a0 Bl\u00edster L\u00e1piz de Retoque plana<\/li>\n<li>\u00a0 EB2898\u00a0 \u00a0 \u00a0Kanten Fix PREMIUM<\/li>\n<li>\u00a0 EB2890\u00a0 \u00a0 \u00a0Barniz de Acabado Pinsel Fix<\/li>\n<\/ol>","protected":false},"featured_media":997,"template":"","meta":{"neve_meta_sidebar":"","neve_meta_container":"","neve_meta_enable_content_width":"off","neve_meta_content_width":100,"neve_meta_title_alignment":"","neve_meta_author_avatar":"","neve_post_elements_order":"","neve_meta_disable_header":"","neve_meta_disable_footer":"","neve_meta_disable_title":"","neve_meta_reading_time":""},"product_brand":[],"product_cat":[44],"product_tag":[],"class_list":{"0":"post-915","1":"product","2":"type-product","3":"status-publish","4":"has-post-thumbnail","6":"product_cat-otro-material-auxiliar","8":"first","9":"instock","10":"shipping-taxable","11":"product-type-simple"},"yoast_head":"<!-- This site is optimized with the Yoast SEO plugin v26.9 - https:\/\/yoast.com\/product\/yoast-seo-wordpress\/ -->\n<title>Puntas de Recambio - K\u00f6nig. T\u00e9cnicas de reparaci\u00f3n y materiales de superficie<\/title>\n<meta name=\"robots\" content=\"index, follow, max-snippet:-1, max-image-preview:large, max-video-preview:-1\" \/>\n<link rel=\"canonical\" href=\"https:\/\/konigiberica.com\/ca\/producte\/puntas-de-recambio\/\" \/>\n<meta property=\"og:locale\" content=\"ca_ES\" \/>\n<meta property=\"og:type\" content=\"article\" \/>\n<meta property=\"og:title\" content=\"Puntas de Recambio - K\u00f6nig. T\u00e9cnicas de reparaci\u00f3n y materiales de superficie\" \/>\n<meta property=\"og:description\" content=\"\u00a0 EB2200\u00a0 \u00a0 \u00a0Bl\u00edster L\u00e1piz de Retoque redonda  \u00a0 EB2265\u00a0 \u00a0 \u00a0 Remarcador de Veta  \u00a0 EB2275\u00a0 \u00a0 \u00a0 L\u00e1piz de Retoque  \u00a0 EB2277\u00a0 \u00a0 \u00a0 Bl\u00edster L\u00e1piz de Retoque plana  \u00a0 EB2898\u00a0 \u00a0 \u00a0Kanten Fix PREMIUM  \u00a0 EB2890\u00a0 \u00a0 \u00a0Barniz de Acabado Pinsel Fix\" \/>\n<meta property=\"og:url\" content=\"https:\/\/konigiberica.com\/ca\/producte\/puntas-de-recambio\/\" \/>\n<meta property=\"og:site_name\" content=\"K\u00f6nig. T\u00e9cnicas de reparaci\u00f3n y materiales de superficie\" \/>\n<meta property=\"article:modified_time\" content=\"2024-05-10T09:20:28+00:00\" \/>\n<meta property=\"og:image\" content=\"https:\/\/konigiberica.com\/wp-content\/uploads\/2023\/12\/5405790a-4c23-404c-9513-a5dea5c984b6.png\" \/>\n\t<meta property=\"og:image:width\" content=\"351\" \/>\n\t<meta property=\"og:image:height\" content=\"197\" \/>\n\t<meta property=\"og:image:type\" content=\"image\/png\" \/>\n<meta name=\"twitter:card\" content=\"summary_large_image\" \/>\n<meta name=\"twitter:label1\" content=\"Temps estimat de lectura\" \/>\n\t<meta name=\"twitter:data1\" content=\"1 minut\" \/>\n<script type=\"application\/ld+json\" class=\"yoast-schema-graph\">{\"@context\":\"https:\/\/schema.org\",\"@graph\":[{\"@type\":\"WebPage\",\"@id\":\"https:\/\/konigiberica.com\/producto\/puntas-de-recambio\/\",\"url\":\"https:\/\/konigiberica.com\/producto\/puntas-de-recambio\/\",\"name\":\"Puntas de Recambio - K\u00f6nig. T\u00e9cnicas de reparaci\u00f3n y materiales de superficie\",\"isPartOf\":{\"@id\":\"https:\/\/konigiberica.com\/#website\"},\"primaryImageOfPage\":{\"@id\":\"https:\/\/konigiberica.com\/producto\/puntas-de-recambio\/#primaryimage\"},\"image\":{\"@id\":\"https:\/\/konigiberica.com\/producto\/puntas-de-recambio\/#primaryimage\"},\"thumbnailUrl\":\"https:\/\/konigiberica.com\/wp-content\/uploads\/2023\/12\/5405790a-4c23-404c-9513-a5dea5c984b6.png\",\"datePublished\":\"2023-12-06T19:29:25+00:00\",\"dateModified\":\"2024-05-10T09:20:28+00:00\",\"breadcrumb\":{\"@id\":\"https:\/\/konigiberica.com\/producto\/puntas-de-recambio\/#breadcrumb\"},\"inLanguage\":\"ca\",\"potentialAction\":[{\"@type\":\"ReadAction\",\"target\":[\"https:\/\/konigiberica.com\/producto\/puntas-de-recambio\/\"]}]},{\"@type\":\"ImageObject\",\"inLanguage\":\"ca\",\"@id\":\"https:\/\/konigiberica.com\/producto\/puntas-de-recambio\/#primaryimage\",\"url\":\"https:\/\/konigiberica.com\/wp-content\/uploads\/2023\/12\/5405790a-4c23-404c-9513-a5dea5c984b6.png\",\"contentUrl\":\"https:\/\/konigiberica.com\/wp-content\/uploads\/2023\/12\/5405790a-4c23-404c-9513-a5dea5c984b6.png\",\"width\":351,\"height\":197},{\"@type\":\"BreadcrumbList\",\"@id\":\"https:\/\/konigiberica.com\/producto\/puntas-de-recambio\/#breadcrumb\",\"itemListElement\":[{\"@type\":\"ListItem\",\"position\":1,\"name\":\"Portada\",\"item\":\"https:\/\/konigiberica.com\/\"},{\"@type\":\"ListItem\",\"position\":2,\"name\":\"Tienda\",\"item\":\"https:\/\/konigiberica.com\/tienda\/\"},{\"@type\":\"ListItem\",\"position\":3,\"name\":\"Puntas de Recambio\"}]},{\"@type\":\"WebSite\",\"@id\":\"https:\/\/konigiberica.com\/#website\",\"url\":\"https:\/\/konigiberica.com\/\",\"name\":\"K\u00f6nig. T\u00e9cnicas de reparaci\u00f3n y materiales de superficie\",\"description\":\"K\u00f6nig tiene un nivel inigualable de experiencia en t\u00e9cnicas de reparaci\u00f3n y materiales de superficies.\",\"potentialAction\":[{\"@type\":\"SearchAction\",\"target\":{\"@type\":\"EntryPoint\",\"urlTemplate\":\"https:\/\/konigiberica.com\/?s={search_term_string}\"},\"query-input\":{\"@type\":\"PropertyValueSpecification\",\"valueRequired\":true,\"valueName\":\"search_term_string\"}}],\"inLanguage\":\"ca\"}]}<\/script>\n<!-- \/ Yoast SEO plugin. -->","yoast_head_json":{"title":"Puntas de Recambio - K\u00f6nig. T\u00e9cnicas de reparaci\u00f3n y materiales de superficie","robots":{"index":"index","follow":"follow","max-snippet":"max-snippet:-1","max-image-preview":"max-image-preview:large","max-video-preview":"max-video-preview:-1"},"canonical":"https:\/\/konigiberica.com\/ca\/producte\/puntas-de-recambio\/","og_locale":"ca_ES","og_type":"article","og_title":"Puntas de Recambio - K\u00f6nig. T\u00e9cnicas de reparaci\u00f3n y materiales de superficie","og_description":"\u00a0 EB2200\u00a0 \u00a0 \u00a0Bl\u00edster L\u00e1piz de Retoque redonda  \u00a0 EB2265\u00a0 \u00a0 \u00a0 Remarcador de Veta  \u00a0 EB2275\u00a0 \u00a0 \u00a0 L\u00e1piz de Retoque  \u00a0 EB2277\u00a0 \u00a0 \u00a0 Bl\u00edster L\u00e1piz de Retoque plana  \u00a0 EB2898\u00a0 \u00a0 \u00a0Kanten Fix PREMIUM  \u00a0 EB2890\u00a0 \u00a0 \u00a0Barniz de Acabado Pinsel Fix","og_url":"https:\/\/konigiberica.com\/ca\/producte\/puntas-de-recambio\/","og_site_name":"K\u00f6nig. T\u00e9cnicas de reparaci\u00f3n y materiales de superficie","article_modified_time":"2024-05-10T09:20:28+00:00","og_image":[{"width":351,"height":197,"url":"https:\/\/konigiberica.com\/wp-content\/uploads\/2023\/12\/5405790a-4c23-404c-9513-a5dea5c984b6.png","type":"image\/png"}],"twitter_card":"summary_large_image","twitter_misc":{"Temps estimat de lectura":"1 minut"},"schema":{"@context":"https:\/\/schema.org","@graph":[{"@type":"WebPage","@id":"https:\/\/konigiberica.com\/producto\/puntas-de-recambio\/","url":"https:\/\/konigiberica.com\/producto\/puntas-de-recambio\/","name":"Puntas de Recambio - K\u00f6nig. T\u00e9cnicas de reparaci\u00f3n y materiales de superficie","isPartOf":{"@id":"https:\/\/konigiberica.com\/#website"},"primaryImageOfPage":{"@id":"https:\/\/konigiberica.com\/producto\/puntas-de-recambio\/#primaryimage"},"image":{"@id":"https:\/\/konigiberica.com\/producto\/puntas-de-recambio\/#primaryimage"},"thumbnailUrl":"https:\/\/konigiberica.com\/wp-content\/uploads\/2023\/12\/5405790a-4c23-404c-9513-a5dea5c984b6.png","datePublished":"2023-12-06T19:29:25+00:00","dateModified":"2024-05-10T09:20:28+00:00","breadcrumb":{"@id":"https:\/\/konigiberica.com\/producto\/puntas-de-recambio\/#breadcrumb"},"inLanguage":"ca","potentialAction":[{"@type":"ReadAction","target":["https:\/\/konigiberica.com\/producto\/puntas-de-recambio\/"]}]},{"@type":"ImageObject","inLanguage":"ca","@id":"https:\/\/konigiberica.com\/producto\/puntas-de-recambio\/#primaryimage","url":"https:\/\/konigiberica.com\/wp-content\/uploads\/2023\/12\/5405790a-4c23-404c-9513-a5dea5c984b6.png","contentUrl":"https:\/\/konigiberica.com\/wp-content\/uploads\/2023\/12\/5405790a-4c23-404c-9513-a5dea5c984b6.png","width":351,"height":197},{"@type":"BreadcrumbList","@id":"https:\/\/konigiberica.com\/producto\/puntas-de-recambio\/#breadcrumb","itemListElement":[{"@type":"ListItem","position":1,"name":"Portada","item":"https:\/\/konigiberica.com\/"},{"@type":"ListItem","position":2,"name":"Tienda","item":"https:\/\/konigiberica.com\/tienda\/"},{"@type":"ListItem","position":3,"name":"Puntas de Recambio"}]},{"@type":"WebSite","@id":"https:\/\/konigiberica.com\/#website","url":"https:\/\/konigiberica.com\/","name":"K\u00f6nig. T\u00e8cniques de reparaci\u00f3 i materials de superf\u00edcie","description":"K\u00f6nig t\u00e9 un nivell d&#039;experi\u00e8ncia inigualable en t\u00e8cniques de reparaci\u00f3 i materials de superf\u00edcies.","potentialAction":[{"@type":"SearchAction","target":{"@type":"EntryPoint","urlTemplate":"https:\/\/konigiberica.com\/?s={search_term_string}"},"query-input":{"@type":"PropertyValueSpecification","valueRequired":true,"valueName":"search_term_string"}}],"inLanguage":"ca"}]}},"_links":{"self":[{"href":"https:\/\/konigiberica.com\/ca\/wp-json\/wp\/v2\/product\/915","targetHints":{"allow":["GET"]}}],"collection":[{"href":"https:\/\/konigiberica.com\/ca\/wp-json\/wp\/v2\/product"}],"about":[{"href":"https:\/\/konigiberica.com\/ca\/wp-json\/wp\/v2\/types\/product"}],"wp:featuredmedia":[{"embeddable":true,"href":"https:\/\/konigiberica.com\/ca\/wp-json\/wp\/v2\/media\/997"}],"wp:attachment":[{"href":"https:\/\/konigiberica.com\/ca\/wp-json\/wp\/v2\/media?parent=915"}],"wp:term":[{"taxonomy":"product_brand","embeddable":true,"href":"https:\/\/konigiberica.com\/ca\/wp-json\/wp\/v2\/product_brand?post=915"},{"taxonomy":"product_cat","embeddable":true,"href":"https:\/\/konigiberica.com\/ca\/wp-json\/wp\/v2\/product_cat?post=915"},{"taxonomy":"product_tag","embeddable":true,"href":"https:\/\/konigiberica.com\/ca\/wp-json\/wp\/v2\/product_tag?post=915"}],"curies":[{"name":"wp","href":"https:\/\/api.w.org\/{rel}","templated":true}]}}