{"id":1507,"date":"2024-01-10T10:39:55","date_gmt":"2024-01-10T10:39:55","guid":{"rendered":"https:\/\/konigiberica.com\/?post_type=product&#038;p=1507"},"modified":"2024-05-02T07:13:03","modified_gmt":"2024-05-02T07:13:03","slug":"ceras-liquidas","status":"publish","type":"product","link":"https:\/\/konigiberica.com\/en\/product\/ceras-liquidas\/","title":{"rendered":"Ceras L\u00edquidas 6010"},"content":{"rendered":"","protected":false},"excerpt":{"rendered":"<p><strong>Usos y Procesos<\/strong><\/p>\n<p>Ideal para el cuidado y mantenimiento de la madera.<\/p>\n<p><strong>Characteristics<\/strong><\/p>\n<p>Combinaci\u00f3n de cera de abeja, ceras sint\u00e9ticas e hidrocarburos arom\u00e1ticos ligeros.<\/p>","protected":false},"featured_media":1536,"template":"","meta":{"neve_meta_sidebar":"","neve_meta_container":"","neve_meta_enable_content_width":"off","neve_meta_content_width":100,"neve_meta_title_alignment":"","neve_meta_author_avatar":"","neve_post_elements_order":"","neve_meta_disable_header":"","neve_meta_disable_footer":"","neve_meta_disable_title":"","neve_meta_reading_time":""},"product_brand":[],"product_cat":[36],"product_tag":[],"class_list":{"0":"post-1507","1":"product","2":"type-product","3":"status-publish","4":"has-post-thumbnail","6":"product_cat-ceras-en-pasta-y-liquidas","8":"first","9":"instock","10":"shipping-taxable","11":"product-type-simple"},"yoast_head":"<!-- This site is optimized with the Yoast SEO plugin v26.9 - https:\/\/yoast.com\/product\/yoast-seo-wordpress\/ -->\n<title>Ceras L\u00edquidas 6010 - K\u00f6nig. T\u00e9cnicas de reparaci\u00f3n y materiales de superficie<\/title>\n<meta name=\"robots\" content=\"index, follow, max-snippet:-1, max-image-preview:large, max-video-preview:-1\" \/>\n<link rel=\"canonical\" href=\"https:\/\/konigiberica.com\/en\/product\/ceras-liquidas\/\" \/>\n<meta property=\"og:locale\" content=\"en_GB\" \/>\n<meta property=\"og:type\" content=\"article\" \/>\n<meta property=\"og:title\" content=\"Ceras L\u00edquidas 6010 - K\u00f6nig. T\u00e9cnicas de reparaci\u00f3n y materiales de superficie\" \/>\n<meta property=\"og:description\" content=\"Usos y Procesos  Ideal para el cuidado y mantenimiento de la madera.  Caracter\u00edsticas  Combinaci\u00f3n de cera de abeja, ceras sint\u00e9ticas e hidrocarburos arom\u00e1ticos ligeros.\" \/>\n<meta property=\"og:url\" content=\"https:\/\/konigiberica.com\/en\/product\/ceras-liquidas\/\" \/>\n<meta property=\"og:site_name\" content=\"K\u00f6nig. T\u00e9cnicas de reparaci\u00f3n y materiales de superficie\" \/>\n<meta property=\"article:modified_time\" content=\"2024-05-02T07:13:03+00:00\" \/>\n<meta property=\"og:image\" content=\"https:\/\/konigiberica.com\/wp-content\/uploads\/2024\/01\/Diseno-sin-titulo-39.png\" \/>\n\t<meta property=\"og:image:width\" content=\"1200\" \/>\n\t<meta property=\"og:image:height\" content=\"800\" \/>\n\t<meta property=\"og:image:type\" content=\"image\/png\" \/>\n<meta name=\"twitter:card\" content=\"summary_large_image\" \/>\n<meta name=\"twitter:label1\" content=\"Estimated reading time\" \/>\n\t<meta name=\"twitter:data1\" content=\"1 minute\" \/>\n<script type=\"application\/ld+json\" class=\"yoast-schema-graph\">{\"@context\":\"https:\/\/schema.org\",\"@graph\":[{\"@type\":\"WebPage\",\"@id\":\"https:\/\/konigiberica.com\/producto\/ceras-liquidas\/\",\"url\":\"https:\/\/konigiberica.com\/producto\/ceras-liquidas\/\",\"name\":\"Ceras L\u00edquidas 6010 - K\u00f6nig. T\u00e9cnicas de reparaci\u00f3n y materiales de superficie\",\"isPartOf\":{\"@id\":\"https:\/\/konigiberica.com\/#website\"},\"primaryImageOfPage\":{\"@id\":\"https:\/\/konigiberica.com\/producto\/ceras-liquidas\/#primaryimage\"},\"image\":{\"@id\":\"https:\/\/konigiberica.com\/producto\/ceras-liquidas\/#primaryimage\"},\"thumbnailUrl\":\"https:\/\/konigiberica.com\/wp-content\/uploads\/2024\/01\/Diseno-sin-titulo-39.png\",\"datePublished\":\"2024-01-10T10:39:55+00:00\",\"dateModified\":\"2024-05-02T07:13:03+00:00\",\"breadcrumb\":{\"@id\":\"https:\/\/konigiberica.com\/producto\/ceras-liquidas\/#breadcrumb\"},\"inLanguage\":\"en-GB\",\"potentialAction\":[{\"@type\":\"ReadAction\",\"target\":[\"https:\/\/konigiberica.com\/producto\/ceras-liquidas\/\"]}]},{\"@type\":\"ImageObject\",\"inLanguage\":\"en-GB\",\"@id\":\"https:\/\/konigiberica.com\/producto\/ceras-liquidas\/#primaryimage\",\"url\":\"https:\/\/konigiberica.com\/wp-content\/uploads\/2024\/01\/Diseno-sin-titulo-39.png\",\"contentUrl\":\"https:\/\/konigiberica.com\/wp-content\/uploads\/2024\/01\/Diseno-sin-titulo-39.png\",\"width\":1200,\"height\":800},{\"@type\":\"BreadcrumbList\",\"@id\":\"https:\/\/konigiberica.com\/producto\/ceras-liquidas\/#breadcrumb\",\"itemListElement\":[{\"@type\":\"ListItem\",\"position\":1,\"name\":\"Portada\",\"item\":\"https:\/\/konigiberica.com\/\"},{\"@type\":\"ListItem\",\"position\":2,\"name\":\"Tienda\",\"item\":\"https:\/\/konigiberica.com\/tienda\/\"},{\"@type\":\"ListItem\",\"position\":3,\"name\":\"Ceras L\u00edquidas 6010\"}]},{\"@type\":\"WebSite\",\"@id\":\"https:\/\/konigiberica.com\/#website\",\"url\":\"https:\/\/konigiberica.com\/\",\"name\":\"K\u00f6nig. T\u00e9cnicas de reparaci\u00f3n y materiales de superficie\",\"description\":\"K\u00f6nig tiene un nivel inigualable de experiencia en t\u00e9cnicas de reparaci\u00f3n y materiales de superficies.\",\"potentialAction\":[{\"@type\":\"SearchAction\",\"target\":{\"@type\":\"EntryPoint\",\"urlTemplate\":\"https:\/\/konigiberica.com\/?s={search_term_string}\"},\"query-input\":{\"@type\":\"PropertyValueSpecification\",\"valueRequired\":true,\"valueName\":\"search_term_string\"}}],\"inLanguage\":\"en-GB\"}]}<\/script>\n<!-- \/ Yoast SEO plugin. -->","yoast_head_json":{"title":"Ceras L\u00edquidas 6010 - K\u00f6nig. T\u00e9cnicas de reparaci\u00f3n y materiales de superficie","robots":{"index":"index","follow":"follow","max-snippet":"max-snippet:-1","max-image-preview":"max-image-preview:large","max-video-preview":"max-video-preview:-1"},"canonical":"https:\/\/konigiberica.com\/en\/product\/ceras-liquidas\/","og_locale":"en_GB","og_type":"article","og_title":"Ceras L\u00edquidas 6010 - K\u00f6nig. T\u00e9cnicas de reparaci\u00f3n y materiales de superficie","og_description":"Usos y Procesos  Ideal para el cuidado y mantenimiento de la madera.  Caracter\u00edsticas  Combinaci\u00f3n de cera de abeja, ceras sint\u00e9ticas e hidrocarburos arom\u00e1ticos ligeros.","og_url":"https:\/\/konigiberica.com\/en\/product\/ceras-liquidas\/","og_site_name":"K\u00f6nig. T\u00e9cnicas de reparaci\u00f3n y materiales de superficie","article_modified_time":"2024-05-02T07:13:03+00:00","og_image":[{"width":1200,"height":800,"url":"https:\/\/konigiberica.com\/wp-content\/uploads\/2024\/01\/Diseno-sin-titulo-39.png","type":"image\/png"}],"twitter_card":"summary_large_image","twitter_misc":{"Estimated reading time":"1 minute"},"schema":{"@context":"https:\/\/schema.org","@graph":[{"@type":"WebPage","@id":"https:\/\/konigiberica.com\/producto\/ceras-liquidas\/","url":"https:\/\/konigiberica.com\/producto\/ceras-liquidas\/","name":"Ceras L\u00edquidas 6010 - K\u00f6nig. T\u00e9cnicas de reparaci\u00f3n y materiales de superficie","isPartOf":{"@id":"https:\/\/konigiberica.com\/#website"},"primaryImageOfPage":{"@id":"https:\/\/konigiberica.com\/producto\/ceras-liquidas\/#primaryimage"},"image":{"@id":"https:\/\/konigiberica.com\/producto\/ceras-liquidas\/#primaryimage"},"thumbnailUrl":"https:\/\/konigiberica.com\/wp-content\/uploads\/2024\/01\/Diseno-sin-titulo-39.png","datePublished":"2024-01-10T10:39:55+00:00","dateModified":"2024-05-02T07:13:03+00:00","breadcrumb":{"@id":"https:\/\/konigiberica.com\/producto\/ceras-liquidas\/#breadcrumb"},"inLanguage":"en-GB","potentialAction":[{"@type":"ReadAction","target":["https:\/\/konigiberica.com\/producto\/ceras-liquidas\/"]}]},{"@type":"ImageObject","inLanguage":"en-GB","@id":"https:\/\/konigiberica.com\/producto\/ceras-liquidas\/#primaryimage","url":"https:\/\/konigiberica.com\/wp-content\/uploads\/2024\/01\/Diseno-sin-titulo-39.png","contentUrl":"https:\/\/konigiberica.com\/wp-content\/uploads\/2024\/01\/Diseno-sin-titulo-39.png","width":1200,"height":800},{"@type":"BreadcrumbList","@id":"https:\/\/konigiberica.com\/producto\/ceras-liquidas\/#breadcrumb","itemListElement":[{"@type":"ListItem","position":1,"name":"Portada","item":"https:\/\/konigiberica.com\/"},{"@type":"ListItem","position":2,"name":"Tienda","item":"https:\/\/konigiberica.com\/tienda\/"},{"@type":"ListItem","position":3,"name":"Ceras L\u00edquidas 6010"}]},{"@type":"WebSite","@id":"https:\/\/konigiberica.com\/#website","url":"https:\/\/konigiberica.com\/","name":"K\u00f6nig. Repair Techniques and Surface Materials","description":"K\u00f6nig tiene un nivel inigualable de experiencia en t\u00e9cnicas de reparaci\u00f3n y materiales de superficies.","potentialAction":[{"@type":"SearchAction","target":{"@type":"EntryPoint","urlTemplate":"https:\/\/konigiberica.com\/?s={search_term_string}"},"query-input":{"@type":"PropertyValueSpecification","valueRequired":true,"valueName":"search_term_string"}}],"inLanguage":"en-GB"}]}},"_links":{"self":[{"href":"https:\/\/konigiberica.com\/en\/wp-json\/wp\/v2\/product\/1507","targetHints":{"allow":["GET"]}}],"collection":[{"href":"https:\/\/konigiberica.com\/en\/wp-json\/wp\/v2\/product"}],"about":[{"href":"https:\/\/konigiberica.com\/en\/wp-json\/wp\/v2\/types\/product"}],"wp:featuredmedia":[{"embeddable":true,"href":"https:\/\/konigiberica.com\/en\/wp-json\/wp\/v2\/media\/1536"}],"wp:attachment":[{"href":"https:\/\/konigiberica.com\/en\/wp-json\/wp\/v2\/media?parent=1507"}],"wp:term":[{"taxonomy":"product_brand","embeddable":true,"href":"https:\/\/konigiberica.com\/en\/wp-json\/wp\/v2\/product_brand?post=1507"},{"taxonomy":"product_cat","embeddable":true,"href":"https:\/\/konigiberica.com\/en\/wp-json\/wp\/v2\/product_cat?post=1507"},{"taxonomy":"product_tag","embeddable":true,"href":"https:\/\/konigiberica.com\/en\/wp-json\/wp\/v2\/product_tag?post=1507"}],"curies":[{"name":"wp","href":"https:\/\/api.w.org\/{rel}","templated":true}]}}