{"id":1518,"date":"2024-01-10T11:20:17","date_gmt":"2024-01-10T11:20:17","guid":{"rendered":"https:\/\/konigiberica.com\/?post_type=product&#038;p=1518"},"modified":"2024-05-02T14:35:19","modified_gmt":"2024-05-02T14:35:19","slug":"641-kit-reparacion-poliester-basico","status":"publish","type":"product","link":"https:\/\/konigiberica.com\/en\/product\/641-kit-reparacion-poliester-basico\/","title":{"rendered":"Kit Reparaci\u00f3n Poli\u00e9ster B\u00e1sico 641 020"},"content":{"rendered":"","protected":false},"excerpt":{"rendered":"<div class=\"woocommerce-product-details__short-description\">\n<p>To remove scratches, pressure marks and holes on polyester surfaces and pianos. Filling, leveling, sanding and polishing. Recommended for indoor use.<\/p>\n<\/div>","protected":false},"featured_media":1519,"template":"","meta":{"neve_meta_sidebar":"","neve_meta_container":"","neve_meta_enable_content_width":"off","neve_meta_content_width":100,"neve_meta_title_alignment":"","neve_meta_author_avatar":"","neve_post_elements_order":"","neve_meta_disable_header":"","neve_meta_disable_footer":"","neve_meta_disable_title":"","neve_meta_reading_time":""},"product_brand":[],"product_cat":[25],"product_tag":[],"class_list":{"0":"post-1518","1":"product","2":"type-product","3":"status-publish","4":"has-post-thumbnail","6":"product_cat-maletines-y-kits","8":"first","9":"instock","10":"shipping-taxable","11":"product-type-simple"},"yoast_head":"<!-- This site is optimized with the Yoast SEO plugin v26.9 - https:\/\/yoast.com\/product\/yoast-seo-wordpress\/ -->\n<title>Kit Reparaci\u00f3n Poli\u00e9ster B\u00e1sico 641 020 - K\u00f6nig. T\u00e9cnicas de reparaci\u00f3n y materiales de superficie<\/title>\n<meta name=\"robots\" content=\"index, follow, max-snippet:-1, max-image-preview:large, max-video-preview:-1\" \/>\n<link rel=\"canonical\" href=\"https:\/\/konigiberica.com\/en\/product\/641-kit-reparacion-poliester-basico\/\" \/>\n<meta property=\"og:locale\" content=\"en_GB\" \/>\n<meta property=\"og:type\" content=\"article\" \/>\n<meta property=\"og:title\" content=\"Kit Reparaci\u00f3n Poli\u00e9ster B\u00e1sico 641 020 - K\u00f6nig. T\u00e9cnicas de reparaci\u00f3n y materiales de superficie\" \/>\n<meta property=\"og:description\" content=\"Para eliminar ara\u00f1azos, marcas de presi\u00f3n y agujeros sobre superficies de poli\u00e9ster y pianos. Rellenando, nivelando, lijando y puliendo. Recomendado para uso en interiores.\" \/>\n<meta property=\"og:url\" content=\"https:\/\/konigiberica.com\/en\/product\/641-kit-reparacion-poliester-basico\/\" \/>\n<meta property=\"og:site_name\" content=\"K\u00f6nig. T\u00e9cnicas de reparaci\u00f3n y materiales de superficie\" \/>\n<meta property=\"article:modified_time\" content=\"2024-05-02T14:35:19+00:00\" \/>\n<meta property=\"og:image\" content=\"https:\/\/konigiberica.com\/wp-content\/uploads\/2024\/01\/edf43972-13bf-4d24-9972-7751ccabf117.png\" \/>\n\t<meta property=\"og:image:width\" content=\"1000\" \/>\n\t<meta property=\"og:image:height\" content=\"600\" \/>\n\t<meta property=\"og:image:type\" content=\"image\/png\" \/>\n<meta name=\"twitter:card\" content=\"summary_large_image\" \/>\n<meta name=\"twitter:label1\" content=\"Estimated reading time\" \/>\n\t<meta name=\"twitter:data1\" content=\"1 minute\" \/>\n<script type=\"application\/ld+json\" class=\"yoast-schema-graph\">{\"@context\":\"https:\/\/schema.org\",\"@graph\":[{\"@type\":\"WebPage\",\"@id\":\"https:\/\/konigiberica.com\/producto\/641-kit-reparacion-poliester-basico\/\",\"url\":\"https:\/\/konigiberica.com\/producto\/641-kit-reparacion-poliester-basico\/\",\"name\":\"Kit Reparaci\u00f3n Poli\u00e9ster B\u00e1sico 641 020 - K\u00f6nig. T\u00e9cnicas de reparaci\u00f3n y materiales de superficie\",\"isPartOf\":{\"@id\":\"https:\/\/konigiberica.com\/#website\"},\"primaryImageOfPage\":{\"@id\":\"https:\/\/konigiberica.com\/producto\/641-kit-reparacion-poliester-basico\/#primaryimage\"},\"image\":{\"@id\":\"https:\/\/konigiberica.com\/producto\/641-kit-reparacion-poliester-basico\/#primaryimage\"},\"thumbnailUrl\":\"https:\/\/konigiberica.com\/wp-content\/uploads\/2024\/01\/edf43972-13bf-4d24-9972-7751ccabf117.png\",\"datePublished\":\"2024-01-10T11:20:17+00:00\",\"dateModified\":\"2024-05-02T14:35:19+00:00\",\"breadcrumb\":{\"@id\":\"https:\/\/konigiberica.com\/producto\/641-kit-reparacion-poliester-basico\/#breadcrumb\"},\"inLanguage\":\"en-GB\",\"potentialAction\":[{\"@type\":\"ReadAction\",\"target\":[\"https:\/\/konigiberica.com\/producto\/641-kit-reparacion-poliester-basico\/\"]}]},{\"@type\":\"ImageObject\",\"inLanguage\":\"en-GB\",\"@id\":\"https:\/\/konigiberica.com\/producto\/641-kit-reparacion-poliester-basico\/#primaryimage\",\"url\":\"https:\/\/konigiberica.com\/wp-content\/uploads\/2024\/01\/edf43972-13bf-4d24-9972-7751ccabf117.png\",\"contentUrl\":\"https:\/\/konigiberica.com\/wp-content\/uploads\/2024\/01\/edf43972-13bf-4d24-9972-7751ccabf117.png\",\"width\":1000,\"height\":600},{\"@type\":\"BreadcrumbList\",\"@id\":\"https:\/\/konigiberica.com\/producto\/641-kit-reparacion-poliester-basico\/#breadcrumb\",\"itemListElement\":[{\"@type\":\"ListItem\",\"position\":1,\"name\":\"Portada\",\"item\":\"https:\/\/konigiberica.com\/\"},{\"@type\":\"ListItem\",\"position\":2,\"name\":\"Tienda\",\"item\":\"https:\/\/konigiberica.com\/tienda\/\"},{\"@type\":\"ListItem\",\"position\":3,\"name\":\"Kit Reparaci\u00f3n Poli\u00e9ster B\u00e1sico 641 020\"}]},{\"@type\":\"WebSite\",\"@id\":\"https:\/\/konigiberica.com\/#website\",\"url\":\"https:\/\/konigiberica.com\/\",\"name\":\"K\u00f6nig. T\u00e9cnicas de reparaci\u00f3n y materiales de superficie\",\"description\":\"K\u00f6nig tiene un nivel inigualable de experiencia en t\u00e9cnicas de reparaci\u00f3n y materiales de superficies.\",\"potentialAction\":[{\"@type\":\"SearchAction\",\"target\":{\"@type\":\"EntryPoint\",\"urlTemplate\":\"https:\/\/konigiberica.com\/?s={search_term_string}\"},\"query-input\":{\"@type\":\"PropertyValueSpecification\",\"valueRequired\":true,\"valueName\":\"search_term_string\"}}],\"inLanguage\":\"en-GB\"}]}<\/script>\n<!-- \/ Yoast SEO plugin. -->","yoast_head_json":{"title":"Kit Reparaci\u00f3n Poli\u00e9ster B\u00e1sico 641 020 - K\u00f6nig. T\u00e9cnicas de reparaci\u00f3n y materiales de superficie","robots":{"index":"index","follow":"follow","max-snippet":"max-snippet:-1","max-image-preview":"max-image-preview:large","max-video-preview":"max-video-preview:-1"},"canonical":"https:\/\/konigiberica.com\/en\/product\/641-kit-reparacion-poliester-basico\/","og_locale":"en_GB","og_type":"article","og_title":"Kit Reparaci\u00f3n Poli\u00e9ster B\u00e1sico 641 020 - K\u00f6nig. T\u00e9cnicas de reparaci\u00f3n y materiales de superficie","og_description":"Para eliminar ara\u00f1azos, marcas de presi\u00f3n y agujeros sobre superficies de poli\u00e9ster y pianos. Rellenando, nivelando, lijando y puliendo. Recomendado para uso en interiores.","og_url":"https:\/\/konigiberica.com\/en\/product\/641-kit-reparacion-poliester-basico\/","og_site_name":"K\u00f6nig. T\u00e9cnicas de reparaci\u00f3n y materiales de superficie","article_modified_time":"2024-05-02T14:35:19+00:00","og_image":[{"width":1000,"height":600,"url":"https:\/\/konigiberica.com\/wp-content\/uploads\/2024\/01\/edf43972-13bf-4d24-9972-7751ccabf117.png","type":"image\/png"}],"twitter_card":"summary_large_image","twitter_misc":{"Estimated reading time":"1 minute"},"schema":{"@context":"https:\/\/schema.org","@graph":[{"@type":"WebPage","@id":"https:\/\/konigiberica.com\/producto\/641-kit-reparacion-poliester-basico\/","url":"https:\/\/konigiberica.com\/producto\/641-kit-reparacion-poliester-basico\/","name":"Kit Reparaci\u00f3n Poli\u00e9ster B\u00e1sico 641 020 - K\u00f6nig. T\u00e9cnicas de reparaci\u00f3n y materiales de superficie","isPartOf":{"@id":"https:\/\/konigiberica.com\/#website"},"primaryImageOfPage":{"@id":"https:\/\/konigiberica.com\/producto\/641-kit-reparacion-poliester-basico\/#primaryimage"},"image":{"@id":"https:\/\/konigiberica.com\/producto\/641-kit-reparacion-poliester-basico\/#primaryimage"},"thumbnailUrl":"https:\/\/konigiberica.com\/wp-content\/uploads\/2024\/01\/edf43972-13bf-4d24-9972-7751ccabf117.png","datePublished":"2024-01-10T11:20:17+00:00","dateModified":"2024-05-02T14:35:19+00:00","breadcrumb":{"@id":"https:\/\/konigiberica.com\/producto\/641-kit-reparacion-poliester-basico\/#breadcrumb"},"inLanguage":"en-GB","potentialAction":[{"@type":"ReadAction","target":["https:\/\/konigiberica.com\/producto\/641-kit-reparacion-poliester-basico\/"]}]},{"@type":"ImageObject","inLanguage":"en-GB","@id":"https:\/\/konigiberica.com\/producto\/641-kit-reparacion-poliester-basico\/#primaryimage","url":"https:\/\/konigiberica.com\/wp-content\/uploads\/2024\/01\/edf43972-13bf-4d24-9972-7751ccabf117.png","contentUrl":"https:\/\/konigiberica.com\/wp-content\/uploads\/2024\/01\/edf43972-13bf-4d24-9972-7751ccabf117.png","width":1000,"height":600},{"@type":"BreadcrumbList","@id":"https:\/\/konigiberica.com\/producto\/641-kit-reparacion-poliester-basico\/#breadcrumb","itemListElement":[{"@type":"ListItem","position":1,"name":"Portada","item":"https:\/\/konigiberica.com\/"},{"@type":"ListItem","position":2,"name":"Tienda","item":"https:\/\/konigiberica.com\/tienda\/"},{"@type":"ListItem","position":3,"name":"Kit Reparaci\u00f3n Poli\u00e9ster B\u00e1sico 641 020"}]},{"@type":"WebSite","@id":"https:\/\/konigiberica.com\/#website","url":"https:\/\/konigiberica.com\/","name":"K\u00f6nig. Repair Techniques and Surface Materials","description":"K\u00f6nig tiene un nivel inigualable de experiencia en t\u00e9cnicas de reparaci\u00f3n y materiales de superficies.","potentialAction":[{"@type":"SearchAction","target":{"@type":"EntryPoint","urlTemplate":"https:\/\/konigiberica.com\/?s={search_term_string}"},"query-input":{"@type":"PropertyValueSpecification","valueRequired":true,"valueName":"search_term_string"}}],"inLanguage":"en-GB"}]}},"_links":{"self":[{"href":"https:\/\/konigiberica.com\/en\/wp-json\/wp\/v2\/product\/1518","targetHints":{"allow":["GET"]}}],"collection":[{"href":"https:\/\/konigiberica.com\/en\/wp-json\/wp\/v2\/product"}],"about":[{"href":"https:\/\/konigiberica.com\/en\/wp-json\/wp\/v2\/types\/product"}],"wp:featuredmedia":[{"embeddable":true,"href":"https:\/\/konigiberica.com\/en\/wp-json\/wp\/v2\/media\/1519"}],"wp:attachment":[{"href":"https:\/\/konigiberica.com\/en\/wp-json\/wp\/v2\/media?parent=1518"}],"wp:term":[{"taxonomy":"product_brand","embeddable":true,"href":"https:\/\/konigiberica.com\/en\/wp-json\/wp\/v2\/product_brand?post=1518"},{"taxonomy":"product_cat","embeddable":true,"href":"https:\/\/konigiberica.com\/en\/wp-json\/wp\/v2\/product_cat?post=1518"},{"taxonomy":"product_tag","embeddable":true,"href":"https:\/\/konigiberica.com\/en\/wp-json\/wp\/v2\/product_tag?post=1518"}],"curies":[{"name":"wp","href":"https:\/\/api.w.org\/{rel}","templated":true}]}}