{"id":2619,"date":"2024-05-01T08:01:46","date_gmt":"2024-05-01T08:01:46","guid":{"rendered":"https:\/\/konigiberica.com\/?post_type=product&#038;p=2619"},"modified":"2024-05-02T08:00:23","modified_gmt":"2024-05-02T08:00:23","slug":"fenster-fix-premium-243-546","status":"publish","type":"product","link":"https:\/\/konigiberica.com\/en\/product\/fenster-fix-premium-243-546\/","title":{"rendered":"Fenster Fix Premium 243 546"},"content":{"rendered":"","protected":false},"excerpt":{"rendered":"<p><strong>Uses and Process<\/strong><\/p>\n<p>Para colorear ranuras de ingletes. Recomendado para uso en interiores y exteriores. Disponible en numerosos colores de ventana y puertas. Disponible en los 120 m\u00e1s comunes y populares colores de ventanas (Renolit\/Hornschuch\/Cova\/Gealan). Otros colores est\u00e1n disponibles bajo petici\u00f3n.<\/p>\n<p><strong>Characteristics<\/strong><\/p>\n<p>La punta optimizada y la calidad de la laca garantizan un flujo de producto continuo. De secado r\u00e1pido, resistente a las manchas, a los ara\u00f1azos y se puede pintar encima. Fabricado en base acr\u00edlica. Resistente a la intemperie: ift Rosenheim certifica que Fenster-Fix Premium para colorear ranuras de inglete es resistente a la intemperie seg\u00fan EN513\/ISO4892-2 (n\u00famero de prueba 12-001800-PR02), que p.e. B. tambi\u00e9n se requiere en RAL GZ 716\/1. Como fabricante, tambi\u00e9n ofrecemos una garant\u00eda de 5 a\u00f1os.<\/p>","protected":false},"featured_media":1377,"template":"","meta":{"neve_meta_sidebar":"","neve_meta_container":"","neve_meta_enable_content_width":"off","neve_meta_content_width":100,"neve_meta_title_alignment":"","neve_meta_author_avatar":"","neve_post_elements_order":"","neve_meta_disable_header":"","neve_meta_disable_footer":"","neve_meta_disable_title":"","neve_meta_reading_time":""},"product_brand":[],"product_cat":[22],"product_tag":[],"class_list":{"0":"post-2619","1":"product","2":"type-product","3":"status-publish","4":"has-post-thumbnail","6":"product_cat-lapices-y-tintes","8":"first","9":"instock","10":"shipping-taxable","11":"product-type-simple"},"yoast_head":"<!-- This site is optimized with the Yoast SEO plugin v26.9 - https:\/\/yoast.com\/product\/yoast-seo-wordpress\/ -->\n<title>Fenster Fix Premium 243 546 - K\u00f6nig. T\u00e9cnicas de reparaci\u00f3n y materiales de superficie<\/title>\n<meta name=\"robots\" content=\"index, follow, max-snippet:-1, max-image-preview:large, max-video-preview:-1\" \/>\n<link rel=\"canonical\" href=\"https:\/\/konigiberica.com\/en\/product\/fenster-fix-premium-243-546\/\" \/>\n<meta property=\"og:locale\" content=\"en_GB\" \/>\n<meta property=\"og:type\" content=\"article\" \/>\n<meta property=\"og:title\" content=\"Fenster Fix Premium 243 546 - K\u00f6nig. T\u00e9cnicas de reparaci\u00f3n y materiales de superficie\" \/>\n<meta property=\"og:description\" content=\"Usos y Proceso  Para colorear ranuras de ingletes. Recomendado para uso en interiores y exteriores. Disponible en numerosos colores de ventana y puertas. Disponible en los 120 m\u00e1s comunes y populares colores de ventanas (Renolit\/Hornschuch\/Cova\/Gealan). Otros colores est\u00e1n disponibles bajo petici\u00f3n.  Caracter\u00edsticas  La punta optimizada y la calidad de la laca garantizan un flujo de producto continuo. De secado r\u00e1pido, resistente a las manchas, a los ara\u00f1azos y se puede pintar encima. Fabricado en base acr\u00edlica. Resistente a la intemperie: ift Rosenheim certifica que Fenster-Fix Premium para colorear ranuras de inglete es resistente a la intemperie seg\u00fan EN513\/ISO4892-2 (n\u00famero de prueba 12-001800-PR02), que p.e. B. tambi\u00e9n se requiere en RAL GZ 716\/1. Como fabricante, tambi\u00e9n ofrecemos una garant\u00eda de 5 a\u00f1os.\" \/>\n<meta property=\"og:url\" content=\"https:\/\/konigiberica.com\/en\/product\/fenster-fix-premium-243-546\/\" \/>\n<meta property=\"og:site_name\" content=\"K\u00f6nig. T\u00e9cnicas de reparaci\u00f3n y materiales de superficie\" \/>\n<meta property=\"article:modified_time\" content=\"2024-05-02T08:00:23+00:00\" \/>\n<meta property=\"og:image\" content=\"https:\/\/konigiberica.com\/wp-content\/uploads\/2023\/12\/5d8f6785-2800-489a-92f5-931f62ba0174.png\" \/>\n\t<meta property=\"og:image:width\" content=\"1000\" \/>\n\t<meta property=\"og:image:height\" content=\"600\" \/>\n\t<meta property=\"og:image:type\" content=\"image\/png\" \/>\n<meta name=\"twitter:card\" content=\"summary_large_image\" \/>\n<meta name=\"twitter:label1\" content=\"Estimated reading time\" \/>\n\t<meta name=\"twitter:data1\" content=\"1 minute\" \/>\n<script type=\"application\/ld+json\" class=\"yoast-schema-graph\">{\"@context\":\"https:\/\/schema.org\",\"@graph\":[{\"@type\":\"WebPage\",\"@id\":\"https:\/\/konigiberica.com\/producto\/fenster-fix-premium-243-546\/\",\"url\":\"https:\/\/konigiberica.com\/producto\/fenster-fix-premium-243-546\/\",\"name\":\"Fenster Fix Premium 243 546 - K\u00f6nig. T\u00e9cnicas de reparaci\u00f3n y materiales de superficie\",\"isPartOf\":{\"@id\":\"https:\/\/konigiberica.com\/#website\"},\"primaryImageOfPage\":{\"@id\":\"https:\/\/konigiberica.com\/producto\/fenster-fix-premium-243-546\/#primaryimage\"},\"image\":{\"@id\":\"https:\/\/konigiberica.com\/producto\/fenster-fix-premium-243-546\/#primaryimage\"},\"thumbnailUrl\":\"https:\/\/konigiberica.com\/wp-content\/uploads\/2023\/12\/5d8f6785-2800-489a-92f5-931f62ba0174.png\",\"datePublished\":\"2024-05-01T08:01:46+00:00\",\"dateModified\":\"2024-05-02T08:00:23+00:00\",\"breadcrumb\":{\"@id\":\"https:\/\/konigiberica.com\/producto\/fenster-fix-premium-243-546\/#breadcrumb\"},\"inLanguage\":\"en-GB\",\"potentialAction\":[{\"@type\":\"ReadAction\",\"target\":[\"https:\/\/konigiberica.com\/producto\/fenster-fix-premium-243-546\/\"]}]},{\"@type\":\"ImageObject\",\"inLanguage\":\"en-GB\",\"@id\":\"https:\/\/konigiberica.com\/producto\/fenster-fix-premium-243-546\/#primaryimage\",\"url\":\"https:\/\/konigiberica.com\/wp-content\/uploads\/2023\/12\/5d8f6785-2800-489a-92f5-931f62ba0174.png\",\"contentUrl\":\"https:\/\/konigiberica.com\/wp-content\/uploads\/2023\/12\/5d8f6785-2800-489a-92f5-931f62ba0174.png\",\"width\":1000,\"height\":600},{\"@type\":\"BreadcrumbList\",\"@id\":\"https:\/\/konigiberica.com\/producto\/fenster-fix-premium-243-546\/#breadcrumb\",\"itemListElement\":[{\"@type\":\"ListItem\",\"position\":1,\"name\":\"Portada\",\"item\":\"https:\/\/konigiberica.com\/\"},{\"@type\":\"ListItem\",\"position\":2,\"name\":\"Tienda\",\"item\":\"https:\/\/konigiberica.com\/tienda\/\"},{\"@type\":\"ListItem\",\"position\":3,\"name\":\"Fenster Fix Premium 243 546\"}]},{\"@type\":\"WebSite\",\"@id\":\"https:\/\/konigiberica.com\/#website\",\"url\":\"https:\/\/konigiberica.com\/\",\"name\":\"K\u00f6nig. T\u00e9cnicas de reparaci\u00f3n y materiales de superficie\",\"description\":\"K\u00f6nig tiene un nivel inigualable de experiencia en t\u00e9cnicas de reparaci\u00f3n y materiales de superficies.\",\"potentialAction\":[{\"@type\":\"SearchAction\",\"target\":{\"@type\":\"EntryPoint\",\"urlTemplate\":\"https:\/\/konigiberica.com\/?s={search_term_string}\"},\"query-input\":{\"@type\":\"PropertyValueSpecification\",\"valueRequired\":true,\"valueName\":\"search_term_string\"}}],\"inLanguage\":\"en-GB\"}]}<\/script>\n<!-- \/ Yoast SEO plugin. -->","yoast_head_json":{"title":"Fenster Fix Premium 243 546 - K\u00f6nig. T\u00e9cnicas de reparaci\u00f3n y materiales de superficie","robots":{"index":"index","follow":"follow","max-snippet":"max-snippet:-1","max-image-preview":"max-image-preview:large","max-video-preview":"max-video-preview:-1"},"canonical":"https:\/\/konigiberica.com\/en\/product\/fenster-fix-premium-243-546\/","og_locale":"en_GB","og_type":"article","og_title":"Fenster Fix Premium 243 546 - K\u00f6nig. T\u00e9cnicas de reparaci\u00f3n y materiales de superficie","og_description":"Usos y Proceso  Para colorear ranuras de ingletes. Recomendado para uso en interiores y exteriores. Disponible en numerosos colores de ventana y puertas. Disponible en los 120 m\u00e1s comunes y populares colores de ventanas (Renolit\/Hornschuch\/Cova\/Gealan). Otros colores est\u00e1n disponibles bajo petici\u00f3n.  Caracter\u00edsticas  La punta optimizada y la calidad de la laca garantizan un flujo de producto continuo. De secado r\u00e1pido, resistente a las manchas, a los ara\u00f1azos y se puede pintar encima. Fabricado en base acr\u00edlica. Resistente a la intemperie: ift Rosenheim certifica que Fenster-Fix Premium para colorear ranuras de inglete es resistente a la intemperie seg\u00fan EN513\/ISO4892-2 (n\u00famero de prueba 12-001800-PR02), que p.e. B. tambi\u00e9n se requiere en RAL GZ 716\/1. Como fabricante, tambi\u00e9n ofrecemos una garant\u00eda de 5 a\u00f1os.","og_url":"https:\/\/konigiberica.com\/en\/product\/fenster-fix-premium-243-546\/","og_site_name":"K\u00f6nig. T\u00e9cnicas de reparaci\u00f3n y materiales de superficie","article_modified_time":"2024-05-02T08:00:23+00:00","og_image":[{"width":1000,"height":600,"url":"https:\/\/konigiberica.com\/wp-content\/uploads\/2023\/12\/5d8f6785-2800-489a-92f5-931f62ba0174.png","type":"image\/png"}],"twitter_card":"summary_large_image","twitter_misc":{"Estimated reading time":"1 minute"},"schema":{"@context":"https:\/\/schema.org","@graph":[{"@type":"WebPage","@id":"https:\/\/konigiberica.com\/producto\/fenster-fix-premium-243-546\/","url":"https:\/\/konigiberica.com\/producto\/fenster-fix-premium-243-546\/","name":"Fenster Fix Premium 243 546 - K\u00f6nig. T\u00e9cnicas de reparaci\u00f3n y materiales de superficie","isPartOf":{"@id":"https:\/\/konigiberica.com\/#website"},"primaryImageOfPage":{"@id":"https:\/\/konigiberica.com\/producto\/fenster-fix-premium-243-546\/#primaryimage"},"image":{"@id":"https:\/\/konigiberica.com\/producto\/fenster-fix-premium-243-546\/#primaryimage"},"thumbnailUrl":"https:\/\/konigiberica.com\/wp-content\/uploads\/2023\/12\/5d8f6785-2800-489a-92f5-931f62ba0174.png","datePublished":"2024-05-01T08:01:46+00:00","dateModified":"2024-05-02T08:00:23+00:00","breadcrumb":{"@id":"https:\/\/konigiberica.com\/producto\/fenster-fix-premium-243-546\/#breadcrumb"},"inLanguage":"en-GB","potentialAction":[{"@type":"ReadAction","target":["https:\/\/konigiberica.com\/producto\/fenster-fix-premium-243-546\/"]}]},{"@type":"ImageObject","inLanguage":"en-GB","@id":"https:\/\/konigiberica.com\/producto\/fenster-fix-premium-243-546\/#primaryimage","url":"https:\/\/konigiberica.com\/wp-content\/uploads\/2023\/12\/5d8f6785-2800-489a-92f5-931f62ba0174.png","contentUrl":"https:\/\/konigiberica.com\/wp-content\/uploads\/2023\/12\/5d8f6785-2800-489a-92f5-931f62ba0174.png","width":1000,"height":600},{"@type":"BreadcrumbList","@id":"https:\/\/konigiberica.com\/producto\/fenster-fix-premium-243-546\/#breadcrumb","itemListElement":[{"@type":"ListItem","position":1,"name":"Portada","item":"https:\/\/konigiberica.com\/"},{"@type":"ListItem","position":2,"name":"Tienda","item":"https:\/\/konigiberica.com\/tienda\/"},{"@type":"ListItem","position":3,"name":"Fenster Fix Premium 243 546"}]},{"@type":"WebSite","@id":"https:\/\/konigiberica.com\/#website","url":"https:\/\/konigiberica.com\/","name":"K\u00f6nig. Repair Techniques and Surface Materials","description":"K\u00f6nig tiene un nivel inigualable de experiencia en t\u00e9cnicas de reparaci\u00f3n y materiales de superficies.","potentialAction":[{"@type":"SearchAction","target":{"@type":"EntryPoint","urlTemplate":"https:\/\/konigiberica.com\/?s={search_term_string}"},"query-input":{"@type":"PropertyValueSpecification","valueRequired":true,"valueName":"search_term_string"}}],"inLanguage":"en-GB"}]}},"_links":{"self":[{"href":"https:\/\/konigiberica.com\/en\/wp-json\/wp\/v2\/product\/2619","targetHints":{"allow":["GET"]}}],"collection":[{"href":"https:\/\/konigiberica.com\/en\/wp-json\/wp\/v2\/product"}],"about":[{"href":"https:\/\/konigiberica.com\/en\/wp-json\/wp\/v2\/types\/product"}],"wp:featuredmedia":[{"embeddable":true,"href":"https:\/\/konigiberica.com\/en\/wp-json\/wp\/v2\/media\/1377"}],"wp:attachment":[{"href":"https:\/\/konigiberica.com\/en\/wp-json\/wp\/v2\/media?parent=2619"}],"wp:term":[{"taxonomy":"product_brand","embeddable":true,"href":"https:\/\/konigiberica.com\/en\/wp-json\/wp\/v2\/product_brand?post=2619"},{"taxonomy":"product_cat","embeddable":true,"href":"https:\/\/konigiberica.com\/en\/wp-json\/wp\/v2\/product_cat?post=2619"},{"taxonomy":"product_tag","embeddable":true,"href":"https:\/\/konigiberica.com\/en\/wp-json\/wp\/v2\/product_tag?post=2619"}],"curies":[{"name":"wp","href":"https:\/\/api.w.org\/{rel}","templated":true}]}}