{"id":737,"date":"2023-12-06T13:52:04","date_gmt":"2023-12-06T13:52:04","guid":{"rendered":"https:\/\/konigiberica.com\/?post_type=product&#038;p=737"},"modified":"2024-05-01T16:16:17","modified_gmt":"2024-05-01T16:16:17","slug":"543-restaurador-mobel-frisch","status":"publish","type":"product","link":"https:\/\/konigiberica.com\/en\/product\/543-restaurador-mobel-frisch\/","title":{"rendered":"Restaurador M\u00f6bel-Frisch 543"},"content":{"rendered":"","protected":false},"excerpt":{"rendered":"<p><strong>Uses and Process<\/strong><\/p>\n<p>Para eliminar cuidadosamente manchas de agua, alcohol y activar superficies nitrocelul\u00f3sicas en interiores.<\/p>\n<p><strong>Characteristics<\/strong><\/p>\n<p>Base disolvente. Reactiva la superficie produciendo un ligero efecto brillante.<\/p>","protected":false},"featured_media":2301,"template":"","meta":{"neve_meta_sidebar":"","neve_meta_container":"","neve_meta_enable_content_width":"off","neve_meta_content_width":100,"neve_meta_title_alignment":"","neve_meta_author_avatar":"","neve_post_elements_order":"","neve_meta_disable_header":"","neve_meta_disable_footer":"","neve_meta_disable_title":"","neve_meta_reading_time":""},"product_brand":[],"product_cat":[24],"product_tag":[],"class_list":{"0":"post-737","1":"product","2":"type-product","3":"status-publish","4":"has-post-thumbnail","6":"product_cat-limpieza-y-mantenimiento","8":"first","9":"instock","10":"shipping-taxable","11":"product-type-simple"},"yoast_head":"<!-- This site is optimized with the Yoast SEO plugin v26.9 - https:\/\/yoast.com\/product\/yoast-seo-wordpress\/ -->\n<title>Restaurador M\u00f6bel-Frisch 543 - K\u00f6nig. T\u00e9cnicas de reparaci\u00f3n y materiales de superficie<\/title>\n<meta name=\"robots\" content=\"index, follow, max-snippet:-1, max-image-preview:large, max-video-preview:-1\" \/>\n<link rel=\"canonical\" href=\"https:\/\/konigiberica.com\/en\/product\/543-restaurador-mobel-frisch\/\" \/>\n<meta property=\"og:locale\" content=\"en_GB\" \/>\n<meta property=\"og:type\" content=\"article\" \/>\n<meta property=\"og:title\" content=\"Restaurador M\u00f6bel-Frisch 543 - K\u00f6nig. T\u00e9cnicas de reparaci\u00f3n y materiales de superficie\" \/>\n<meta property=\"og:description\" content=\"Usos y Proceso  Para eliminar cuidadosamente manchas de agua, alcohol y activar superficies nitrocelul\u00f3sicas en interiores.  Caracter\u00edsticas  Base disolvente. Reactiva la superficie produciendo un ligero efecto brillante.\" \/>\n<meta property=\"og:url\" content=\"https:\/\/konigiberica.com\/en\/product\/543-restaurador-mobel-frisch\/\" \/>\n<meta property=\"og:site_name\" content=\"K\u00f6nig. T\u00e9cnicas de reparaci\u00f3n y materiales de superficie\" \/>\n<meta property=\"article:modified_time\" content=\"2024-05-01T16:16:17+00:00\" \/>\n<meta property=\"og:image\" content=\"https:\/\/konigiberica.com\/wp-content\/uploads\/2023\/12\/JMP@3525.png\" \/>\n\t<meta property=\"og:image:width\" content=\"2000\" \/>\n\t<meta property=\"og:image:height\" content=\"1333\" \/>\n\t<meta property=\"og:image:type\" content=\"image\/png\" \/>\n<meta name=\"twitter:card\" content=\"summary_large_image\" \/>\n<meta name=\"twitter:label1\" content=\"Estimated reading time\" \/>\n\t<meta name=\"twitter:data1\" content=\"1 minute\" \/>\n<script type=\"application\/ld+json\" class=\"yoast-schema-graph\">{\"@context\":\"https:\/\/schema.org\",\"@graph\":[{\"@type\":\"WebPage\",\"@id\":\"https:\/\/konigiberica.com\/producto\/543-restaurador-mobel-frisch\/\",\"url\":\"https:\/\/konigiberica.com\/producto\/543-restaurador-mobel-frisch\/\",\"name\":\"Restaurador M\u00f6bel-Frisch 543 - K\u00f6nig. T\u00e9cnicas de reparaci\u00f3n y materiales de superficie\",\"isPartOf\":{\"@id\":\"https:\/\/konigiberica.com\/#website\"},\"primaryImageOfPage\":{\"@id\":\"https:\/\/konigiberica.com\/producto\/543-restaurador-mobel-frisch\/#primaryimage\"},\"image\":{\"@id\":\"https:\/\/konigiberica.com\/producto\/543-restaurador-mobel-frisch\/#primaryimage\"},\"thumbnailUrl\":\"https:\/\/konigiberica.com\/wp-content\/uploads\/2023\/12\/JMP@3525.png\",\"datePublished\":\"2023-12-06T13:52:04+00:00\",\"dateModified\":\"2024-05-01T16:16:17+00:00\",\"breadcrumb\":{\"@id\":\"https:\/\/konigiberica.com\/producto\/543-restaurador-mobel-frisch\/#breadcrumb\"},\"inLanguage\":\"en-GB\",\"potentialAction\":[{\"@type\":\"ReadAction\",\"target\":[\"https:\/\/konigiberica.com\/producto\/543-restaurador-mobel-frisch\/\"]}]},{\"@type\":\"ImageObject\",\"inLanguage\":\"en-GB\",\"@id\":\"https:\/\/konigiberica.com\/producto\/543-restaurador-mobel-frisch\/#primaryimage\",\"url\":\"https:\/\/konigiberica.com\/wp-content\/uploads\/2023\/12\/JMP@3525.png\",\"contentUrl\":\"https:\/\/konigiberica.com\/wp-content\/uploads\/2023\/12\/JMP@3525.png\",\"width\":2000,\"height\":1333},{\"@type\":\"BreadcrumbList\",\"@id\":\"https:\/\/konigiberica.com\/producto\/543-restaurador-mobel-frisch\/#breadcrumb\",\"itemListElement\":[{\"@type\":\"ListItem\",\"position\":1,\"name\":\"Portada\",\"item\":\"https:\/\/konigiberica.com\/\"},{\"@type\":\"ListItem\",\"position\":2,\"name\":\"Tienda\",\"item\":\"https:\/\/konigiberica.com\/tienda\/\"},{\"@type\":\"ListItem\",\"position\":3,\"name\":\"Restaurador M\u00f6bel-Frisch 543\"}]},{\"@type\":\"WebSite\",\"@id\":\"https:\/\/konigiberica.com\/#website\",\"url\":\"https:\/\/konigiberica.com\/\",\"name\":\"K\u00f6nig. T\u00e9cnicas de reparaci\u00f3n y materiales de superficie\",\"description\":\"K\u00f6nig tiene un nivel inigualable de experiencia en t\u00e9cnicas de reparaci\u00f3n y materiales de superficies.\",\"potentialAction\":[{\"@type\":\"SearchAction\",\"target\":{\"@type\":\"EntryPoint\",\"urlTemplate\":\"https:\/\/konigiberica.com\/?s={search_term_string}\"},\"query-input\":{\"@type\":\"PropertyValueSpecification\",\"valueRequired\":true,\"valueName\":\"search_term_string\"}}],\"inLanguage\":\"en-GB\"}]}<\/script>\n<!-- \/ Yoast SEO plugin. -->","yoast_head_json":{"title":"Restaurador M\u00f6bel-Frisch 543 - K\u00f6nig. T\u00e9cnicas de reparaci\u00f3n y materiales de superficie","robots":{"index":"index","follow":"follow","max-snippet":"max-snippet:-1","max-image-preview":"max-image-preview:large","max-video-preview":"max-video-preview:-1"},"canonical":"https:\/\/konigiberica.com\/en\/product\/543-restaurador-mobel-frisch\/","og_locale":"en_GB","og_type":"article","og_title":"Restaurador M\u00f6bel-Frisch 543 - K\u00f6nig. T\u00e9cnicas de reparaci\u00f3n y materiales de superficie","og_description":"Usos y Proceso  Para eliminar cuidadosamente manchas de agua, alcohol y activar superficies nitrocelul\u00f3sicas en interiores.  Caracter\u00edsticas  Base disolvente. Reactiva la superficie produciendo un ligero efecto brillante.","og_url":"https:\/\/konigiberica.com\/en\/product\/543-restaurador-mobel-frisch\/","og_site_name":"K\u00f6nig. T\u00e9cnicas de reparaci\u00f3n y materiales de superficie","article_modified_time":"2024-05-01T16:16:17+00:00","og_image":[{"width":2000,"height":1333,"url":"https:\/\/konigiberica.com\/wp-content\/uploads\/2023\/12\/JMP@3525.png","type":"image\/png"}],"twitter_card":"summary_large_image","twitter_misc":{"Estimated reading time":"1 minute"},"schema":{"@context":"https:\/\/schema.org","@graph":[{"@type":"WebPage","@id":"https:\/\/konigiberica.com\/producto\/543-restaurador-mobel-frisch\/","url":"https:\/\/konigiberica.com\/producto\/543-restaurador-mobel-frisch\/","name":"Restaurador M\u00f6bel-Frisch 543 - K\u00f6nig. T\u00e9cnicas de reparaci\u00f3n y materiales de superficie","isPartOf":{"@id":"https:\/\/konigiberica.com\/#website"},"primaryImageOfPage":{"@id":"https:\/\/konigiberica.com\/producto\/543-restaurador-mobel-frisch\/#primaryimage"},"image":{"@id":"https:\/\/konigiberica.com\/producto\/543-restaurador-mobel-frisch\/#primaryimage"},"thumbnailUrl":"https:\/\/konigiberica.com\/wp-content\/uploads\/2023\/12\/JMP@3525.png","datePublished":"2023-12-06T13:52:04+00:00","dateModified":"2024-05-01T16:16:17+00:00","breadcrumb":{"@id":"https:\/\/konigiberica.com\/producto\/543-restaurador-mobel-frisch\/#breadcrumb"},"inLanguage":"en-GB","potentialAction":[{"@type":"ReadAction","target":["https:\/\/konigiberica.com\/producto\/543-restaurador-mobel-frisch\/"]}]},{"@type":"ImageObject","inLanguage":"en-GB","@id":"https:\/\/konigiberica.com\/producto\/543-restaurador-mobel-frisch\/#primaryimage","url":"https:\/\/konigiberica.com\/wp-content\/uploads\/2023\/12\/JMP@3525.png","contentUrl":"https:\/\/konigiberica.com\/wp-content\/uploads\/2023\/12\/JMP@3525.png","width":2000,"height":1333},{"@type":"BreadcrumbList","@id":"https:\/\/konigiberica.com\/producto\/543-restaurador-mobel-frisch\/#breadcrumb","itemListElement":[{"@type":"ListItem","position":1,"name":"Portada","item":"https:\/\/konigiberica.com\/"},{"@type":"ListItem","position":2,"name":"Tienda","item":"https:\/\/konigiberica.com\/tienda\/"},{"@type":"ListItem","position":3,"name":"Restaurador M\u00f6bel-Frisch 543"}]},{"@type":"WebSite","@id":"https:\/\/konigiberica.com\/#website","url":"https:\/\/konigiberica.com\/","name":"K\u00f6nig. Repair Techniques and Surface Materials","description":"K\u00f6nig tiene un nivel inigualable de experiencia en t\u00e9cnicas de reparaci\u00f3n y materiales de superficies.","potentialAction":[{"@type":"SearchAction","target":{"@type":"EntryPoint","urlTemplate":"https:\/\/konigiberica.com\/?s={search_term_string}"},"query-input":{"@type":"PropertyValueSpecification","valueRequired":true,"valueName":"search_term_string"}}],"inLanguage":"en-GB"}]}},"_links":{"self":[{"href":"https:\/\/konigiberica.com\/en\/wp-json\/wp\/v2\/product\/737","targetHints":{"allow":["GET"]}}],"collection":[{"href":"https:\/\/konigiberica.com\/en\/wp-json\/wp\/v2\/product"}],"about":[{"href":"https:\/\/konigiberica.com\/en\/wp-json\/wp\/v2\/types\/product"}],"wp:featuredmedia":[{"embeddable":true,"href":"https:\/\/konigiberica.com\/en\/wp-json\/wp\/v2\/media\/2301"}],"wp:attachment":[{"href":"https:\/\/konigiberica.com\/en\/wp-json\/wp\/v2\/media?parent=737"}],"wp:term":[{"taxonomy":"product_brand","embeddable":true,"href":"https:\/\/konigiberica.com\/en\/wp-json\/wp\/v2\/product_brand?post=737"},{"taxonomy":"product_cat","embeddable":true,"href":"https:\/\/konigiberica.com\/en\/wp-json\/wp\/v2\/product_cat?post=737"},{"taxonomy":"product_tag","embeddable":true,"href":"https:\/\/konigiberica.com\/en\/wp-json\/wp\/v2\/product_tag?post=737"}],"curies":[{"name":"wp","href":"https:\/\/api.w.org\/{rel}","templated":true}]}}