{"id":749,"date":"2023-12-06T13:57:49","date_gmt":"2023-12-06T13:57:49","guid":{"rendered":"https:\/\/konigiberica.com\/?post_type=product&#038;p=749"},"modified":"2024-05-03T07:10:29","modified_gmt":"2024-05-03T07:10:29","slug":"163-aplicador-metalico","status":"publish","type":"product","link":"https:\/\/konigiberica.com\/en\/product\/163-aplicador-metalico\/","title":{"rendered":"Aplicador Met\u00e1lico 163"},"content":{"rendered":"","protected":false},"excerpt":{"rendered":"<p>Una herramienta de precisi\u00f3n para el nivelado cuidadoso de todos los materiales de relleno K\u00f6nig. Es tambi\u00e9n una herramienta eficaz para eliminar imperfecciones en acabados. Se consigue un trabajo muy preciso sin da\u00f1ar el \u00e1rea de alrededor. La cuchilla es de alta calidad fabricada en acero cromo vanadio y se puede utilizar por ambos lados.<\/p>","protected":false},"featured_media":1097,"template":"","meta":{"neve_meta_sidebar":"","neve_meta_container":"","neve_meta_enable_content_width":"off","neve_meta_content_width":100,"neve_meta_title_alignment":"","neve_meta_author_avatar":"","neve_post_elements_order":"","neve_meta_disable_header":"","neve_meta_disable_footer":"","neve_meta_disable_title":"","neve_meta_reading_time":""},"product_brand":[],"product_cat":[43],"product_tag":[],"class_list":{"0":"post-749","1":"product","2":"type-product","3":"status-publish","4":"has-post-thumbnail","6":"product_cat-aplicadores-y-espatulas","8":"first","9":"instock","10":"shipping-taxable","11":"product-type-simple"},"yoast_head":"<!-- This site is optimized with the Yoast SEO plugin v26.9 - https:\/\/yoast.com\/product\/yoast-seo-wordpress\/ -->\n<title>Aplicador Met\u00e1lico- konigiberica<\/title>\n<meta name=\"robots\" content=\"index, follow, max-snippet:-1, max-image-preview:large, max-video-preview:-1\" \/>\n<link rel=\"canonical\" href=\"https:\/\/konigiberica.com\/en\/product\/163-aplicador-metalico\/\" \/>\n<meta property=\"og:locale\" content=\"en_GB\" \/>\n<meta property=\"og:type\" content=\"article\" \/>\n<meta property=\"og:title\" content=\"Aplicador Met\u00e1lico- konigiberica\" \/>\n<meta property=\"og:description\" content=\"Una herramienta de precisi\u00f3n para el nivelado cuidadoso de todos los materiales de relleno K\u00f6nig. Es tambi\u00e9n una herramienta eficaz para eliminar imperfecciones en acabados. Se consigue un trabajo muy preciso sin da\u00f1ar el \u00e1rea de alrededor. La cuchilla es de alta calidad fabricada en acero cromo vanadio y se puede utilizar por ambos lados.\" \/>\n<meta property=\"og:url\" content=\"https:\/\/konigiberica.com\/en\/product\/163-aplicador-metalico\/\" \/>\n<meta property=\"og:site_name\" content=\"K\u00f6nig. T\u00e9cnicas de reparaci\u00f3n y materiales de superficie\" \/>\n<meta property=\"article:modified_time\" content=\"2024-05-03T07:10:29+00:00\" \/>\n<meta property=\"og:image\" content=\"https:\/\/konigiberica.com\/wp-content\/uploads\/2023\/12\/4bf629be-1307-4180-8d49-c84505b24456-1.png\" \/>\n\t<meta property=\"og:image:width\" content=\"1024\" \/>\n\t<meta property=\"og:image:height\" content=\"683\" \/>\n\t<meta property=\"og:image:type\" content=\"image\/png\" \/>\n<meta name=\"twitter:card\" content=\"summary_large_image\" \/>\n<meta name=\"twitter:label1\" content=\"Estimated reading time\" \/>\n\t<meta name=\"twitter:data1\" content=\"1 minute\" \/>\n<script type=\"application\/ld+json\" class=\"yoast-schema-graph\">{\"@context\":\"https:\/\/schema.org\",\"@graph\":[{\"@type\":\"WebPage\",\"@id\":\"https:\/\/konigiberica.com\/producto\/163-aplicador-metalico\/\",\"url\":\"https:\/\/konigiberica.com\/producto\/163-aplicador-metalico\/\",\"name\":\"Aplicador Met\u00e1lico- konigiberica\",\"isPartOf\":{\"@id\":\"https:\/\/konigiberica.com\/#website\"},\"primaryImageOfPage\":{\"@id\":\"https:\/\/konigiberica.com\/producto\/163-aplicador-metalico\/#primaryimage\"},\"image\":{\"@id\":\"https:\/\/konigiberica.com\/producto\/163-aplicador-metalico\/#primaryimage\"},\"thumbnailUrl\":\"https:\/\/konigiberica.com\/wp-content\/uploads\/2023\/12\/4bf629be-1307-4180-8d49-c84505b24456-1.png\",\"datePublished\":\"2023-12-06T13:57:49+00:00\",\"dateModified\":\"2024-05-03T07:10:29+00:00\",\"breadcrumb\":{\"@id\":\"https:\/\/konigiberica.com\/producto\/163-aplicador-metalico\/#breadcrumb\"},\"inLanguage\":\"en-GB\",\"potentialAction\":[{\"@type\":\"ReadAction\",\"target\":[\"https:\/\/konigiberica.com\/producto\/163-aplicador-metalico\/\"]}]},{\"@type\":\"ImageObject\",\"inLanguage\":\"en-GB\",\"@id\":\"https:\/\/konigiberica.com\/producto\/163-aplicador-metalico\/#primaryimage\",\"url\":\"https:\/\/konigiberica.com\/wp-content\/uploads\/2023\/12\/4bf629be-1307-4180-8d49-c84505b24456-1.png\",\"contentUrl\":\"https:\/\/konigiberica.com\/wp-content\/uploads\/2023\/12\/4bf629be-1307-4180-8d49-c84505b24456-1.png\",\"width\":1024,\"height\":683},{\"@type\":\"BreadcrumbList\",\"@id\":\"https:\/\/konigiberica.com\/producto\/163-aplicador-metalico\/#breadcrumb\",\"itemListElement\":[{\"@type\":\"ListItem\",\"position\":1,\"name\":\"Portada\",\"item\":\"https:\/\/konigiberica.com\/\"},{\"@type\":\"ListItem\",\"position\":2,\"name\":\"Tienda\",\"item\":\"https:\/\/konigiberica.com\/tienda\/\"},{\"@type\":\"ListItem\",\"position\":3,\"name\":\"Aplicador Met\u00e1lico 163\"}]},{\"@type\":\"WebSite\",\"@id\":\"https:\/\/konigiberica.com\/#website\",\"url\":\"https:\/\/konigiberica.com\/\",\"name\":\"K\u00f6nig. T\u00e9cnicas de reparaci\u00f3n y materiales de superficie\",\"description\":\"K\u00f6nig tiene un nivel inigualable de experiencia en t\u00e9cnicas de reparaci\u00f3n y materiales de superficies.\",\"potentialAction\":[{\"@type\":\"SearchAction\",\"target\":{\"@type\":\"EntryPoint\",\"urlTemplate\":\"https:\/\/konigiberica.com\/?s={search_term_string}\"},\"query-input\":{\"@type\":\"PropertyValueSpecification\",\"valueRequired\":true,\"valueName\":\"search_term_string\"}}],\"inLanguage\":\"en-GB\"}]}<\/script>\n<!-- \/ Yoast SEO plugin. -->","yoast_head_json":{"title":"Aplicador Met\u00e1lico- konigiberica","robots":{"index":"index","follow":"follow","max-snippet":"max-snippet:-1","max-image-preview":"max-image-preview:large","max-video-preview":"max-video-preview:-1"},"canonical":"https:\/\/konigiberica.com\/en\/product\/163-aplicador-metalico\/","og_locale":"en_GB","og_type":"article","og_title":"Aplicador Met\u00e1lico- konigiberica","og_description":"Una herramienta de precisi\u00f3n para el nivelado cuidadoso de todos los materiales de relleno K\u00f6nig. Es tambi\u00e9n una herramienta eficaz para eliminar imperfecciones en acabados. Se consigue un trabajo muy preciso sin da\u00f1ar el \u00e1rea de alrededor. La cuchilla es de alta calidad fabricada en acero cromo vanadio y se puede utilizar por ambos lados.","og_url":"https:\/\/konigiberica.com\/en\/product\/163-aplicador-metalico\/","og_site_name":"K\u00f6nig. T\u00e9cnicas de reparaci\u00f3n y materiales de superficie","article_modified_time":"2024-05-03T07:10:29+00:00","og_image":[{"width":1024,"height":683,"url":"https:\/\/konigiberica.com\/wp-content\/uploads\/2023\/12\/4bf629be-1307-4180-8d49-c84505b24456-1.png","type":"image\/png"}],"twitter_card":"summary_large_image","twitter_misc":{"Estimated reading time":"1 minute"},"schema":{"@context":"https:\/\/schema.org","@graph":[{"@type":"WebPage","@id":"https:\/\/konigiberica.com\/producto\/163-aplicador-metalico\/","url":"https:\/\/konigiberica.com\/producto\/163-aplicador-metalico\/","name":"Aplicador Met\u00e1lico- konigiberica","isPartOf":{"@id":"https:\/\/konigiberica.com\/#website"},"primaryImageOfPage":{"@id":"https:\/\/konigiberica.com\/producto\/163-aplicador-metalico\/#primaryimage"},"image":{"@id":"https:\/\/konigiberica.com\/producto\/163-aplicador-metalico\/#primaryimage"},"thumbnailUrl":"https:\/\/konigiberica.com\/wp-content\/uploads\/2023\/12\/4bf629be-1307-4180-8d49-c84505b24456-1.png","datePublished":"2023-12-06T13:57:49+00:00","dateModified":"2024-05-03T07:10:29+00:00","breadcrumb":{"@id":"https:\/\/konigiberica.com\/producto\/163-aplicador-metalico\/#breadcrumb"},"inLanguage":"en-GB","potentialAction":[{"@type":"ReadAction","target":["https:\/\/konigiberica.com\/producto\/163-aplicador-metalico\/"]}]},{"@type":"ImageObject","inLanguage":"en-GB","@id":"https:\/\/konigiberica.com\/producto\/163-aplicador-metalico\/#primaryimage","url":"https:\/\/konigiberica.com\/wp-content\/uploads\/2023\/12\/4bf629be-1307-4180-8d49-c84505b24456-1.png","contentUrl":"https:\/\/konigiberica.com\/wp-content\/uploads\/2023\/12\/4bf629be-1307-4180-8d49-c84505b24456-1.png","width":1024,"height":683},{"@type":"BreadcrumbList","@id":"https:\/\/konigiberica.com\/producto\/163-aplicador-metalico\/#breadcrumb","itemListElement":[{"@type":"ListItem","position":1,"name":"Portada","item":"https:\/\/konigiberica.com\/"},{"@type":"ListItem","position":2,"name":"Tienda","item":"https:\/\/konigiberica.com\/tienda\/"},{"@type":"ListItem","position":3,"name":"Aplicador Met\u00e1lico 163"}]},{"@type":"WebSite","@id":"https:\/\/konigiberica.com\/#website","url":"https:\/\/konigiberica.com\/","name":"K\u00f6nig. Repair Techniques and Surface Materials","description":"K\u00f6nig tiene un nivel inigualable de experiencia en t\u00e9cnicas de reparaci\u00f3n y materiales de superficies.","potentialAction":[{"@type":"SearchAction","target":{"@type":"EntryPoint","urlTemplate":"https:\/\/konigiberica.com\/?s={search_term_string}"},"query-input":{"@type":"PropertyValueSpecification","valueRequired":true,"valueName":"search_term_string"}}],"inLanguage":"en-GB"}]}},"_links":{"self":[{"href":"https:\/\/konigiberica.com\/en\/wp-json\/wp\/v2\/product\/749","targetHints":{"allow":["GET"]}}],"collection":[{"href":"https:\/\/konigiberica.com\/en\/wp-json\/wp\/v2\/product"}],"about":[{"href":"https:\/\/konigiberica.com\/en\/wp-json\/wp\/v2\/types\/product"}],"wp:featuredmedia":[{"embeddable":true,"href":"https:\/\/konigiberica.com\/en\/wp-json\/wp\/v2\/media\/1097"}],"wp:attachment":[{"href":"https:\/\/konigiberica.com\/en\/wp-json\/wp\/v2\/media?parent=749"}],"wp:term":[{"taxonomy":"product_brand","embeddable":true,"href":"https:\/\/konigiberica.com\/en\/wp-json\/wp\/v2\/product_brand?post=749"},{"taxonomy":"product_cat","embeddable":true,"href":"https:\/\/konigiberica.com\/en\/wp-json\/wp\/v2\/product_cat?post=749"},{"taxonomy":"product_tag","embeddable":true,"href":"https:\/\/konigiberica.com\/en\/wp-json\/wp\/v2\/product_tag?post=749"}],"curies":[{"name":"wp","href":"https:\/\/api.w.org\/{rel}","templated":true}]}}