{"id":751,"date":"2023-12-06T13:58:20","date_gmt":"2023-12-06T13:58:20","guid":{"rendered":"https:\/\/konigiberica.com\/?post_type=product&#038;p=751"},"modified":"2024-05-10T09:25:53","modified_gmt":"2024-05-10T09:25:53","slug":"406-cuchilla-metalica","status":"publish","type":"product","link":"https:\/\/konigiberica.com\/en\/product\/406-cuchilla-metalica\/","title":{"rendered":"Cuchilla Met\u00e1lica 406"},"content":{"rendered":"","protected":false},"excerpt":{"rendered":"<p>Para eliminar los restos de los materiales de relleno K\u00f6nig y de imperfecciones. La hoja est\u00e1 fabricada en acero de alta calidad y tiene unos bordes afilados para su corte. La cuchilla \u00abpeque\u00f1a\u00bb ha sido especialmente dise\u00f1ada para eliminar ara\u00f1azos en zonas de dif\u00edcil acceso como por ejemplo: ventanas de PVC<\/p>","protected":false},"featured_media":1102,"template":"","meta":{"neve_meta_sidebar":"","neve_meta_container":"","neve_meta_enable_content_width":"off","neve_meta_content_width":100,"neve_meta_title_alignment":"","neve_meta_author_avatar":"","neve_post_elements_order":"","neve_meta_disable_header":"","neve_meta_disable_footer":"","neve_meta_disable_title":"","neve_meta_reading_time":""},"product_brand":[],"product_cat":[43],"product_tag":[],"class_list":{"0":"post-751","1":"product","2":"type-product","3":"status-publish","4":"has-post-thumbnail","6":"product_cat-aplicadores-y-espatulas","8":"first","9":"instock","10":"shipping-taxable","11":"product-type-simple"},"yoast_head":"<!-- This site is optimized with the Yoast SEO plugin v26.9 - https:\/\/yoast.com\/product\/yoast-seo-wordpress\/ -->\n<title>Cuchilla Met\u00e1lica 406 - K\u00f6nig. T\u00e9cnicas de reparaci\u00f3n y materiales de superficie<\/title>\n<meta name=\"robots\" content=\"index, follow, max-snippet:-1, max-image-preview:large, max-video-preview:-1\" \/>\n<link rel=\"canonical\" href=\"https:\/\/konigiberica.com\/en\/product\/406-cuchilla-metalica\/\" \/>\n<meta property=\"og:locale\" content=\"en_GB\" \/>\n<meta property=\"og:type\" content=\"article\" \/>\n<meta property=\"og:title\" content=\"Cuchilla Met\u00e1lica 406 - K\u00f6nig. T\u00e9cnicas de reparaci\u00f3n y materiales de superficie\" \/>\n<meta property=\"og:description\" content=\"Para eliminar los restos de los materiales de relleno K\u00f6nig y de imperfecciones. La hoja est\u00e1 fabricada en acero de alta calidad y tiene unos bordes afilados para su corte. La cuchilla &quot;peque\u00f1a&quot; ha sido especialmente dise\u00f1ada para eliminar ara\u00f1azos en zonas de dif\u00edcil acceso como por ejemplo: ventanas de PVC\" \/>\n<meta property=\"og:url\" content=\"https:\/\/konigiberica.com\/en\/product\/406-cuchilla-metalica\/\" \/>\n<meta property=\"og:site_name\" content=\"K\u00f6nig. T\u00e9cnicas de reparaci\u00f3n y materiales de superficie\" \/>\n<meta property=\"article:modified_time\" content=\"2024-05-10T09:25:53+00:00\" \/>\n<meta property=\"og:image\" content=\"https:\/\/konigiberica.com\/wp-content\/uploads\/2023\/12\/8c3fef0e-b9ca-4f9b-bf38-e35d0245bf85.png\" \/>\n\t<meta property=\"og:image:width\" content=\"1024\" \/>\n\t<meta property=\"og:image:height\" content=\"683\" \/>\n\t<meta property=\"og:image:type\" content=\"image\/png\" \/>\n<meta name=\"twitter:card\" content=\"summary_large_image\" \/>\n<meta name=\"twitter:label1\" content=\"Estimated reading time\" \/>\n\t<meta name=\"twitter:data1\" content=\"1 minute\" \/>\n<script type=\"application\/ld+json\" class=\"yoast-schema-graph\">{\"@context\":\"https:\/\/schema.org\",\"@graph\":[{\"@type\":\"WebPage\",\"@id\":\"https:\/\/konigiberica.com\/producto\/406-cuchilla-metalica\/\",\"url\":\"https:\/\/konigiberica.com\/producto\/406-cuchilla-metalica\/\",\"name\":\"Cuchilla Met\u00e1lica 406 - K\u00f6nig. T\u00e9cnicas de reparaci\u00f3n y materiales de superficie\",\"isPartOf\":{\"@id\":\"https:\/\/konigiberica.com\/#website\"},\"primaryImageOfPage\":{\"@id\":\"https:\/\/konigiberica.com\/producto\/406-cuchilla-metalica\/#primaryimage\"},\"image\":{\"@id\":\"https:\/\/konigiberica.com\/producto\/406-cuchilla-metalica\/#primaryimage\"},\"thumbnailUrl\":\"https:\/\/konigiberica.com\/wp-content\/uploads\/2023\/12\/8c3fef0e-b9ca-4f9b-bf38-e35d0245bf85.png\",\"datePublished\":\"2023-12-06T13:58:20+00:00\",\"dateModified\":\"2024-05-10T09:25:53+00:00\",\"breadcrumb\":{\"@id\":\"https:\/\/konigiberica.com\/producto\/406-cuchilla-metalica\/#breadcrumb\"},\"inLanguage\":\"en-GB\",\"potentialAction\":[{\"@type\":\"ReadAction\",\"target\":[\"https:\/\/konigiberica.com\/producto\/406-cuchilla-metalica\/\"]}]},{\"@type\":\"ImageObject\",\"inLanguage\":\"en-GB\",\"@id\":\"https:\/\/konigiberica.com\/producto\/406-cuchilla-metalica\/#primaryimage\",\"url\":\"https:\/\/konigiberica.com\/wp-content\/uploads\/2023\/12\/8c3fef0e-b9ca-4f9b-bf38-e35d0245bf85.png\",\"contentUrl\":\"https:\/\/konigiberica.com\/wp-content\/uploads\/2023\/12\/8c3fef0e-b9ca-4f9b-bf38-e35d0245bf85.png\",\"width\":1024,\"height\":683},{\"@type\":\"BreadcrumbList\",\"@id\":\"https:\/\/konigiberica.com\/producto\/406-cuchilla-metalica\/#breadcrumb\",\"itemListElement\":[{\"@type\":\"ListItem\",\"position\":1,\"name\":\"Portada\",\"item\":\"https:\/\/konigiberica.com\/\"},{\"@type\":\"ListItem\",\"position\":2,\"name\":\"Tienda\",\"item\":\"https:\/\/konigiberica.com\/tienda\/\"},{\"@type\":\"ListItem\",\"position\":3,\"name\":\"Cuchilla Met\u00e1lica 406\"}]},{\"@type\":\"WebSite\",\"@id\":\"https:\/\/konigiberica.com\/#website\",\"url\":\"https:\/\/konigiberica.com\/\",\"name\":\"K\u00f6nig. T\u00e9cnicas de reparaci\u00f3n y materiales de superficie\",\"description\":\"K\u00f6nig tiene un nivel inigualable de experiencia en t\u00e9cnicas de reparaci\u00f3n y materiales de superficies.\",\"potentialAction\":[{\"@type\":\"SearchAction\",\"target\":{\"@type\":\"EntryPoint\",\"urlTemplate\":\"https:\/\/konigiberica.com\/?s={search_term_string}\"},\"query-input\":{\"@type\":\"PropertyValueSpecification\",\"valueRequired\":true,\"valueName\":\"search_term_string\"}}],\"inLanguage\":\"en-GB\"}]}<\/script>\n<!-- \/ Yoast SEO plugin. -->","yoast_head_json":{"title":"Cuchilla Met\u00e1lica 406 - K\u00f6nig. T\u00e9cnicas de reparaci\u00f3n y materiales de superficie","robots":{"index":"index","follow":"follow","max-snippet":"max-snippet:-1","max-image-preview":"max-image-preview:large","max-video-preview":"max-video-preview:-1"},"canonical":"https:\/\/konigiberica.com\/en\/product\/406-cuchilla-metalica\/","og_locale":"en_GB","og_type":"article","og_title":"Cuchilla Met\u00e1lica 406 - K\u00f6nig. T\u00e9cnicas de reparaci\u00f3n y materiales de superficie","og_description":"Para eliminar los restos de los materiales de relleno K\u00f6nig y de imperfecciones. La hoja est\u00e1 fabricada en acero de alta calidad y tiene unos bordes afilados para su corte. La cuchilla \"peque\u00f1a\" ha sido especialmente dise\u00f1ada para eliminar ara\u00f1azos en zonas de dif\u00edcil acceso como por ejemplo: ventanas de PVC","og_url":"https:\/\/konigiberica.com\/en\/product\/406-cuchilla-metalica\/","og_site_name":"K\u00f6nig. T\u00e9cnicas de reparaci\u00f3n y materiales de superficie","article_modified_time":"2024-05-10T09:25:53+00:00","og_image":[{"width":1024,"height":683,"url":"https:\/\/konigiberica.com\/wp-content\/uploads\/2023\/12\/8c3fef0e-b9ca-4f9b-bf38-e35d0245bf85.png","type":"image\/png"}],"twitter_card":"summary_large_image","twitter_misc":{"Estimated reading time":"1 minute"},"schema":{"@context":"https:\/\/schema.org","@graph":[{"@type":"WebPage","@id":"https:\/\/konigiberica.com\/producto\/406-cuchilla-metalica\/","url":"https:\/\/konigiberica.com\/producto\/406-cuchilla-metalica\/","name":"Cuchilla Met\u00e1lica 406 - K\u00f6nig. T\u00e9cnicas de reparaci\u00f3n y materiales de superficie","isPartOf":{"@id":"https:\/\/konigiberica.com\/#website"},"primaryImageOfPage":{"@id":"https:\/\/konigiberica.com\/producto\/406-cuchilla-metalica\/#primaryimage"},"image":{"@id":"https:\/\/konigiberica.com\/producto\/406-cuchilla-metalica\/#primaryimage"},"thumbnailUrl":"https:\/\/konigiberica.com\/wp-content\/uploads\/2023\/12\/8c3fef0e-b9ca-4f9b-bf38-e35d0245bf85.png","datePublished":"2023-12-06T13:58:20+00:00","dateModified":"2024-05-10T09:25:53+00:00","breadcrumb":{"@id":"https:\/\/konigiberica.com\/producto\/406-cuchilla-metalica\/#breadcrumb"},"inLanguage":"en-GB","potentialAction":[{"@type":"ReadAction","target":["https:\/\/konigiberica.com\/producto\/406-cuchilla-metalica\/"]}]},{"@type":"ImageObject","inLanguage":"en-GB","@id":"https:\/\/konigiberica.com\/producto\/406-cuchilla-metalica\/#primaryimage","url":"https:\/\/konigiberica.com\/wp-content\/uploads\/2023\/12\/8c3fef0e-b9ca-4f9b-bf38-e35d0245bf85.png","contentUrl":"https:\/\/konigiberica.com\/wp-content\/uploads\/2023\/12\/8c3fef0e-b9ca-4f9b-bf38-e35d0245bf85.png","width":1024,"height":683},{"@type":"BreadcrumbList","@id":"https:\/\/konigiberica.com\/producto\/406-cuchilla-metalica\/#breadcrumb","itemListElement":[{"@type":"ListItem","position":1,"name":"Portada","item":"https:\/\/konigiberica.com\/"},{"@type":"ListItem","position":2,"name":"Tienda","item":"https:\/\/konigiberica.com\/tienda\/"},{"@type":"ListItem","position":3,"name":"Cuchilla Met\u00e1lica 406"}]},{"@type":"WebSite","@id":"https:\/\/konigiberica.com\/#website","url":"https:\/\/konigiberica.com\/","name":"K\u00f6nig. Repair Techniques and Surface Materials","description":"K\u00f6nig tiene un nivel inigualable de experiencia en t\u00e9cnicas de reparaci\u00f3n y materiales de superficies.","potentialAction":[{"@type":"SearchAction","target":{"@type":"EntryPoint","urlTemplate":"https:\/\/konigiberica.com\/?s={search_term_string}"},"query-input":{"@type":"PropertyValueSpecification","valueRequired":true,"valueName":"search_term_string"}}],"inLanguage":"en-GB"}]}},"_links":{"self":[{"href":"https:\/\/konigiberica.com\/en\/wp-json\/wp\/v2\/product\/751","targetHints":{"allow":["GET"]}}],"collection":[{"href":"https:\/\/konigiberica.com\/en\/wp-json\/wp\/v2\/product"}],"about":[{"href":"https:\/\/konigiberica.com\/en\/wp-json\/wp\/v2\/types\/product"}],"wp:featuredmedia":[{"embeddable":true,"href":"https:\/\/konigiberica.com\/en\/wp-json\/wp\/v2\/media\/1102"}],"wp:attachment":[{"href":"https:\/\/konigiberica.com\/en\/wp-json\/wp\/v2\/media?parent=751"}],"wp:term":[{"taxonomy":"product_brand","embeddable":true,"href":"https:\/\/konigiberica.com\/en\/wp-json\/wp\/v2\/product_brand?post=751"},{"taxonomy":"product_cat","embeddable":true,"href":"https:\/\/konigiberica.com\/en\/wp-json\/wp\/v2\/product_cat?post=751"},{"taxonomy":"product_tag","embeddable":true,"href":"https:\/\/konigiberica.com\/en\/wp-json\/wp\/v2\/product_tag?post=751"}],"curies":[{"name":"wp","href":"https:\/\/api.w.org\/{rel}","templated":true}]}}