{"id":798,"date":"2023-12-06T14:14:29","date_gmt":"2023-12-06T14:14:29","guid":{"rendered":"https:\/\/konigiberica.com\/?post_type=product&#038;p=798"},"modified":"2024-05-03T09:18:03","modified_gmt":"2024-05-03T09:18:03","slug":"lasur-al-aceite","status":"publish","type":"product","link":"https:\/\/konigiberica.com\/en\/product\/lasur-al-aceite\/","title":{"rendered":"Oil Lasur"},"content":{"rendered":"","protected":false},"excerpt":{"rendered":"<p>M\u00e1s del doble de rendimiento, gracias a su alto contenido en aceites \u00a1 ahorra tiempo y dinero! Lasur al Aceite Efecto est\u00e1 recomendado para su aplicaci\u00f3n en cualquier madera de exterior: puertas, ventanas, contraventanas (dimensionalmente estables), s\u00f3tanos, fachada de madera, balcones, tarima de exteriores, p\u00e9rgolas, mobiliario de jard\u00edn y casas de verano (sin estabilidad dimensional).<\/p>","protected":false},"featured_media":801,"template":"","meta":{"neve_meta_sidebar":"","neve_meta_container":"","neve_meta_enable_content_width":"off","neve_meta_content_width":100,"neve_meta_title_alignment":"","neve_meta_author_avatar":"","neve_post_elements_order":"","neve_meta_disable_header":"","neve_meta_disable_footer":"","neve_meta_disable_title":"","neve_meta_reading_time":""},"product_brand":[],"product_cat":[27,29],"product_tag":[],"class_list":{"0":"post-798","1":"product","2":"type-product","3":"status-publish","4":"has-post-thumbnail","6":"product_cat-osmo","7":"product_cat-color-y-proteccion-para-exteriores","9":"first","10":"instock","11":"shipping-taxable","12":"product-type-simple"},"yoast_head":"<!-- This site is optimized with the Yoast SEO plugin v26.9 - https:\/\/yoast.com\/product\/yoast-seo-wordpress\/ -->\n<title>Lasur al Aceite - K\u00f6nig. T\u00e9cnicas de reparaci\u00f3n y materiales de superficie<\/title>\n<meta name=\"robots\" content=\"index, follow, max-snippet:-1, max-image-preview:large, max-video-preview:-1\" \/>\n<link rel=\"canonical\" href=\"https:\/\/konigiberica.com\/en\/product\/lasur-al-aceite\/\" \/>\n<meta property=\"og:locale\" content=\"en_GB\" \/>\n<meta property=\"og:type\" content=\"article\" \/>\n<meta property=\"og:title\" content=\"Lasur al Aceite - K\u00f6nig. T\u00e9cnicas de reparaci\u00f3n y materiales de superficie\" \/>\n<meta property=\"og:description\" content=\"M\u00e1s del doble de rendimiento, gracias a su alto contenido en aceites \u00a1 ahorra tiempo y dinero! Lasur al Aceite Efecto est\u00e1 recomendado para su aplicaci\u00f3n en cualquier madera de exterior: puertas, ventanas, contraventanas (dimensionalmente estables), s\u00f3tanos, fachada de madera, balcones, tarima de exteriores, p\u00e9rgolas, mobiliario de jard\u00edn y casas de verano (sin estabilidad dimensional).\" \/>\n<meta property=\"og:url\" content=\"https:\/\/konigiberica.com\/en\/product\/lasur-al-aceite\/\" \/>\n<meta property=\"og:site_name\" content=\"K\u00f6nig. T\u00e9cnicas de reparaci\u00f3n y materiales de superficie\" \/>\n<meta property=\"article:modified_time\" content=\"2024-05-03T09:18:03+00:00\" \/>\n<meta property=\"og:image\" content=\"https:\/\/konigiberica.com\/wp-content\/uploads\/2023\/12\/csm_pim_file_17096_f2de49f380.webp\" \/>\n\t<meta property=\"og:image:width\" content=\"300\" \/>\n\t<meta property=\"og:image:height\" content=\"300\" \/>\n\t<meta property=\"og:image:type\" content=\"image\/webp\" \/>\n<meta name=\"twitter:card\" content=\"summary_large_image\" \/>\n<meta name=\"twitter:label1\" content=\"Estimated reading time\" \/>\n\t<meta name=\"twitter:data1\" content=\"1 minute\" \/>\n<script type=\"application\/ld+json\" class=\"yoast-schema-graph\">{\"@context\":\"https:\/\/schema.org\",\"@graph\":[{\"@type\":\"WebPage\",\"@id\":\"https:\/\/konigiberica.com\/producto\/lasur-al-aceite\/\",\"url\":\"https:\/\/konigiberica.com\/producto\/lasur-al-aceite\/\",\"name\":\"Lasur al Aceite - K\u00f6nig. T\u00e9cnicas de reparaci\u00f3n y materiales de superficie\",\"isPartOf\":{\"@id\":\"https:\/\/konigiberica.com\/#website\"},\"primaryImageOfPage\":{\"@id\":\"https:\/\/konigiberica.com\/producto\/lasur-al-aceite\/#primaryimage\"},\"image\":{\"@id\":\"https:\/\/konigiberica.com\/producto\/lasur-al-aceite\/#primaryimage\"},\"thumbnailUrl\":\"https:\/\/konigiberica.com\/wp-content\/uploads\/2023\/12\/csm_pim_file_17096_f2de49f380.webp\",\"datePublished\":\"2023-12-06T14:14:29+00:00\",\"dateModified\":\"2024-05-03T09:18:03+00:00\",\"breadcrumb\":{\"@id\":\"https:\/\/konigiberica.com\/producto\/lasur-al-aceite\/#breadcrumb\"},\"inLanguage\":\"en-GB\",\"potentialAction\":[{\"@type\":\"ReadAction\",\"target\":[\"https:\/\/konigiberica.com\/producto\/lasur-al-aceite\/\"]}]},{\"@type\":\"ImageObject\",\"inLanguage\":\"en-GB\",\"@id\":\"https:\/\/konigiberica.com\/producto\/lasur-al-aceite\/#primaryimage\",\"url\":\"https:\/\/konigiberica.com\/wp-content\/uploads\/2023\/12\/csm_pim_file_17096_f2de49f380.webp\",\"contentUrl\":\"https:\/\/konigiberica.com\/wp-content\/uploads\/2023\/12\/csm_pim_file_17096_f2de49f380.webp\",\"width\":300,\"height\":300},{\"@type\":\"BreadcrumbList\",\"@id\":\"https:\/\/konigiberica.com\/producto\/lasur-al-aceite\/#breadcrumb\",\"itemListElement\":[{\"@type\":\"ListItem\",\"position\":1,\"name\":\"Portada\",\"item\":\"https:\/\/konigiberica.com\/\"},{\"@type\":\"ListItem\",\"position\":2,\"name\":\"Tienda\",\"item\":\"https:\/\/konigiberica.com\/tienda\/\"},{\"@type\":\"ListItem\",\"position\":3,\"name\":\"Lasur al Aceite\"}]},{\"@type\":\"WebSite\",\"@id\":\"https:\/\/konigiberica.com\/#website\",\"url\":\"https:\/\/konigiberica.com\/\",\"name\":\"K\u00f6nig. T\u00e9cnicas de reparaci\u00f3n y materiales de superficie\",\"description\":\"K\u00f6nig tiene un nivel inigualable de experiencia en t\u00e9cnicas de reparaci\u00f3n y materiales de superficies.\",\"potentialAction\":[{\"@type\":\"SearchAction\",\"target\":{\"@type\":\"EntryPoint\",\"urlTemplate\":\"https:\/\/konigiberica.com\/?s={search_term_string}\"},\"query-input\":{\"@type\":\"PropertyValueSpecification\",\"valueRequired\":true,\"valueName\":\"search_term_string\"}}],\"inLanguage\":\"en-GB\"}]}<\/script>\n<!-- \/ Yoast SEO plugin. -->","yoast_head_json":{"title":"Lasur al Aceite - K\u00f6nig. T\u00e9cnicas de reparaci\u00f3n y materiales de superficie","robots":{"index":"index","follow":"follow","max-snippet":"max-snippet:-1","max-image-preview":"max-image-preview:large","max-video-preview":"max-video-preview:-1"},"canonical":"https:\/\/konigiberica.com\/en\/product\/lasur-al-aceite\/","og_locale":"en_GB","og_type":"article","og_title":"Lasur al Aceite - K\u00f6nig. T\u00e9cnicas de reparaci\u00f3n y materiales de superficie","og_description":"M\u00e1s del doble de rendimiento, gracias a su alto contenido en aceites \u00a1 ahorra tiempo y dinero! Lasur al Aceite Efecto est\u00e1 recomendado para su aplicaci\u00f3n en cualquier madera de exterior: puertas, ventanas, contraventanas (dimensionalmente estables), s\u00f3tanos, fachada de madera, balcones, tarima de exteriores, p\u00e9rgolas, mobiliario de jard\u00edn y casas de verano (sin estabilidad dimensional).","og_url":"https:\/\/konigiberica.com\/en\/product\/lasur-al-aceite\/","og_site_name":"K\u00f6nig. T\u00e9cnicas de reparaci\u00f3n y materiales de superficie","article_modified_time":"2024-05-03T09:18:03+00:00","og_image":[{"width":300,"height":300,"url":"https:\/\/konigiberica.com\/wp-content\/uploads\/2023\/12\/csm_pim_file_17096_f2de49f380.webp","type":"image\/webp"}],"twitter_card":"summary_large_image","twitter_misc":{"Estimated reading time":"1 minute"},"schema":{"@context":"https:\/\/schema.org","@graph":[{"@type":"WebPage","@id":"https:\/\/konigiberica.com\/producto\/lasur-al-aceite\/","url":"https:\/\/konigiberica.com\/producto\/lasur-al-aceite\/","name":"Lasur al Aceite - K\u00f6nig. T\u00e9cnicas de reparaci\u00f3n y materiales de superficie","isPartOf":{"@id":"https:\/\/konigiberica.com\/#website"},"primaryImageOfPage":{"@id":"https:\/\/konigiberica.com\/producto\/lasur-al-aceite\/#primaryimage"},"image":{"@id":"https:\/\/konigiberica.com\/producto\/lasur-al-aceite\/#primaryimage"},"thumbnailUrl":"https:\/\/konigiberica.com\/wp-content\/uploads\/2023\/12\/csm_pim_file_17096_f2de49f380.webp","datePublished":"2023-12-06T14:14:29+00:00","dateModified":"2024-05-03T09:18:03+00:00","breadcrumb":{"@id":"https:\/\/konigiberica.com\/producto\/lasur-al-aceite\/#breadcrumb"},"inLanguage":"en-GB","potentialAction":[{"@type":"ReadAction","target":["https:\/\/konigiberica.com\/producto\/lasur-al-aceite\/"]}]},{"@type":"ImageObject","inLanguage":"en-GB","@id":"https:\/\/konigiberica.com\/producto\/lasur-al-aceite\/#primaryimage","url":"https:\/\/konigiberica.com\/wp-content\/uploads\/2023\/12\/csm_pim_file_17096_f2de49f380.webp","contentUrl":"https:\/\/konigiberica.com\/wp-content\/uploads\/2023\/12\/csm_pim_file_17096_f2de49f380.webp","width":300,"height":300},{"@type":"BreadcrumbList","@id":"https:\/\/konigiberica.com\/producto\/lasur-al-aceite\/#breadcrumb","itemListElement":[{"@type":"ListItem","position":1,"name":"Portada","item":"https:\/\/konigiberica.com\/"},{"@type":"ListItem","position":2,"name":"Tienda","item":"https:\/\/konigiberica.com\/tienda\/"},{"@type":"ListItem","position":3,"name":"Lasur al Aceite"}]},{"@type":"WebSite","@id":"https:\/\/konigiberica.com\/#website","url":"https:\/\/konigiberica.com\/","name":"K\u00f6nig. Repair Techniques and Surface Materials","description":"K\u00f6nig tiene un nivel inigualable de experiencia en t\u00e9cnicas de reparaci\u00f3n y materiales de superficies.","potentialAction":[{"@type":"SearchAction","target":{"@type":"EntryPoint","urlTemplate":"https:\/\/konigiberica.com\/?s={search_term_string}"},"query-input":{"@type":"PropertyValueSpecification","valueRequired":true,"valueName":"search_term_string"}}],"inLanguage":"en-GB"}]}},"_links":{"self":[{"href":"https:\/\/konigiberica.com\/en\/wp-json\/wp\/v2\/product\/798","targetHints":{"allow":["GET"]}}],"collection":[{"href":"https:\/\/konigiberica.com\/en\/wp-json\/wp\/v2\/product"}],"about":[{"href":"https:\/\/konigiberica.com\/en\/wp-json\/wp\/v2\/types\/product"}],"wp:featuredmedia":[{"embeddable":true,"href":"https:\/\/konigiberica.com\/en\/wp-json\/wp\/v2\/media\/801"}],"wp:attachment":[{"href":"https:\/\/konigiberica.com\/en\/wp-json\/wp\/v2\/media?parent=798"}],"wp:term":[{"taxonomy":"product_brand","embeddable":true,"href":"https:\/\/konigiberica.com\/en\/wp-json\/wp\/v2\/product_brand?post=798"},{"taxonomy":"product_cat","embeddable":true,"href":"https:\/\/konigiberica.com\/en\/wp-json\/wp\/v2\/product_cat?post=798"},{"taxonomy":"product_tag","embeddable":true,"href":"https:\/\/konigiberica.com\/en\/wp-json\/wp\/v2\/product_tag?post=798"}],"curies":[{"name":"wp","href":"https:\/\/api.w.org\/{rel}","templated":true}]}}