{"id":833,"date":"2023-12-06T16:19:22","date_gmt":"2023-12-06T16:19:22","guid":{"rendered":"https:\/\/konigiberica.com\/?post_type=product&#038;p=833"},"modified":"2024-05-01T05:02:56","modified_gmt":"2024-05-01T05:02:56","slug":"8100-masilla-ligera-modolight","status":"publish","type":"product","link":"https:\/\/konigiberica.com\/en\/product\/8100-masilla-ligera-modolight\/","title":{"rendered":"MODOLIGHT &#8211; Masilla Ligera 6015"},"content":{"rendered":"","protected":false},"excerpt":{"rendered":"<p><strong>Uses and Process <\/strong><\/p>\n<p>Es un relleno de pasta en base agua, Formulada con microesferas de vidrio y pl\u00e1stico. Es una masilla adecuada para rellenar desperfectos sobre madera en interiores y exteriores. Tambi\u00e9n es ideal para paredes, hormig\u00f3n, poliestireno y metales.<\/p>\n<p><strong>Characteristics<\/strong><br \/>\nEst\u00e1 especialmente indicado para rellenar grandes irregularidades de hasta 10 cm. Es una masilla de f\u00e1cil y r\u00e1pida aplicaci\u00f3n. Inodora. No gotea, ni se contrae ni tampoco cuartea.<\/p>","protected":false},"featured_media":2369,"template":"","meta":{"neve_meta_sidebar":"","neve_meta_container":"","neve_meta_enable_content_width":"off","neve_meta_content_width":100,"neve_meta_title_alignment":"","neve_meta_author_avatar":"","neve_post_elements_order":"","neve_meta_disable_header":"","neve_meta_disable_footer":"","neve_meta_disable_title":"","neve_meta_reading_time":""},"product_brand":[],"product_cat":[39],"product_tag":[],"class_list":{"0":"post-833","1":"product","2":"type-product","3":"status-publish","4":"has-post-thumbnail","6":"product_cat-masillas-base-agua","8":"first","9":"instock","10":"shipping-taxable","11":"product-type-simple"},"yoast_head":"<!-- This site is optimized with the Yoast SEO plugin v26.9 - https:\/\/yoast.com\/product\/yoast-seo-wordpress\/ -->\n<title>MODOLIGHT - Masilla Ligera 6015 - K\u00f6nig. T\u00e9cnicas de reparaci\u00f3n y materiales de superficie<\/title>\n<meta name=\"robots\" content=\"index, follow, max-snippet:-1, max-image-preview:large, max-video-preview:-1\" \/>\n<link rel=\"canonical\" href=\"https:\/\/konigiberica.com\/en\/product\/8100-masilla-ligera-modolight\/\" \/>\n<meta property=\"og:locale\" content=\"en_GB\" \/>\n<meta property=\"og:type\" content=\"article\" \/>\n<meta property=\"og:title\" content=\"MODOLIGHT - Masilla Ligera 6015 - K\u00f6nig. T\u00e9cnicas de reparaci\u00f3n y materiales de superficie\" \/>\n<meta property=\"og:description\" content=\"Usos y Proceso   Es un relleno de pasta en base agua, Formulada con microesferas de vidrio y pl\u00e1stico. Es una masilla adecuada para rellenar desperfectos sobre madera en interiores y exteriores. Tambi\u00e9n es ideal para paredes, hormig\u00f3n, poliestireno y metales.  Caracter\u00edsticas Est\u00e1 especialmente indicado para rellenar grandes irregularidades de hasta 10 cm. Es una masilla de f\u00e1cil y r\u00e1pida aplicaci\u00f3n. Inodora. No gotea, ni se contrae ni tampoco cuartea.\" \/>\n<meta property=\"og:url\" content=\"https:\/\/konigiberica.com\/en\/product\/8100-masilla-ligera-modolight\/\" \/>\n<meta property=\"og:site_name\" content=\"K\u00f6nig. T\u00e9cnicas de reparaci\u00f3n y materiales de superficie\" \/>\n<meta property=\"article:modified_time\" content=\"2024-05-01T05:02:56+00:00\" \/>\n<meta property=\"og:image\" content=\"https:\/\/konigiberica.com\/wp-content\/uploads\/2023\/12\/JMP@3532.png\" \/>\n\t<meta property=\"og:image:width\" content=\"2000\" \/>\n\t<meta property=\"og:image:height\" content=\"1333\" \/>\n\t<meta property=\"og:image:type\" content=\"image\/png\" \/>\n<meta name=\"twitter:card\" content=\"summary_large_image\" \/>\n<meta name=\"twitter:label1\" content=\"Estimated reading time\" \/>\n\t<meta name=\"twitter:data1\" content=\"1 minute\" \/>\n<script type=\"application\/ld+json\" class=\"yoast-schema-graph\">{\"@context\":\"https:\/\/schema.org\",\"@graph\":[{\"@type\":\"WebPage\",\"@id\":\"https:\/\/konigiberica.com\/producto\/8100-masilla-ligera-modolight\/\",\"url\":\"https:\/\/konigiberica.com\/producto\/8100-masilla-ligera-modolight\/\",\"name\":\"MODOLIGHT - Masilla Ligera 6015 - K\u00f6nig. T\u00e9cnicas de reparaci\u00f3n y materiales de superficie\",\"isPartOf\":{\"@id\":\"https:\/\/konigiberica.com\/#website\"},\"primaryImageOfPage\":{\"@id\":\"https:\/\/konigiberica.com\/producto\/8100-masilla-ligera-modolight\/#primaryimage\"},\"image\":{\"@id\":\"https:\/\/konigiberica.com\/producto\/8100-masilla-ligera-modolight\/#primaryimage\"},\"thumbnailUrl\":\"https:\/\/konigiberica.com\/wp-content\/uploads\/2023\/12\/JMP@3532.png\",\"datePublished\":\"2023-12-06T16:19:22+00:00\",\"dateModified\":\"2024-05-01T05:02:56+00:00\",\"breadcrumb\":{\"@id\":\"https:\/\/konigiberica.com\/producto\/8100-masilla-ligera-modolight\/#breadcrumb\"},\"inLanguage\":\"en-GB\",\"potentialAction\":[{\"@type\":\"ReadAction\",\"target\":[\"https:\/\/konigiberica.com\/producto\/8100-masilla-ligera-modolight\/\"]}]},{\"@type\":\"ImageObject\",\"inLanguage\":\"en-GB\",\"@id\":\"https:\/\/konigiberica.com\/producto\/8100-masilla-ligera-modolight\/#primaryimage\",\"url\":\"https:\/\/konigiberica.com\/wp-content\/uploads\/2023\/12\/JMP@3532.png\",\"contentUrl\":\"https:\/\/konigiberica.com\/wp-content\/uploads\/2023\/12\/JMP@3532.png\",\"width\":2000,\"height\":1333},{\"@type\":\"BreadcrumbList\",\"@id\":\"https:\/\/konigiberica.com\/producto\/8100-masilla-ligera-modolight\/#breadcrumb\",\"itemListElement\":[{\"@type\":\"ListItem\",\"position\":1,\"name\":\"Portada\",\"item\":\"https:\/\/konigiberica.com\/\"},{\"@type\":\"ListItem\",\"position\":2,\"name\":\"Tienda\",\"item\":\"https:\/\/konigiberica.com\/tienda\/\"},{\"@type\":\"ListItem\",\"position\":3,\"name\":\"MODOLIGHT &#8211; Masilla Ligera 6015\"}]},{\"@type\":\"WebSite\",\"@id\":\"https:\/\/konigiberica.com\/#website\",\"url\":\"https:\/\/konigiberica.com\/\",\"name\":\"K\u00f6nig. T\u00e9cnicas de reparaci\u00f3n y materiales de superficie\",\"description\":\"K\u00f6nig tiene un nivel inigualable de experiencia en t\u00e9cnicas de reparaci\u00f3n y materiales de superficies.\",\"potentialAction\":[{\"@type\":\"SearchAction\",\"target\":{\"@type\":\"EntryPoint\",\"urlTemplate\":\"https:\/\/konigiberica.com\/?s={search_term_string}\"},\"query-input\":{\"@type\":\"PropertyValueSpecification\",\"valueRequired\":true,\"valueName\":\"search_term_string\"}}],\"inLanguage\":\"en-GB\"}]}<\/script>\n<!-- \/ Yoast SEO plugin. -->","yoast_head_json":{"title":"MODOLIGHT - Masilla Ligera 6015 - K\u00f6nig. T\u00e9cnicas de reparaci\u00f3n y materiales de superficie","robots":{"index":"index","follow":"follow","max-snippet":"max-snippet:-1","max-image-preview":"max-image-preview:large","max-video-preview":"max-video-preview:-1"},"canonical":"https:\/\/konigiberica.com\/en\/product\/8100-masilla-ligera-modolight\/","og_locale":"en_GB","og_type":"article","og_title":"MODOLIGHT - Masilla Ligera 6015 - K\u00f6nig. T\u00e9cnicas de reparaci\u00f3n y materiales de superficie","og_description":"Usos y Proceso   Es un relleno de pasta en base agua, Formulada con microesferas de vidrio y pl\u00e1stico. Es una masilla adecuada para rellenar desperfectos sobre madera en interiores y exteriores. Tambi\u00e9n es ideal para paredes, hormig\u00f3n, poliestireno y metales.  Caracter\u00edsticas Est\u00e1 especialmente indicado para rellenar grandes irregularidades de hasta 10 cm. Es una masilla de f\u00e1cil y r\u00e1pida aplicaci\u00f3n. Inodora. No gotea, ni se contrae ni tampoco cuartea.","og_url":"https:\/\/konigiberica.com\/en\/product\/8100-masilla-ligera-modolight\/","og_site_name":"K\u00f6nig. T\u00e9cnicas de reparaci\u00f3n y materiales de superficie","article_modified_time":"2024-05-01T05:02:56+00:00","og_image":[{"width":2000,"height":1333,"url":"https:\/\/konigiberica.com\/wp-content\/uploads\/2023\/12\/JMP@3532.png","type":"image\/png"}],"twitter_card":"summary_large_image","twitter_misc":{"Estimated reading time":"1 minute"},"schema":{"@context":"https:\/\/schema.org","@graph":[{"@type":"WebPage","@id":"https:\/\/konigiberica.com\/producto\/8100-masilla-ligera-modolight\/","url":"https:\/\/konigiberica.com\/producto\/8100-masilla-ligera-modolight\/","name":"MODOLIGHT - Masilla Ligera 6015 - K\u00f6nig. T\u00e9cnicas de reparaci\u00f3n y materiales de superficie","isPartOf":{"@id":"https:\/\/konigiberica.com\/#website"},"primaryImageOfPage":{"@id":"https:\/\/konigiberica.com\/producto\/8100-masilla-ligera-modolight\/#primaryimage"},"image":{"@id":"https:\/\/konigiberica.com\/producto\/8100-masilla-ligera-modolight\/#primaryimage"},"thumbnailUrl":"https:\/\/konigiberica.com\/wp-content\/uploads\/2023\/12\/JMP@3532.png","datePublished":"2023-12-06T16:19:22+00:00","dateModified":"2024-05-01T05:02:56+00:00","breadcrumb":{"@id":"https:\/\/konigiberica.com\/producto\/8100-masilla-ligera-modolight\/#breadcrumb"},"inLanguage":"en-GB","potentialAction":[{"@type":"ReadAction","target":["https:\/\/konigiberica.com\/producto\/8100-masilla-ligera-modolight\/"]}]},{"@type":"ImageObject","inLanguage":"en-GB","@id":"https:\/\/konigiberica.com\/producto\/8100-masilla-ligera-modolight\/#primaryimage","url":"https:\/\/konigiberica.com\/wp-content\/uploads\/2023\/12\/JMP@3532.png","contentUrl":"https:\/\/konigiberica.com\/wp-content\/uploads\/2023\/12\/JMP@3532.png","width":2000,"height":1333},{"@type":"BreadcrumbList","@id":"https:\/\/konigiberica.com\/producto\/8100-masilla-ligera-modolight\/#breadcrumb","itemListElement":[{"@type":"ListItem","position":1,"name":"Portada","item":"https:\/\/konigiberica.com\/"},{"@type":"ListItem","position":2,"name":"Tienda","item":"https:\/\/konigiberica.com\/tienda\/"},{"@type":"ListItem","position":3,"name":"MODOLIGHT &#8211; Masilla Ligera 6015"}]},{"@type":"WebSite","@id":"https:\/\/konigiberica.com\/#website","url":"https:\/\/konigiberica.com\/","name":"K\u00f6nig. Repair Techniques and Surface Materials","description":"K\u00f6nig tiene un nivel inigualable de experiencia en t\u00e9cnicas de reparaci\u00f3n y materiales de superficies.","potentialAction":[{"@type":"SearchAction","target":{"@type":"EntryPoint","urlTemplate":"https:\/\/konigiberica.com\/?s={search_term_string}"},"query-input":{"@type":"PropertyValueSpecification","valueRequired":true,"valueName":"search_term_string"}}],"inLanguage":"en-GB"}]}},"_links":{"self":[{"href":"https:\/\/konigiberica.com\/en\/wp-json\/wp\/v2\/product\/833","targetHints":{"allow":["GET"]}}],"collection":[{"href":"https:\/\/konigiberica.com\/en\/wp-json\/wp\/v2\/product"}],"about":[{"href":"https:\/\/konigiberica.com\/en\/wp-json\/wp\/v2\/types\/product"}],"wp:featuredmedia":[{"embeddable":true,"href":"https:\/\/konigiberica.com\/en\/wp-json\/wp\/v2\/media\/2369"}],"wp:attachment":[{"href":"https:\/\/konigiberica.com\/en\/wp-json\/wp\/v2\/media?parent=833"}],"wp:term":[{"taxonomy":"product_brand","embeddable":true,"href":"https:\/\/konigiberica.com\/en\/wp-json\/wp\/v2\/product_brand?post=833"},{"taxonomy":"product_cat","embeddable":true,"href":"https:\/\/konigiberica.com\/en\/wp-json\/wp\/v2\/product_cat?post=833"},{"taxonomy":"product_tag","embeddable":true,"href":"https:\/\/konigiberica.com\/en\/wp-json\/wp\/v2\/product_tag?post=833"}],"curies":[{"name":"wp","href":"https:\/\/api.w.org\/{rel}","templated":true}]}}