{"id":895,"date":"2023-12-06T18:38:29","date_gmt":"2023-12-06T18:38:29","guid":{"rendered":"https:\/\/konigiberica.com\/?post_type=product&#038;p=895"},"modified":"2024-05-02T14:51:52","modified_gmt":"2024-05-02T14:51:52","slug":"403-repairlux-reparacion-piedra","status":"publish","type":"product","link":"https:\/\/konigiberica.com\/en\/product\/403-repairlux-reparacion-piedra\/","title":{"rendered":"RepairLux Reparaci\u00f3n Profesional Piedra Natural y Artificial 403 000"},"content":{"rendered":"","protected":false},"excerpt":{"rendered":"<p>El sistema RepairLux hace uso de las nuevas tecnolog\u00edas y ofrece ventajas sobre otros sistemas comparables: el promotor de adherencia est\u00e1 integrado en los materiales de relleno por lo tanto no es necesaria una imprimaci\u00f3n. No hay ninguna diferencia en el tratamiento del granito y del m\u00e1rmol. Los materiales de relleno de color ya han estado mezclados previamente con materiales de relleno liquidos transparentes, de este modo los puede curar directamente. Los materiales de relleno especiales mica, que tambi\u00e9n pueden ser mezclados con los materiales de relleno de color, producen un efecto brillante en superficies reflectantes. Y finalmente RepairLux ofrece una ventaja en el precio sobre los dem\u00e1s sistemas comparables. Para mayor informaci\u00f3n visite www.repairlux.de<\/p>","protected":false},"featured_media":1412,"template":"","meta":{"neve_meta_sidebar":"","neve_meta_container":"","neve_meta_enable_content_width":"off","neve_meta_content_width":100,"neve_meta_title_alignment":"","neve_meta_author_avatar":"","neve_post_elements_order":"","neve_meta_disable_header":"","neve_meta_disable_footer":"","neve_meta_disable_title":"","neve_meta_reading_time":""},"product_brand":[],"product_cat":[25],"product_tag":[],"class_list":{"0":"post-895","1":"product","2":"type-product","3":"status-publish","4":"has-post-thumbnail","6":"product_cat-maletines-y-kits","8":"first","9":"instock","10":"shipping-taxable","11":"product-type-simple"},"yoast_head":"<!-- This site is optimized with the Yoast SEO plugin v26.9 - https:\/\/yoast.com\/product\/yoast-seo-wordpress\/ -->\n<title>RepairLux Reparaci\u00f3n Profesional Piedra Natural y Artificial 403 000 - K\u00f6nig. T\u00e9cnicas de reparaci\u00f3n y materiales de superficie<\/title>\n<meta name=\"robots\" content=\"index, follow, max-snippet:-1, max-image-preview:large, max-video-preview:-1\" \/>\n<link rel=\"canonical\" href=\"https:\/\/konigiberica.com\/en\/product\/403-repairlux-reparacion-piedra\/\" \/>\n<meta property=\"og:locale\" content=\"en_GB\" \/>\n<meta property=\"og:type\" content=\"article\" \/>\n<meta property=\"og:title\" content=\"RepairLux Reparaci\u00f3n Profesional Piedra Natural y Artificial 403 000 - K\u00f6nig. T\u00e9cnicas de reparaci\u00f3n y materiales de superficie\" \/>\n<meta property=\"og:description\" content=\"El sistema RepairLux hace uso de las nuevas tecnolog\u00edas y ofrece ventajas sobre otros sistemas comparables: el promotor de adherencia est\u00e1 integrado en los materiales de relleno por lo tanto no es necesaria una imprimaci\u00f3n. No hay ninguna diferencia en el tratamiento del granito y del m\u00e1rmol. Los materiales de relleno de color ya han estado mezclados previamente con materiales de relleno liquidos transparentes, de este modo los puede curar directamente. Los materiales de relleno especiales mica, que tambi\u00e9n pueden ser mezclados con los materiales de relleno de color, producen un efecto brillante en superficies reflectantes. Y finalmente RepairLux ofrece una ventaja en el precio sobre los dem\u00e1s sistemas comparables. Para mayor informaci\u00f3n visite www.repairlux.de\" \/>\n<meta property=\"og:url\" content=\"https:\/\/konigiberica.com\/en\/product\/403-repairlux-reparacion-piedra\/\" \/>\n<meta property=\"og:site_name\" content=\"K\u00f6nig. T\u00e9cnicas de reparaci\u00f3n y materiales de superficie\" \/>\n<meta property=\"article:modified_time\" content=\"2024-05-02T14:51:52+00:00\" \/>\n<meta property=\"og:image\" content=\"https:\/\/konigiberica.com\/wp-content\/uploads\/2023\/12\/9267a058-6f0b-4e77-ab31-2b8da0b3ec39-2.png\" \/>\n\t<meta property=\"og:image:width\" content=\"1000\" \/>\n\t<meta property=\"og:image:height\" content=\"600\" \/>\n\t<meta property=\"og:image:type\" content=\"image\/png\" \/>\n<meta name=\"twitter:card\" content=\"summary_large_image\" \/>\n<meta name=\"twitter:label1\" content=\"Estimated reading time\" \/>\n\t<meta name=\"twitter:data1\" content=\"1 minute\" \/>\n<script type=\"application\/ld+json\" class=\"yoast-schema-graph\">{\"@context\":\"https:\/\/schema.org\",\"@graph\":[{\"@type\":\"WebPage\",\"@id\":\"https:\/\/konigiberica.com\/producto\/403-repairlux-reparacion-piedra\/\",\"url\":\"https:\/\/konigiberica.com\/producto\/403-repairlux-reparacion-piedra\/\",\"name\":\"RepairLux Reparaci\u00f3n Profesional Piedra Natural y Artificial 403 000 - K\u00f6nig. T\u00e9cnicas de reparaci\u00f3n y materiales de superficie\",\"isPartOf\":{\"@id\":\"https:\/\/konigiberica.com\/#website\"},\"primaryImageOfPage\":{\"@id\":\"https:\/\/konigiberica.com\/producto\/403-repairlux-reparacion-piedra\/#primaryimage\"},\"image\":{\"@id\":\"https:\/\/konigiberica.com\/producto\/403-repairlux-reparacion-piedra\/#primaryimage\"},\"thumbnailUrl\":\"https:\/\/konigiberica.com\/wp-content\/uploads\/2023\/12\/9267a058-6f0b-4e77-ab31-2b8da0b3ec39-2.png\",\"datePublished\":\"2023-12-06T18:38:29+00:00\",\"dateModified\":\"2024-05-02T14:51:52+00:00\",\"breadcrumb\":{\"@id\":\"https:\/\/konigiberica.com\/producto\/403-repairlux-reparacion-piedra\/#breadcrumb\"},\"inLanguage\":\"en-GB\",\"potentialAction\":[{\"@type\":\"ReadAction\",\"target\":[\"https:\/\/konigiberica.com\/producto\/403-repairlux-reparacion-piedra\/\"]}]},{\"@type\":\"ImageObject\",\"inLanguage\":\"en-GB\",\"@id\":\"https:\/\/konigiberica.com\/producto\/403-repairlux-reparacion-piedra\/#primaryimage\",\"url\":\"https:\/\/konigiberica.com\/wp-content\/uploads\/2023\/12\/9267a058-6f0b-4e77-ab31-2b8da0b3ec39-2.png\",\"contentUrl\":\"https:\/\/konigiberica.com\/wp-content\/uploads\/2023\/12\/9267a058-6f0b-4e77-ab31-2b8da0b3ec39-2.png\",\"width\":1000,\"height\":600},{\"@type\":\"BreadcrumbList\",\"@id\":\"https:\/\/konigiberica.com\/producto\/403-repairlux-reparacion-piedra\/#breadcrumb\",\"itemListElement\":[{\"@type\":\"ListItem\",\"position\":1,\"name\":\"Portada\",\"item\":\"https:\/\/konigiberica.com\/\"},{\"@type\":\"ListItem\",\"position\":2,\"name\":\"Tienda\",\"item\":\"https:\/\/konigiberica.com\/tienda\/\"},{\"@type\":\"ListItem\",\"position\":3,\"name\":\"RepairLux Reparaci\u00f3n Profesional Piedra Natural y Artificial 403 000\"}]},{\"@type\":\"WebSite\",\"@id\":\"https:\/\/konigiberica.com\/#website\",\"url\":\"https:\/\/konigiberica.com\/\",\"name\":\"K\u00f6nig. T\u00e9cnicas de reparaci\u00f3n y materiales de superficie\",\"description\":\"K\u00f6nig tiene un nivel inigualable de experiencia en t\u00e9cnicas de reparaci\u00f3n y materiales de superficies.\",\"potentialAction\":[{\"@type\":\"SearchAction\",\"target\":{\"@type\":\"EntryPoint\",\"urlTemplate\":\"https:\/\/konigiberica.com\/?s={search_term_string}\"},\"query-input\":{\"@type\":\"PropertyValueSpecification\",\"valueRequired\":true,\"valueName\":\"search_term_string\"}}],\"inLanguage\":\"en-GB\"}]}<\/script>\n<!-- \/ Yoast SEO plugin. -->","yoast_head_json":{"title":"RepairLux Reparaci\u00f3n Profesional Piedra Natural y Artificial 403 000 - K\u00f6nig. T\u00e9cnicas de reparaci\u00f3n y materiales de superficie","robots":{"index":"index","follow":"follow","max-snippet":"max-snippet:-1","max-image-preview":"max-image-preview:large","max-video-preview":"max-video-preview:-1"},"canonical":"https:\/\/konigiberica.com\/en\/product\/403-repairlux-reparacion-piedra\/","og_locale":"en_GB","og_type":"article","og_title":"RepairLux Reparaci\u00f3n Profesional Piedra Natural y Artificial 403 000 - K\u00f6nig. T\u00e9cnicas de reparaci\u00f3n y materiales de superficie","og_description":"El sistema RepairLux hace uso de las nuevas tecnolog\u00edas y ofrece ventajas sobre otros sistemas comparables: el promotor de adherencia est\u00e1 integrado en los materiales de relleno por lo tanto no es necesaria una imprimaci\u00f3n. No hay ninguna diferencia en el tratamiento del granito y del m\u00e1rmol. Los materiales de relleno de color ya han estado mezclados previamente con materiales de relleno liquidos transparentes, de este modo los puede curar directamente. Los materiales de relleno especiales mica, que tambi\u00e9n pueden ser mezclados con los materiales de relleno de color, producen un efecto brillante en superficies reflectantes. Y finalmente RepairLux ofrece una ventaja en el precio sobre los dem\u00e1s sistemas comparables. Para mayor informaci\u00f3n visite www.repairlux.de","og_url":"https:\/\/konigiberica.com\/en\/product\/403-repairlux-reparacion-piedra\/","og_site_name":"K\u00f6nig. T\u00e9cnicas de reparaci\u00f3n y materiales de superficie","article_modified_time":"2024-05-02T14:51:52+00:00","og_image":[{"width":1000,"height":600,"url":"https:\/\/konigiberica.com\/wp-content\/uploads\/2023\/12\/9267a058-6f0b-4e77-ab31-2b8da0b3ec39-2.png","type":"image\/png"}],"twitter_card":"summary_large_image","twitter_misc":{"Estimated reading time":"1 minute"},"schema":{"@context":"https:\/\/schema.org","@graph":[{"@type":"WebPage","@id":"https:\/\/konigiberica.com\/producto\/403-repairlux-reparacion-piedra\/","url":"https:\/\/konigiberica.com\/producto\/403-repairlux-reparacion-piedra\/","name":"RepairLux Reparaci\u00f3n Profesional Piedra Natural y Artificial 403 000 - K\u00f6nig. T\u00e9cnicas de reparaci\u00f3n y materiales de superficie","isPartOf":{"@id":"https:\/\/konigiberica.com\/#website"},"primaryImageOfPage":{"@id":"https:\/\/konigiberica.com\/producto\/403-repairlux-reparacion-piedra\/#primaryimage"},"image":{"@id":"https:\/\/konigiberica.com\/producto\/403-repairlux-reparacion-piedra\/#primaryimage"},"thumbnailUrl":"https:\/\/konigiberica.com\/wp-content\/uploads\/2023\/12\/9267a058-6f0b-4e77-ab31-2b8da0b3ec39-2.png","datePublished":"2023-12-06T18:38:29+00:00","dateModified":"2024-05-02T14:51:52+00:00","breadcrumb":{"@id":"https:\/\/konigiberica.com\/producto\/403-repairlux-reparacion-piedra\/#breadcrumb"},"inLanguage":"en-GB","potentialAction":[{"@type":"ReadAction","target":["https:\/\/konigiberica.com\/producto\/403-repairlux-reparacion-piedra\/"]}]},{"@type":"ImageObject","inLanguage":"en-GB","@id":"https:\/\/konigiberica.com\/producto\/403-repairlux-reparacion-piedra\/#primaryimage","url":"https:\/\/konigiberica.com\/wp-content\/uploads\/2023\/12\/9267a058-6f0b-4e77-ab31-2b8da0b3ec39-2.png","contentUrl":"https:\/\/konigiberica.com\/wp-content\/uploads\/2023\/12\/9267a058-6f0b-4e77-ab31-2b8da0b3ec39-2.png","width":1000,"height":600},{"@type":"BreadcrumbList","@id":"https:\/\/konigiberica.com\/producto\/403-repairlux-reparacion-piedra\/#breadcrumb","itemListElement":[{"@type":"ListItem","position":1,"name":"Portada","item":"https:\/\/konigiberica.com\/"},{"@type":"ListItem","position":2,"name":"Tienda","item":"https:\/\/konigiberica.com\/tienda\/"},{"@type":"ListItem","position":3,"name":"RepairLux Reparaci\u00f3n Profesional Piedra Natural y Artificial 403 000"}]},{"@type":"WebSite","@id":"https:\/\/konigiberica.com\/#website","url":"https:\/\/konigiberica.com\/","name":"K\u00f6nig. Repair Techniques and Surface Materials","description":"K\u00f6nig tiene un nivel inigualable de experiencia en t\u00e9cnicas de reparaci\u00f3n y materiales de superficies.","potentialAction":[{"@type":"SearchAction","target":{"@type":"EntryPoint","urlTemplate":"https:\/\/konigiberica.com\/?s={search_term_string}"},"query-input":{"@type":"PropertyValueSpecification","valueRequired":true,"valueName":"search_term_string"}}],"inLanguage":"en-GB"}]}},"_links":{"self":[{"href":"https:\/\/konigiberica.com\/en\/wp-json\/wp\/v2\/product\/895","targetHints":{"allow":["GET"]}}],"collection":[{"href":"https:\/\/konigiberica.com\/en\/wp-json\/wp\/v2\/product"}],"about":[{"href":"https:\/\/konigiberica.com\/en\/wp-json\/wp\/v2\/types\/product"}],"wp:featuredmedia":[{"embeddable":true,"href":"https:\/\/konigiberica.com\/en\/wp-json\/wp\/v2\/media\/1412"}],"wp:attachment":[{"href":"https:\/\/konigiberica.com\/en\/wp-json\/wp\/v2\/media?parent=895"}],"wp:term":[{"taxonomy":"product_brand","embeddable":true,"href":"https:\/\/konigiberica.com\/en\/wp-json\/wp\/v2\/product_brand?post=895"},{"taxonomy":"product_cat","embeddable":true,"href":"https:\/\/konigiberica.com\/en\/wp-json\/wp\/v2\/product_cat?post=895"},{"taxonomy":"product_tag","embeddable":true,"href":"https:\/\/konigiberica.com\/en\/wp-json\/wp\/v2\/product_tag?post=895"}],"curies":[{"name":"wp","href":"https:\/\/api.w.org\/{rel}","templated":true}]}}